{"id":4703,"date":"2021-09-24T14:03:48","date_gmt":"2021-09-24T14:03:49","guid":{"rendered":"https:\/\/eccocivi.com\/?post_type=product&#038;p=4703"},"modified":"2026-02-26T11:09:00","modified_gmt":"2026-02-26T10:09:00","slug":"can-noves-blanc-2020","status":"publish","type":"product","link":"https:\/\/eccocivi.com\/es\/producto\/can-noves-blanc-2020\/","title":{"rendered":"Can Noves Blanc 2024"},"content":{"rendered":"<p><span style=\"color: #b80f0f;\"><strong>ECCOCIVI <\/strong><\/span>es una bodega comprometida a trabajar de forma sostenible y luchar contra el cambio clim\u00e1tico. Por esta raz\u00f3n hemos apostado por obtener y mantener la <strong>certificaci\u00f3n Cero CO2<\/strong>.<\/p>\n<p><strong>Can Noves Blanc<\/strong>\u00a0es un vino blanco de un color dorado claro y con reflejos verdosos.Se perciben aromas de fruta de hueso (como melocot\u00f3n), c\u00edtricos y algunas notas a hinojo y manzanilla.<\/p>\n<p>En la boca es fresco y de paso sedoso. Se encuentran sabores a fruta de hueso, c\u00edtricos y almendra verde. Destaca por una buena acidez, mineralidad y un postgusto largo.<\/p>\n","protected":false},"excerpt":{"rendered":"<div class=\"wpb_column vc_column_container vc_col-sm-6\">\n<div class=\"vc_column-inner vc_custom_1516106614353\">\n<div class=\"wpb_wrapper\">\n<div class=\"wpb_text_column wpb_content_element vc_custom_1522253092894\">\n<div class=\"wpb_wrapper\">\n<p><strong>Variedades:\u00a0<\/strong>Garnacha Blanca<\/p>\n<p><strong>Tipo de vino: <\/strong>Blanco, 9 meses en barrica<\/p>\n<p><strong>Formato:\u00a0<\/strong>75 cl<\/p>\n<p><strong>Maridaje: <\/strong>Pescado y marisco, salm\u00f3n ahumado, risottos, foie, quesos cremosos<\/p>\n<p><strong>Grado alcoh\u00f3lico:\u00a0<\/strong>14% vol. alc.<\/p>\n<p>&nbsp;<\/p>\n<\/div>\n<\/div>\n<\/div>\n<\/div>\n<\/div>\n<div class=\"wpb_column vc_column_container vc_col-sm-6\">\n<div class=\"vc_column-inner vc_custom_1516106545498\">\n<div class=\"wpb_wrapper\">\n<div class=\"wpb_text_column wpb_content_element vc_custom_1522253068324\">\n<div class=\"wpb_wrapper\">\n<p>&nbsp;<\/p>\n<\/div>\n<\/div>\n<\/div>\n<\/div>\n<\/div>\n","protected":false},"featured_media":5175,"comment_status":"closed","ping_status":"closed","template":"","meta":[],"product_brand":[],"product_cat":[64],"product_tag":[],"class_list":{"0":"post-4703","1":"product","2":"type-product","3":"status-publish","4":"has-post-thumbnail","6":"product_cat-can-noves-es","8":"first","9":"instock","10":"purchasable","11":"product-type-simple"},"jetpack_sharing_enabled":true,"_links":{"self":[{"href":"https:\/\/eccocivi.com\/es\/wp-json\/wp\/v2\/product\/4703","targetHints":{"allow":["GET"]}}],"collection":[{"href":"https:\/\/eccocivi.com\/es\/wp-json\/wp\/v2\/product"}],"about":[{"href":"https:\/\/eccocivi.com\/es\/wp-json\/wp\/v2\/types\/product"}],"replies":[{"embeddable":true,"href":"https:\/\/eccocivi.com\/es\/wp-json\/wp\/v2\/comments?post=4703"}],"wp:featuredmedia":[{"embeddable":true,"href":"https:\/\/eccocivi.com\/es\/wp-json\/wp\/v2\/media\/5175"}],"wp:attachment":[{"href":"https:\/\/eccocivi.com\/es\/wp-json\/wp\/v2\/media?parent=4703"}],"wp:term":[{"taxonomy":"product_brand","embeddable":true,"href":"https:\/\/eccocivi.com\/es\/wp-json\/wp\/v2\/product_brand?post=4703"},{"taxonomy":"product_cat","embeddable":true,"href":"https:\/\/eccocivi.com\/es\/wp-json\/wp\/v2\/product_cat?post=4703"},{"taxonomy":"product_tag","embeddable":true,"href":"https:\/\/eccocivi.com\/es\/wp-json\/wp\/v2\/product_tag?post=4703"}],"curies":[{"name":"wp","href":"https:\/\/api.w.org\/{rel}","templated":true}]}}