{"id":4559,"date":"2021-07-13T16:14:07","date_gmt":"2021-07-13T16:14:07","guid":{"rendered":"https:\/\/eccocivi.com\/?post_type=product&#038;p=4559"},"modified":"2026-04-07T16:23:18","modified_gmt":"2026-04-07T14:23:18","slug":"montrodo-blanc-2021","status":"publish","type":"product","link":"https:\/\/eccocivi.com\/es\/producto\/montrodo-blanc-2021\/","title":{"rendered":"Montrod\u00f3 Blanc 2025"},"content":{"rendered":"<p><span style=\"color: #b80f0f;\"><strong>ECCOCIVI<\/strong><\/span> \u00e9s un celler comprom\u00e8s a treballar de forma sostenible i lluitar contra el canvi clim\u00e0tic.<\/p>\n<p><strong>Montrod\u00f3 Blanc <\/strong>\u00e9s un vi blanc daurat, n\u00edtid i brillant, amb reflexos verdosos. En nas destaca la seva aroma intensa a fruita blanca (xirimoia), fruita d\u2019os (pr\u00e9ssec blanc), i algunes notes c\u00edtriques i de poma. Podem percebre subtils notes d\u2019herbes arom\u00e0tiques mediterr\u00e0nies (farigola llimonera, fonoll).<\/p>\n<p>L&#8217;entrada en boca es es fresca, amplia, equilibrada i amb volum. Es percep molta fruita banca (mel\u00f3), i fruita d\u2019os (pr\u00e9ssec blanc). T\u00e9 molt bona acidesa i destaca per una persist\u00e8ncia molt agradable al paladar.<\/p>\n","protected":false},"excerpt":{"rendered":"<div class=\"wpb_column vc_column_container vc_col-sm-6\">\n<div class=\"vc_column-inner vc_custom_1516106614353\">\n<div class=\"wpb_wrapper\">\n<div class=\"wpb_text_column wpb_content_element vc_custom_1522253092894\">\n<div class=\"wpb_wrapper\">\n<p><strong>Varietats: <\/strong>Chardonnay, Garnatxa Blanca, Xarel\u00b7lo i Viognier<\/p>\n<p><strong>Tipus de vi:\u00a0<\/strong>Blanc<\/p>\n<p><strong>Format:\u00a0<\/strong>75 cl<\/p>\n<p><strong>Maridatge: <\/strong>Arrossos de mar, marisc i peix, suquet de peix, pastes, carns blanques i gastronomia oriental<\/p>\n<p><strong>Grau alcoh\u00f2lic: <\/strong>13% vol.<\/p>\n<\/div>\n<\/div>\n<\/div>\n<\/div>\n<\/div>\n","protected":false},"featured_media":5164,"comment_status":"closed","ping_status":"closed","template":"","meta":[],"product_brand":[],"product_cat":[57],"product_tag":[],"class_list":{"0":"post-4559","1":"product","2":"type-product","3":"status-publish","4":"has-post-thumbnail","6":"product_cat-montrodo","8":"first","9":"instock","10":"purchasable","11":"product-type-simple"},"jetpack_sharing_enabled":true,"_links":{"self":[{"href":"https:\/\/eccocivi.com\/es\/wp-json\/wp\/v2\/product\/4559","targetHints":{"allow":["GET"]}}],"collection":[{"href":"https:\/\/eccocivi.com\/es\/wp-json\/wp\/v2\/product"}],"about":[{"href":"https:\/\/eccocivi.com\/es\/wp-json\/wp\/v2\/types\/product"}],"replies":[{"embeddable":true,"href":"https:\/\/eccocivi.com\/es\/wp-json\/wp\/v2\/comments?post=4559"}],"wp:featuredmedia":[{"embeddable":true,"href":"https:\/\/eccocivi.com\/es\/wp-json\/wp\/v2\/media\/5164"}],"wp:attachment":[{"href":"https:\/\/eccocivi.com\/es\/wp-json\/wp\/v2\/media?parent=4559"}],"wp:term":[{"taxonomy":"product_brand","embeddable":true,"href":"https:\/\/eccocivi.com\/es\/wp-json\/wp\/v2\/product_brand?post=4559"},{"taxonomy":"product_cat","embeddable":true,"href":"https:\/\/eccocivi.com\/es\/wp-json\/wp\/v2\/product_cat?post=4559"},{"taxonomy":"product_tag","embeddable":true,"href":"https:\/\/eccocivi.com\/es\/wp-json\/wp\/v2\/product_tag?post=4559"}],"curies":[{"name":"wp","href":"https:\/\/api.w.org\/{rel}","templated":true}]}}