{"id":4354,"date":"2021-04-16T09:49:50","date_gmt":"2021-04-16T09:49:52","guid":{"rendered":"https:\/\/eccocivi.com\/?post_type=product&#038;p=4354"},"modified":"2026-02-26T11:10:04","modified_gmt":"2026-02-26T10:10:04","slug":"montrodo-rosat-2022","status":"publish","type":"product","link":"https:\/\/eccocivi.com\/es\/producto\/montrodo-rosat-2022\/","title":{"rendered":"Montrod\u00f3 Rosat 2024"},"content":{"rendered":"<p><span style=\"color: #b80f0f;\"><strong>ECCOCIVI <\/strong><\/span>es una bodega comprometida a trabajar de forma sostenible y luchar contra el cambio clim\u00e1tico.<\/p>\n<p><strong>Montrod\u00f3 Rosat <\/strong>\u00a0es un vino rosado elegante, de un color salm\u00f3n p\u00e1lido, claro y brillante. En nariz es fresco, con notas c\u00edtricas, aromas de fresas silvestres y delicadas notas florales a violetas.<\/p>\n<p>En boca es amplio, sabroso y persistente. Evoca fresas silvestres y frutas de hueso, como los n\u00edsperos. Tiene muy buena acidez y un postgusto largo e intenso.<\/p>\n","protected":false},"excerpt":{"rendered":"<div class=\"wpb_column vc_column_container vc_col-sm-6\">\n<div class=\"vc_column-inner vc_custom_1516106614353\">\n<div class=\"wpb_wrapper\">\n<div class=\"wpb_text_column wpb_content_element vc_custom_1522253092894\">\n<div class=\"wpb_wrapper\">\n<p><strong>Variedades:<\/strong> Petit Verdot,\u00a0 Garnacha Negra y Merlot<\/p>\n<p><strong>Tipo de vino:\u00a0<\/strong>Rosado<\/p>\n<p><strong>Formato:\u00a0<\/strong>75 cl<\/p>\n<p><strong>Maridaje: <\/strong>Fideu\u00e0, carnes blancas, quesos, paellas, pescado azul,\u00a0 pastas, verduras salteadas<\/p>\n<p><strong>Grado alcoh\u00f3lico:<\/strong> 13% vol.<\/p>\n<p>&nbsp;<\/p>\n<\/div>\n<\/div>\n<\/div>\n<\/div>\n<\/div>\n<div class=\"wpb_column vc_column_container vc_col-sm-6\">\n<div class=\"vc_column-inner vc_custom_1516106545498\">\n<div class=\"wpb_wrapper\">\n<div class=\"wpb_text_column wpb_content_element vc_custom_1522253068324\">\n<div class=\"wpb_wrapper\">\n<p>&nbsp;<\/p>\n<\/div>\n<\/div>\n<\/div>\n<\/div>\n<\/div>\n","protected":false},"featured_media":5169,"comment_status":"closed","ping_status":"closed","template":"","meta":[],"product_brand":[],"product_cat":[60],"product_tag":[],"class_list":{"0":"post-4354","1":"product","2":"type-product","3":"status-publish","4":"has-post-thumbnail","6":"product_cat-montrodo-es","8":"first","9":"instock","10":"purchasable","11":"product-type-simple"},"jetpack_sharing_enabled":true,"_links":{"self":[{"href":"https:\/\/eccocivi.com\/es\/wp-json\/wp\/v2\/product\/4354","targetHints":{"allow":["GET"]}}],"collection":[{"href":"https:\/\/eccocivi.com\/es\/wp-json\/wp\/v2\/product"}],"about":[{"href":"https:\/\/eccocivi.com\/es\/wp-json\/wp\/v2\/types\/product"}],"replies":[{"embeddable":true,"href":"https:\/\/eccocivi.com\/es\/wp-json\/wp\/v2\/comments?post=4354"}],"wp:featuredmedia":[{"embeddable":true,"href":"https:\/\/eccocivi.com\/es\/wp-json\/wp\/v2\/media\/5169"}],"wp:attachment":[{"href":"https:\/\/eccocivi.com\/es\/wp-json\/wp\/v2\/media?parent=4354"}],"wp:term":[{"taxonomy":"product_brand","embeddable":true,"href":"https:\/\/eccocivi.com\/es\/wp-json\/wp\/v2\/product_brand?post=4354"},{"taxonomy":"product_cat","embeddable":true,"href":"https:\/\/eccocivi.com\/es\/wp-json\/wp\/v2\/product_cat?post=4354"},{"taxonomy":"product_tag","embeddable":true,"href":"https:\/\/eccocivi.com\/es\/wp-json\/wp\/v2\/product_tag?post=4354"}],"curies":[{"name":"wp","href":"https:\/\/api.w.org\/{rel}","templated":true}]}}