{"id":4009,"date":"2020-11-27T08:14:38","date_gmt":"2020-11-27T08:14:38","guid":{"rendered":"https:\/\/eccocivi.com\/?post_type=product&#038;p=4009"},"modified":"2025-11-24T12:32:30","modified_gmt":"2025-11-24T11:32:30","slug":"can-noves-negre-2018","status":"publish","type":"product","link":"https:\/\/eccocivi.com\/es\/producto\/can-noves-negre-2018\/","title":{"rendered":"Can Noves Negre 2020"},"content":{"rendered":"<p><strong><span style=\"color: #b80f0f;\">ECCOCIVI <\/span><\/strong>es una bodega comprometida a trabajar de forma sostenible y luchar contra el cambio clim\u00e1tico. Por esta raz\u00f3n hemos apostado por obtener y mantener la <strong>certificaci\u00f3n Cero CO2<\/strong>.<\/p>\n<p><strong>Can Noves Negre<\/strong>\u00a0es un vino tinto de color cereza con el ribete de rub\u00ed brillante. En nariz es intenso, especiado, aromas bals\u00e1micas, cedro y mentolado, y frutas del bosque como grosellas negras y moras.<\/p>\n<p>En boca es afrutado y fresco, de paso sedoso, con taninos dulces y elegantes, dejando un postgusto largo.<\/p>\n","protected":false},"excerpt":{"rendered":"<div class=\"wpb_column vc_column_container vc_col-sm-6\">\n<div class=\"vc_column-inner vc_custom_1516106614353\">\n<div class=\"wpb_wrapper\">\n<div class=\"wpb_text_column wpb_content_element vc_custom_1516870100539\">\n<div class=\"wpb_wrapper\">\n<p><strong>Variedades:<\/strong> Cabernet Franc, Merlot y Cabernet Sauvignon<\/p>\n<p><strong>Tipo de vino:\u00a0<\/strong>Tinto, 12 meses en barrica<\/p>\n<p><strong>Formato:\u00a0<\/strong>75 cl<\/p>\n<p><strong>Maridaje:<\/strong>\u00a0Carnes a la brasa\/plancha o guisadas, escalibada, carnes de caza, risottos, quesos curados<\/p>\n<p><strong>Grado alcoh\u00f3lico:<\/strong> 14,5% vol.<\/p>\n<p>&nbsp;<\/p>\n<\/div>\n<\/div>\n<\/div>\n<\/div>\n<\/div>\n","protected":false},"featured_media":5172,"comment_status":"closed","ping_status":"closed","template":"","meta":[],"product_brand":[],"product_cat":[64],"product_tag":[],"class_list":{"0":"post-4009","1":"product","2":"type-product","3":"status-publish","4":"has-post-thumbnail","6":"product_cat-can-noves-es","8":"first","9":"instock","10":"purchasable","11":"product-type-simple"},"jetpack_sharing_enabled":true,"_links":{"self":[{"href":"https:\/\/eccocivi.com\/es\/wp-json\/wp\/v2\/product\/4009","targetHints":{"allow":["GET"]}}],"collection":[{"href":"https:\/\/eccocivi.com\/es\/wp-json\/wp\/v2\/product"}],"about":[{"href":"https:\/\/eccocivi.com\/es\/wp-json\/wp\/v2\/types\/product"}],"replies":[{"embeddable":true,"href":"https:\/\/eccocivi.com\/es\/wp-json\/wp\/v2\/comments?post=4009"}],"wp:featuredmedia":[{"embeddable":true,"href":"https:\/\/eccocivi.com\/es\/wp-json\/wp\/v2\/media\/5172"}],"wp:attachment":[{"href":"https:\/\/eccocivi.com\/es\/wp-json\/wp\/v2\/media?parent=4009"}],"wp:term":[{"taxonomy":"product_brand","embeddable":true,"href":"https:\/\/eccocivi.com\/es\/wp-json\/wp\/v2\/product_brand?post=4009"},{"taxonomy":"product_cat","embeddable":true,"href":"https:\/\/eccocivi.com\/es\/wp-json\/wp\/v2\/product_cat?post=4009"},{"taxonomy":"product_tag","embeddable":true,"href":"https:\/\/eccocivi.com\/es\/wp-json\/wp\/v2\/product_tag?post=4009"}],"curies":[{"name":"wp","href":"https:\/\/api.w.org\/{rel}","templated":true}]}}