{"id":2975,"date":"2020-04-23T15:18:03","date_gmt":"2020-04-23T15:18:03","guid":{"rendered":"http:\/\/eccocivi.com\/?post_type=product&#038;p=2975"},"modified":"2020-07-07T15:43:18","modified_gmt":"2020-07-07T15:43:18","slug":"vi-naturalment-dolc","status":"publish","type":"product","link":"https:\/\/eccocivi.com\/es\/producto\/vi-naturalment-dolc\/","title":{"rendered":"Vi Naturalment Dol\u00e7 Ca l&#8217;Elsa"},"content":{"rendered":"<div class=\"wpb-content-wrapper\"><div class=\"wpb_text_column wpb_content_element \">\n<div class=\"wpb_wrapper\">\n<div class=\"wpb_text_column wpb_content_element \">\n<div class=\"wpb_wrapper\">\n<p><span style=\"color: #b80f0f;\"><strong>ECCOCIVI <\/strong><\/span>es una bodega comprometida a trabajar de forma sostenible y luchar contra el cambio clim\u00e1tico. Por esta raz\u00f3n hemos apostado por obtener y mantener la <strong>certificaci\u00f3n Cero CO2<\/strong>.<\/p>\n<\/div>\n<\/div>\n<div class=\"vc_row wpb_row vc_inner vc_row-fluid vc_custom_1516105613209\">\n<div class=\"wpb_column vc_column_container vc_col-sm-4\">\n<div class=\"vc_column-inner \">\n<div class=\"wpb_wrapper\">\n<div class=\"wpb_text_column wpb_content_element \">\n<div class=\"wpb_wrapper\">\n<p><strong>Vi Naturalment Dol\u00e7<\/strong> <strong>Ca l\u2019Elsa<\/strong> es un vino dulce de un color \u00e1mbar, n\u00edtido y brillante. En nariz es generoso con notas de fruta muy madura como lichi, higos y albaricoque, licorosas de brandy y florales de rosas.<\/p>\n<p>En boca es sedoso y voluminoso. Se pueden encontrar sabores de lichi, pan de higos, orejones y notas c\u00edtricas. Destaca por su buena acidez, haciendo del conjunto un vino complejo y con un post gusto largo.<\/p>\n<\/div>\n<\/div>\n<\/div>\n<\/div>\n<\/div>\n<\/div>\n<\/div>\n<\/div>\n<\/div>","protected":false},"excerpt":{"rendered":"<div class=\"wpb_column vc_column_container vc_col-sm-6\">\n<div class=\"vc_column-inner vc_custom_1516106614353\">\n<div class=\"wpb_wrapper\">\n<div class=\"wpb_text_column wpb_content_element vc_custom_1576506453730\">\n<div class=\"wpb_wrapper\">\n<p><strong>Variedades:\u00a0<\/strong>Petit Manseng<\/p>\n<p><strong>Tipo de vino:\u00a0<\/strong>Dulce, crianza en Solera<\/p>\n<p><strong>Formato: <\/strong>50 cl<\/p>\n<p><strong>Maridaje: <\/strong>Reposter\u00eda, dulces, frutos secos, foie, quesos<\/p>\n<p><strong>Grado alcoh\u00f3lico:<\/strong>\u00a016,5% vol.<\/p>\n<p><img loading=\"lazy\" decoding=\"async\" class=\"size-full wp-image-3266 alignleft\" src=\"https:\/\/eccocivi.com\/wp-content\/uploads\/2020\/06\/Eccocivi-CeroCO2_2019-petit-1.jpg\" alt=\"\" width=\"100\" height=\"48\" srcset=\"https:\/\/eccocivi.com\/wp-content\/uploads\/2020\/06\/Eccocivi-CeroCO2_2019-petit-1.jpg 100w, https:\/\/eccocivi.com\/wp-content\/uploads\/2020\/06\/Eccocivi-CeroCO2_2019-petit-1-50x24.jpg 50w\" sizes=\"auto, (max-width:767px) 100px, 100px\" \/><\/p>\n<\/div>\n<\/div>\n<\/div>\n<\/div>\n<\/div>\n<div class=\"wpb_column vc_column_container vc_col-sm-6\">\n<div class=\"vc_column-inner vc_custom_1516106545498\">\n<div class=\"wpb_wrapper\">\n<div class=\"wpb_text_column wpb_content_element vc_custom_1522253068324\">\n<div class=\"wpb_wrapper\">\n<p>&nbsp;<\/p>\n<\/div>\n<\/div>\n<\/div>\n<\/div>\n<\/div>\n","protected":false},"featured_media":5536,"comment_status":"closed","ping_status":"closed","template":"","meta":[],"product_brand":[],"product_cat":[62],"product_tag":[],"class_list":{"0":"post-2975","1":"product","2":"type-product","3":"status-publish","4":"has-post-thumbnail","6":"product_cat-ca-lelsa-es","8":"first","9":"instock","10":"purchasable","11":"product-type-simple"},"jetpack_sharing_enabled":true,"_links":{"self":[{"href":"https:\/\/eccocivi.com\/es\/wp-json\/wp\/v2\/product\/2975","targetHints":{"allow":["GET"]}}],"collection":[{"href":"https:\/\/eccocivi.com\/es\/wp-json\/wp\/v2\/product"}],"about":[{"href":"https:\/\/eccocivi.com\/es\/wp-json\/wp\/v2\/types\/product"}],"replies":[{"embeddable":true,"href":"https:\/\/eccocivi.com\/es\/wp-json\/wp\/v2\/comments?post=2975"}],"wp:featuredmedia":[{"embeddable":true,"href":"https:\/\/eccocivi.com\/es\/wp-json\/wp\/v2\/media\/5536"}],"wp:attachment":[{"href":"https:\/\/eccocivi.com\/es\/wp-json\/wp\/v2\/media?parent=2975"}],"wp:term":[{"taxonomy":"product_brand","embeddable":true,"href":"https:\/\/eccocivi.com\/es\/wp-json\/wp\/v2\/product_brand?post=2975"},{"taxonomy":"product_cat","embeddable":true,"href":"https:\/\/eccocivi.com\/es\/wp-json\/wp\/v2\/product_cat?post=2975"},{"taxonomy":"product_tag","embeddable":true,"href":"https:\/\/eccocivi.com\/es\/wp-json\/wp\/v2\/product_tag?post=2975"}],"curies":[{"name":"wp","href":"https:\/\/api.w.org\/{rel}","templated":true}]}}