{"id":2953,"date":"2020-04-23T15:07:00","date_gmt":"2020-04-23T15:07:00","guid":{"rendered":"http:\/\/eccocivi.com\/?post_type=product&#038;p=2953"},"modified":"2023-10-10T09:07:19","modified_gmt":"2023-10-10T09:07:19","slug":"ca-lelsa-2014-copia","status":"publish","type":"product","link":"https:\/\/eccocivi.com\/es\/producto\/ca-lelsa-2014-copia\/","title":{"rendered":"Ca l&#8217;Elsa 2016"},"content":{"rendered":"<p><span style=\"color: #b80f0f;\"><strong>ECCOCIVI <\/strong><\/span>es una bodega comprometida a trabajar de forma sostenible y luchar contra el cambio clim\u00e1tico. Por esta raz\u00f3n hemos apostado por obtener y mantener la <strong>certificaci\u00f3n Cero CO2<\/strong>.<\/p>\n<p><strong>Ca l&#8217;Elsa 2016<\/strong> es un vino de color rojo intenso, capa media, con un ribete color viol\u00e1ceo. Aroma intenso a fruta negra madura, como mora y grosella negra, con toques de regaliz y cacao y un fondo bals\u00e1mico mentolado.<\/p>\n<p>En boca se presenta fresco, amplio, carnosos y con volumen. Nos recuerda a fruta negra madura como grosellas y cerezas en licor. Los taninos est\u00e1n presentes y son dulces con paso agradable y de final largo y persistente.<\/p>\n","protected":false},"excerpt":{"rendered":"<div class=\"wpb_column vc_column_container vc_col-sm-6\">\n<div class=\"vc_column-inner vc_custom_1516106614353\">\n<div class=\"wpb_wrapper\">\n<div class=\"wpb_text_column wpb_content_element vc_custom_1516870100539\">\n<div class=\"wpb_wrapper\">\n<p><strong>Variadades:<\/strong> Cabernet Sauvignon y Cabernet Franc<\/p>\n<p><strong>Tipo de vino:\u00a0<\/strong>Tinto, 22 meses en barrica<\/p>\n<p><strong>Formato:\u00a0<\/strong>75 cl<\/p>\n<p><strong>Maridaje:<\/strong> Caza mayor, estofados, guisados, embutidos ib\u00e9ricos, chocolate negro<\/p>\n<p><strong>Grado alcoh\u00f3lico:<\/strong> 15% vol.<\/p>\n<p><img loading=\"lazy\" decoding=\"async\" class=\"size-full wp-image-3266 alignleft\" src=\"https:\/\/eccocivi.com\/wp-content\/uploads\/2020\/06\/Eccocivi-CeroCO2_2019-petit-1.jpg\" alt=\"\" width=\"100\" height=\"48\" srcset=\"https:\/\/eccocivi.com\/wp-content\/uploads\/2020\/06\/Eccocivi-CeroCO2_2019-petit-1.jpg 100w, https:\/\/eccocivi.com\/wp-content\/uploads\/2020\/06\/Eccocivi-CeroCO2_2019-petit-1-50x24.jpg 50w\" sizes=\"auto, (max-width:767px) 100px, 100px\" \/><\/p>\n<\/div>\n<\/div>\n<\/div>\n<\/div>\n<\/div>\n<div class=\"wpb_column vc_column_container vc_col-sm-6\">\n<div class=\"vc_column-inner vc_custom_1516106545498\">\n<div class=\"wpb_wrapper\">\n<div class=\"wpb_text_column wpb_content_element vc_custom_1522253068324\">\n<div class=\"wpb_wrapper\">\n<p>&nbsp;<\/p>\n<\/div>\n<\/div>\n<\/div>\n<\/div>\n<\/div>\n","protected":false},"featured_media":5181,"comment_status":"closed","ping_status":"closed","template":"","meta":[],"product_brand":[],"product_cat":[62],"product_tag":[],"class_list":{"0":"post-2953","1":"product","2":"type-product","3":"status-publish","4":"has-post-thumbnail","6":"product_cat-ca-lelsa-es","8":"first","9":"instock","10":"purchasable","11":"product-type-simple"},"jetpack_sharing_enabled":true,"_links":{"self":[{"href":"https:\/\/eccocivi.com\/es\/wp-json\/wp\/v2\/product\/2953","targetHints":{"allow":["GET"]}}],"collection":[{"href":"https:\/\/eccocivi.com\/es\/wp-json\/wp\/v2\/product"}],"about":[{"href":"https:\/\/eccocivi.com\/es\/wp-json\/wp\/v2\/types\/product"}],"replies":[{"embeddable":true,"href":"https:\/\/eccocivi.com\/es\/wp-json\/wp\/v2\/comments?post=2953"}],"wp:featuredmedia":[{"embeddable":true,"href":"https:\/\/eccocivi.com\/es\/wp-json\/wp\/v2\/media\/5181"}],"wp:attachment":[{"href":"https:\/\/eccocivi.com\/es\/wp-json\/wp\/v2\/media?parent=2953"}],"wp:term":[{"taxonomy":"product_brand","embeddable":true,"href":"https:\/\/eccocivi.com\/es\/wp-json\/wp\/v2\/product_brand?post=2953"},{"taxonomy":"product_cat","embeddable":true,"href":"https:\/\/eccocivi.com\/es\/wp-json\/wp\/v2\/product_cat?post=2953"},{"taxonomy":"product_tag","embeddable":true,"href":"https:\/\/eccocivi.com\/es\/wp-json\/wp\/v2\/product_tag?post=2953"}],"curies":[{"name":"wp","href":"https:\/\/api.w.org\/{rel}","templated":true}]}}