{"id":2870,"date":"2020-04-22T16:13:47","date_gmt":"2020-04-22T16:13:47","guid":{"rendered":"http:\/\/eccocivi.com\/?post_type=product&#038;p=2870"},"modified":"2025-05-16T14:38:26","modified_gmt":"2025-05-16T12:38:26","slug":"ca-lelsa-2014","status":"publish","type":"product","link":"https:\/\/eccocivi.com\/es\/producto\/ca-lelsa-2014\/","title":{"rendered":"Ca l\u2019Elsa 2019"},"content":{"rendered":"<div class=\"wpb-content-wrapper\"><div class=\"wpb_text_column wpb_content_element \">\n<div class=\"wpb_wrapper\"><\/div>\n<\/div>\n<div class=\"vc_row wpb_row vc_inner vc_row-fluid vc_custom_1516105613209\">\n<div class=\"wpb_column vc_column_container vc_col-sm-4\">\n<div class=\"vc_column-inner \">\n<div class=\"wpb_wrapper\">\n<div class=\"wpb_text_column wpb_content_element \">\n<div class=\"wpb_wrapper\">\n<p><span style=\"color: #b80f0f;\"><strong>ECCOCIVI <\/strong><\/span>es una bodega comprometida a trabajar de forma sostenible y luchar contra el cambio clim\u00e1tico. Por esta raz\u00f3n hemos apostado por obtener y mantener la <strong>certificaci\u00f3n Cero CO2<\/strong>.<\/p>\n<p><strong>Ca l\u2019Elsa 2019<\/strong> es un vino de color rojo intenso, de capa alta, y con un ribete color rub\u00ed brillante. Tiene un aroma intenso a frutas del bosque, mora, cereza, confitura fresca, con toques de regaliz con un fondo bals\u00e1mico.<\/p>\n<p>En boca se presenta amplio, carnoso, con volumen, los taninos presentes y dulces lo hacen de paso agradable y de final largo y persistente.<\/p>\n<\/div>\n<\/div>\n<\/div>\n<\/div>\n<\/div>\n<\/div>\n<\/div>","protected":false},"excerpt":{"rendered":"<div class=\"wpb_column vc_column_container vc_col-sm-6\">\n<div class=\"vc_column-inner vc_custom_1516106614353\">\n<div class=\"wpb_wrapper\">\n<div class=\"wpb_text_column wpb_content_element vc_custom_1516870100539\">\n<div class=\"wpb_wrapper\">\n<p><strong>Variedades:<\/strong> Cabernet Sauvignon y Cabernet Franc<\/p>\n<p><strong>Tipo de vino: <\/strong>Tinto, 14 meses en barrica<\/p>\n<p><strong>Formato:\u00a0<\/strong>75 cl<\/p>\n<p><strong>Maridaje: <\/strong>Caza mayor, estofados, guisados, ib\u00e9ricos, chocolate negro<\/p>\n<p><strong>Grado alcoh\u00f3lico<\/strong>: 15% vol.<\/p>\n<p><img loading=\"lazy\" decoding=\"async\" class=\"size-full wp-image-3266 alignleft\" src=\"https:\/\/eccocivi.com\/wp-content\/uploads\/2020\/06\/Eccocivi-CeroCO2_2019-petit-1.jpg\" alt=\"\" width=\"100\" height=\"48\" srcset=\"https:\/\/eccocivi.com\/wp-content\/uploads\/2020\/06\/Eccocivi-CeroCO2_2019-petit-1.jpg 100w, https:\/\/eccocivi.com\/wp-content\/uploads\/2020\/06\/Eccocivi-CeroCO2_2019-petit-1-50x24.jpg 50w\" sizes=\"auto, (max-width:767px) 100px, 100px\" \/><\/p>\n<\/div>\n<\/div>\n<\/div>\n<\/div>\n<\/div>\n<div class=\"wpb_column vc_column_container vc_col-sm-6\">\n<div class=\"vc_column-inner vc_custom_1516106545498\">\n<div class=\"wpb_wrapper\">\n<div class=\"wpb_text_column wpb_content_element vc_custom_1522253068324\">\n<div class=\"wpb_wrapper\">\n<p>&nbsp;<\/p>\n<\/div>\n<\/div>\n<\/div>\n<\/div>\n<\/div>\n","protected":false},"featured_media":5178,"comment_status":"closed","ping_status":"closed","template":"","meta":[],"product_brand":[],"product_cat":[62],"product_tag":[],"class_list":{"0":"post-2870","1":"product","2":"type-product","3":"status-publish","4":"has-post-thumbnail","6":"product_cat-ca-lelsa-es","8":"first","9":"instock","10":"purchasable","11":"product-type-simple"},"jetpack_sharing_enabled":true,"_links":{"self":[{"href":"https:\/\/eccocivi.com\/es\/wp-json\/wp\/v2\/product\/2870","targetHints":{"allow":["GET"]}}],"collection":[{"href":"https:\/\/eccocivi.com\/es\/wp-json\/wp\/v2\/product"}],"about":[{"href":"https:\/\/eccocivi.com\/es\/wp-json\/wp\/v2\/types\/product"}],"replies":[{"embeddable":true,"href":"https:\/\/eccocivi.com\/es\/wp-json\/wp\/v2\/comments?post=2870"}],"wp:featuredmedia":[{"embeddable":true,"href":"https:\/\/eccocivi.com\/es\/wp-json\/wp\/v2\/media\/5178"}],"wp:attachment":[{"href":"https:\/\/eccocivi.com\/es\/wp-json\/wp\/v2\/media?parent=2870"}],"wp:term":[{"taxonomy":"product_brand","embeddable":true,"href":"https:\/\/eccocivi.com\/es\/wp-json\/wp\/v2\/product_brand?post=2870"},{"taxonomy":"product_cat","embeddable":true,"href":"https:\/\/eccocivi.com\/es\/wp-json\/wp\/v2\/product_cat?post=2870"},{"taxonomy":"product_tag","embeddable":true,"href":"https:\/\/eccocivi.com\/es\/wp-json\/wp\/v2\/product_tag?post=2870"}],"curies":[{"name":"wp","href":"https:\/\/api.w.org\/{rel}","templated":true}]}}