{"id":2273,"date":"2019-12-16T14:18:23","date_gmt":"2019-12-16T14:18:23","guid":{"rendered":"http:\/\/eccocivi.com\/?page_id=2273"},"modified":"2024-07-04T07:36:03","modified_gmt":"2024-07-04T07:36:03","slug":"can-noves-blanc-2022","status":"publish","type":"page","link":"https:\/\/eccocivi.com\/es\/los-vinos-2\/can-noves-blanc-2022\/","title":{"rendered":"Can Noves Blanc"},"content":{"rendered":"<div class=\"wpb-content-wrapper\"><p>[vc_row full_width=\u00bbstretch_row_content_no_spaces\u00bb parallax=\u00bbcontent-moving-fade\u00bb parallax_image=\u00bb154&#8243; parallax_speed_bg=\u00bb3&#8243; css=\u00bb.vc_custom_1516107187320{padding-top: 70px !important;padding-bottom: 70px !important;}\u00bb][vc_column][\/vc_column][\/vc_row][vc_row][vc_column width=\u00bb1\/3&#8243;][vc_column_text]<a href=\"\/?page_id=1253\"><em><strong>&lt; Can Noves Negre<\/strong><\/em><\/a>[\/vc_column_text][vc_single_image image=\u00bb5268&#8243; img_size=\u00bbfull\u00bb alignment=\u00bbcenter\u00bb css_animation=\u00bbslideInLeft\u00bb][\/vc_column][vc_column width=\u00bb2\/3&#8243;][vc_column_text]<\/p>\n<p style=\"text-align: right;\"><em><strong><a href=\"\/?page_id=1263\">Montrod\u00f3 Blanc &gt;<\/a><\/strong><\/em><\/p>\n<h1><span style=\"color: #c4281d;\">Can Noves Blanc\u00a0<\/span><\/h1>\n<p>&nbsp;<\/p>\n<p>[\/vc_column_text][vc_column_text]<\/p>\n<h5 style=\"font-size: 18px; padding-bottom: 10px;\">Vino blanco de viticultura sostenible en el <strong>Espacio de Inter\u00e9s Natural de les Gavarres<\/strong> en Sant Mart\u00ed Vell, cultivado en la <strong>Finca Can Noves<\/strong> en suelo de pizarra y cantos rodados.<\/h5>\n<p>[\/vc_column_text][vc_row_inner css=\u00bb.vc_custom_1516105613209{margin-bottom: 10px !important;}\u00bb][vc_column_inner width=\u00bb1\/3&#8243;][vc_column_text]<\/p>\n<h5 style=\"font-size: 20px; color: #c4281d;\">Notas de cata<\/h5>\n<p>Vino blanco limpio y brillante con un color dorado claro y con reflejos verdosos.<\/p>\n<p>Se perciben aromas de fruta de hueso (como melocot\u00f3n), c\u00edtricos y algunas notas a hinojo y manzanilla.<\/p>\n<p>En la boca es fresco y de paso sedoso. Se encuentran sabores a fruta de hueso, c\u00edtricos y almendra verde. Destaca por una buena acidez, mineralidad y un postgusto largo.[\/vc_column_text][\/vc_column_inner][vc_column_inner width=\u00bb2\/3&#8243;][vc_column_text]<\/p>\n<h5 style=\"font-size: 20px; color: #c4281d;\">Vinificaci\u00f3n<\/h5>\n<p>La vendimia se hace manualmente en cajas de 15 kg para mantener la integridad de la uva. La uva se transporta r\u00e1pidamente a la bodega donde una vez despalillada se hace una breve maceraci\u00f3n pelicular.<\/p>\n<p>El mosto flor obtenido por gravedad se fermentar\u00e1 entre 15-17\u00baC en dep\u00f3sitos de acero inoxidable.<\/p>\n<p style=\"text-align: left;\">El vino acabar\u00e1 la fermentaci\u00f3n en botas de 600L de roble franc\u00e9s y se mantendr\u00e1 sobre sus l\u00edas en una crianza de 9 meses, realizando un trabajo semanal de \u201cbattonage\u201d.<\/p>\n<p>[\/vc_column_text][\/vc_column_inner][\/vc_row_inner][vc_row_inner css=\u00bb.vc_custom_1516106557961{background-color: #f2f2f2 !important;}\u00bb][vc_column_inner width=\u00bb1\/2&#8243; css=\u00bb.vc_custom_1516106614353{padding-top: 10px !important;padding-bottom: 10px !important;}\u00bb][vc_column_text css=\u00bb.vc_custom_1576080944286{margin-bottom: 0px !important;}\u00bb]<strong>Origen:<\/strong> Vino de Les Gavarres (Sant Mart\u00ed Vell &#8211; Girona)<\/p>\n<p><strong>Variedades: <\/strong>Garnacha Blanca y Xarel\u00b7lo<\/p>\n<p><strong>Vendimia:\u00a0<\/strong>Septiembre[\/vc_column_text][\/vc_column_inner][vc_column_inner width=\u00bb1\/2&#8243; css=\u00bb.vc_custom_1516106545498{padding-top: 10px !important;padding-bottom: 10px !important;}\u00bb][vc_column_text css=\u00bb.vc_custom_1611057523326{margin-bottom: 0px !important;}\u00bb]<strong>Maridaje: <\/strong>Pescado y marisco, salm\u00f3n ahumado, risottos, foie, quesos cremosos<\/p>\n<p><strong>T\u00aa de servicio: <\/strong>10 &#8211; 12\u00baC<\/p>\n<div class=\"page\" title=\"Page 2\">\n<div class=\"section\">\n<div class=\"layoutArea\">\n<div class=\"column\">\n<p><strong>Grado alcoh\u00f3lico:\u00a0<\/strong>14% vol.<\/p>\n<\/div>\n<\/div>\n<\/div>\n<\/div>\n<p>[\/vc_column_text][\/vc_column_inner][\/vc_row_inner][vc_column_text]<\/p>\n<p style=\"text-align: center;\"><em><strong>&gt; <a href=\"https:\/\/eccocivi.com\/wp-content\/uploads\/2023\/07\/Eccocivi_Can_Noves_Blanc_CAST-1.pdf\">Ver \/ Descargar ficha<\/a><\/strong><\/em><\/p>\n<p>[\/vc_column_text][vc_column_text]<strong>Premios:\u00a0<\/strong><\/p>\n<p><img loading=\"lazy\" decoding=\"async\" class=\"alignnone wp-image-3704 \" src=\"https:\/\/eccocivi.com\/wp-content\/uploads\/2020\/10\/Eccocivi-Can-Noves-Blanc-2018-Decanter-SILVER-2020-1.png\" alt=\"\" width=\"469\" height=\"100\" srcset=\"https:\/\/eccocivi.com\/wp-content\/uploads\/2020\/10\/Eccocivi-Can-Noves-Blanc-2018-Decanter-SILVER-2020-1.png 722w, https:\/\/eccocivi.com\/wp-content\/uploads\/2020\/10\/Eccocivi-Can-Noves-Blanc-2018-Decanter-SILVER-2020-1-300x64.png 300w, https:\/\/eccocivi.com\/wp-content\/uploads\/2020\/10\/Eccocivi-Can-Noves-Blanc-2018-Decanter-SILVER-2020-1-260x55.png 260w, https:\/\/eccocivi.com\/wp-content\/uploads\/2020\/10\/Eccocivi-Can-Noves-Blanc-2018-Decanter-SILVER-2020-1-50x11.png 50w, https:\/\/eccocivi.com\/wp-content\/uploads\/2020\/10\/Eccocivi-Can-Noves-Blanc-2018-Decanter-SILVER-2020-1-150x32.png 150w, https:\/\/eccocivi.com\/wp-content\/uploads\/2020\/10\/Eccocivi-Can-Noves-Blanc-2018-Decanter-SILVER-2020-1-330x70.png 330w\" sizes=\"auto, (max-width:767px) 469px, 469px\" \/>[\/vc_column_text][\/vc_column][\/vc_row]<\/p>\n<\/div>","protected":false},"excerpt":{"rendered":"<p>[vc_row full_width=\u00bbstretch_row_content_no_spaces\u00bb parallax=\u00bbcontent-moving-fade\u00bb parallax_image=\u00bb154&#8243; parallax_speed_bg=\u00bb3&#8243; css=\u00bb.vc_custom_1516107187320{padding-top: 70px !important;padding-bottom: 70px !important;}\u00bb][vc_column][\/vc_column][\/vc_row][vc_row][vc_column width=\u00bb1\/3&#8243;][vc_column_text]&lt; Can Noves Negre[\/vc_column_text][vc_single_image image=\u00bb5268&#8243; img_size=\u00bbfull\u00bb alignment=\u00bbcenter\u00bb css_animation=\u00bbslideInLeft\u00bb][\/vc_column][vc_column width=\u00bb2\/3&#8243;][vc_column_text] Montrod\u00f3 Blanc &gt; Can Noves Blanc\u00a0 &nbsp;<span class=\"excerpt-hellip\"> [\u2026]<\/span><\/p>\n","protected":false},"author":1,"featured_media":0,"parent":1212,"menu_order":0,"comment_status":"closed","ping_status":"closed","template":"","meta":{"footnotes":""},"class_list":["post-2273","page","type-page","status-publish","hentry"],"jetpack_sharing_enabled":true,"_links":{"self":[{"href":"https:\/\/eccocivi.com\/es\/wp-json\/wp\/v2\/pages\/2273","targetHints":{"allow":["GET"]}}],"collection":[{"href":"https:\/\/eccocivi.com\/es\/wp-json\/wp\/v2\/pages"}],"about":[{"href":"https:\/\/eccocivi.com\/es\/wp-json\/wp\/v2\/types\/page"}],"author":[{"embeddable":true,"href":"https:\/\/eccocivi.com\/es\/wp-json\/wp\/v2\/users\/1"}],"replies":[{"embeddable":true,"href":"https:\/\/eccocivi.com\/es\/wp-json\/wp\/v2\/comments?post=2273"}],"version-history":[{"count":0,"href":"https:\/\/eccocivi.com\/es\/wp-json\/wp\/v2\/pages\/2273\/revisions"}],"up":[{"embeddable":true,"href":"https:\/\/eccocivi.com\/es\/wp-json\/wp\/v2\/pages\/1212"}],"wp:attachment":[{"href":"https:\/\/eccocivi.com\/es\/wp-json\/wp\/v2\/media?parent=2273"}],"curies":[{"name":"wp","href":"https:\/\/api.w.org\/{rel}","templated":true}]}}