{"id":1297,"date":"2018-06-14T14:40:03","date_gmt":"2018-06-14T14:40:03","guid":{"rendered":"http:\/\/eccocivi.com\/?page_id=1297"},"modified":"2018-06-14T14:40:03","modified_gmt":"2018-06-14T14:40:03","slug":"politica-de-cookies","status":"publish","type":"page","link":"https:\/\/eccocivi.com\/es\/politica-de-cookies\/","title":{"rendered":"Pol\u00edtica de cookies"},"content":{"rendered":"<div class=\"wpb-content-wrapper\"><p>[vc_row][vc_column][vc_column_text]<\/p>\n<h1><span style=\"color: #c4281d;\">Informaci\u00f3n relativa al uso de cookies<\/span><\/h1>\n<p>[\/vc_column_text][\/vc_column][\/vc_row][vc_row][vc_column][vc_column_text]<\/p>\n<p class=\"western\" lang=\"ca-ES\" align=\"justify\"><span style=\"font-family: Arial, serif;\"><span lang=\"es-ES\">El presente sitio web, utiliza \u00abcookies\u00bb propias y de terceros para mejorar la funcionalidad del sitio y favorecer la navegaci\u00f3n por el mismo. A continuaci\u00f3n, se detalla la informaci\u00f3n relativa a las mismas, en los t\u00e9rminos previstos en la Ley 34\/2002 de 11 de julio y posteriores modificaciones, en concreto la prevista por el Real Decreto Ley 13\/2012 de 30 de marzo.<\/span><\/span><\/p>\n<p class=\"western\" lang=\"ca-ES\" align=\"justify\"><span style=\"font-family: Arial, serif;\"><span lang=\"es-ES\"><b>\u00bfQu\u00e9 son las cookies?<\/b><\/span><\/span><\/p>\n<p class=\"western\" lang=\"ca-ES\" align=\"justify\"><span style=\"font-family: Arial, serif;\"><span lang=\"es-ES\">Las cookies constituyen una herramienta empleada por los servidores web para almacenar y recuperar informaci\u00f3n sobre sus visitantes. Se trata de un identificador \u00fanico en forma de fichero de texto que algunos servidores remiten al dispositivo del usuario, que permite grabar la actuaci\u00f3n del usuario por la p\u00e1gina web, permitiendo de este modo mejorar la calidad en el servicio, y la seguridad del sitio web. Las cookies poseen una fecha de caducidad, que puede oscilar desde un m\u00ednimo equiparable a la duraci\u00f3n de la sesi\u00f3n, hasta una fecha futura y determinada a partir de la cual dejaran de ser operativas. <\/span><\/span><\/p>\n<p class=\"western\" lang=\"ca-ES\" align=\"justify\"><span style=\"font-family: Arial, serif;\"><span lang=\"es-ES\"><b>\u00bfPor qu\u00e9 son importantes?<\/b><\/span><\/span><\/p>\n<p class=\"western\" lang=\"ca-ES\" align=\"justify\"><span style=\"font-family: Arial, serif;\"><span lang=\"es-ES\">Su importancia reside en varios motivos que a continuaci\u00f3n se resumen de manera enunciativa y no exhaustiva:<\/span><\/span><\/p>\n<ul>\n<li>\n<p lang=\"ca-ES\" align=\"justify\"><span style=\"font-family: Arial, serif;\"><span lang=\"es-ES\">Permiten agilizar el funcionamiento de la p\u00e1gina.<\/span><\/span><\/p>\n<\/li>\n<li>\n<p lang=\"ca-ES\" align=\"justify\"><span style=\"font-family: Arial, serif;\"><span lang=\"es-ES\">Mejora la adaptabilidad de la p\u00e1gina web a las preferencias del usuario, por ejemplo al almacenar su idioma. <\/span><\/span><\/p>\n<\/li>\n<li>\n<p lang=\"ca-ES\" align=\"justify\"><span style=\"font-family: Arial, serif;\"><span lang=\"es-ES\">Favorece el uso m\u00e1s eficiente de la publicidad.<\/span><\/span><\/p>\n<\/li>\n<\/ul>\n<p class=\"western\" lang=\"ca-ES\" align=\"justify\"><span style=\"font-family: Arial, serif;\"><span lang=\"es-ES\"><b>Tipos de cookies utilizadas<\/b><\/span><\/span><\/p>\n<p class=\"western\" lang=\"ca-ES\" align=\"justify\"><span style=\"font-family: Arial, serif;\"><span lang=\"es-ES\">A continuaci\u00f3n se detallan las cookies cuya instalaci\u00f3n en el equipo del usuario supone la navegaci\u00f3n por esta p\u00e1gina web.<\/span><\/span><\/p>\n<p class=\"western\" lang=\"ca-ES\" align=\"justify\"><span style=\"font-family: Arial, serif;\"><span lang=\"es-ES\">Este sitio (<\/span><\/span><a href=\"https:\/\/eccocivi.com\"><span style=\"font-family: Arial, serif;\">https:\/\/eccocivi.com<\/span><\/a> )<span style=\"font-family: Arial, serif;\"><span lang=\"es-ES\"> utiliza los siguientes tipos de cookies:<\/span><\/span><\/p>\n<ol>\n<li>\n<p lang=\"ca-ES\" align=\"justify\"><span style=\"font-family: Arial, serif;\"><span lang=\"es-ES\"><b>Cookies propias (de inicio de sesi\u00f3n, de personalizaci\u00f3n, t\u00e9cnico o funcional): <\/b><\/span><\/span><span style=\"font-family: Arial, serif;\"><span lang=\"es-ES\">Son aquellas que facilitan la navegaci\u00f3n y proporcionan los servicios solicitados por los usuarios del sitio web. Recogen datos t\u00e9cnicos y criterios b\u00e1sicos y concretos del acceso. No son permanentes, aunque ocasionalmente puedan permanecer paras recordar sus preferencias. <\/span><\/span><\/p>\n<\/li>\n<\/ol>\n<ol start=\"2\">\n<li>\n<p lang=\"ca-ES\" align=\"justify\"><span style=\"font-family: Arial, serif;\"><span lang=\"es-ES\"><b>Cookies de complementos de Redes Sociales<\/b><\/span><\/span><span style=\"font-family: Arial, serif;\"><span lang=\"es-ES\">: Son aquellas cookies utilizadas por terceros para gestionar el intercambio en las redes sociales. Un ejemplo de este uso son los enlaces a las redes sociales que permiten compartir contenido de Eccociwine SL como por ejemplo: <\/span><\/span><\/p>\n<\/li>\n<\/ol>\n<p class=\"western\" lang=\"ca-ES\" align=\"justify\"><span style=\"font-family: Arial, serif;\"><span lang=\"es-ES\">Facebook, Inc. Cookies que son utilizadas para facilitar la compartici\u00f3n de contenidos en su red social. Si quiere obtener m\u00e1s informaci\u00f3n sobre el uso de estas cookies puede consultar la pol\u00edtica de privacidad de Facebook aqu\u00ed: <a href=\"https:\/\/www.facebook.com\/help\/cookies\">https:\/\/www.facebook.com\/help\/cookies<\/a>. <\/span><\/span><\/p>\n<p class=\"western\" lang=\"ca-ES\" align=\"justify\"><span style=\"font-family: Arial, serif;\"><span lang=\"es-ES\">Twiter, Inc que son utilizadas para facilitar la compartici\u00f3n de contenidos en las redes sociales. Para m\u00e1s informaci\u00f3n consultar <\/span><\/span><span style=\"color: #002060;\"><span style=\"font-family: Arial, serif;\"><span lang=\"es-ES\"><u>https.\/\/twitter.com\/privacy; <\/u><\/span><\/span><\/span><a href=\"https:\/\/support.twitter.com\/articles\/20170521\"><span style=\"font-family: Arial, serif;\"><span lang=\"es-ES\">https:\/\/support.twitter.com\/articles\/20170521<\/span><\/span><\/a><span style=\"color: #002060;\"><span style=\"font-family: Arial, serif;\"><span lang=\"es-ES\"><u>.<\/u><\/span><\/span><\/span><\/p>\n<p class=\"western\" lang=\"ca-ES\" align=\"justify\"><span style=\"font-family: Arial, serif;\"><span lang=\"es-ES\"><b>3.- Cookies de publicidad:<\/b><\/span><\/span><span style=\"font-family: Arial, serif;\"><span lang=\"es-ES\"> Su finalidad es la de mostrar anuncios en otras ubicaciones de Internet y para poder ofrecer los anuncios m\u00e1s adecuados a los intereses de los usuarios. Utilizamos cookies propias y de terceros. <\/span><\/span><\/p>\n<p class=\"western\" lang=\"ca-ES\" align=\"justify\"><span style=\"font-family: Arial, serif;\"><span lang=\"es-ES\"><b>\u00bfQu\u00e9 puedo hacer en relaci\u00f3n a las cookies?<\/b><\/span><\/span><\/p>\n<p class=\"western\" lang=\"ca-ES\" align=\"justify\"><span style=\"font-family: Arial, serif;\"><span lang=\"es-ES\">Las cookies instaladas en su equipo se pueden permitir, bloquear o eliminar mediante la configuraci\u00f3n de las opciones de su navegador de internet. Es posible que alguna de estas actuaciones conlleve la imposibilidad de alguno\/s de los servicios disponibles que ofrece la p\u00e1gina web.<\/span><\/span><\/p>\n<p class=\"western\" lang=\"ca-ES\" align=\"justify\"><span style=\"font-family: Arial, serif;\"><span lang=\"es-ES\">Puede obtener m\u00e1s informaci\u00f3n sobre la configuraci\u00f3n de las cookies y de sus preferencias en los principales navegadores en los siguientes enlaces: <\/span><\/span><\/p>\n<p class=\"western\" lang=\"ca-ES\" align=\"justify\"><span style=\"font-family: Arial, serif;\"><span lang=\"en-US\"><b>Google chrome <\/b><\/span><\/span><\/p>\n<p class=\"western\" lang=\"ca-ES\" align=\"justify\"><span style=\"font-family: Arial, serif;\"><span lang=\"en-US\"><b>Mozilla Firefox<\/b><\/span><\/span><\/p>\n<p class=\"western\" lang=\"ca-ES\" align=\"justify\"><span style=\"font-family: Arial, serif;\"><span lang=\"en-US\"><b>Internet Explorer<\/b><\/span><\/span><\/p>\n<p class=\"western\" lang=\"ca-ES\" align=\"justify\"><span style=\"font-family: Arial, serif;\"><span lang=\"es-ES\"><b>Safari<\/b><\/span><\/span><\/p>\n<p class=\"western\" lang=\"ca-ES\" align=\"justify\"><span style=\"font-family: Arial, serif;\"><span lang=\"es-ES\"><b>Safari para IOS (iPhone, iPad)<\/b><\/span><\/span><\/p>\n<p class=\"western\" lang=\"ca-ES\" align=\"justify\"><span style=\"font-family: Arial, serif;\"><span lang=\"es-ES\"><b>Cookies Flash<\/b><\/span><\/span><\/p>\n<p class=\"western\" lang=\"ca-ES\" align=\"justify\"><span style=\"font-family: Arial, serif;\"><span lang=\"es-ES\"><b>Your Online Choices<\/b><\/span><\/span><span style=\"font-family: Arial, serif;\"><span lang=\"es-ES\"> (portal de configuraci\u00f3n, proveedor por proveedor, de sus preferencias sobre las cookies publicitarias de terceros).<\/span><\/span><\/p>\n<p class=\"western\" lang=\"ca-ES\" align=\"justify\"><span style=\"font-family: Arial, serif;\"><span lang=\"es-ES\">Si desea contactar con nosotros respecto a nuestra pol\u00edtica de cookies, puede enviar un mail a <\/span><\/span><a href=\"mailto:info@eccociwine.com\">info@eccociwine.com<\/a><\/p>\n<p>[\/vc_column_text][\/vc_column][\/vc_row]<\/p>\n<\/div>","protected":false},"excerpt":{"rendered":"<p>[vc_row][vc_column][vc_column_text] Informaci\u00f3n relativa al uso de cookies [\/vc_column_text][\/vc_column][\/vc_row][vc_row][vc_column][vc_column_text] El presente sitio web, utiliza \u00abcookies\u00bb propias y de terceros para mejorar la funcionalidad del sitio y favorecer<span class=\"excerpt-hellip\"> [\u2026]<\/span><\/p>\n","protected":false},"author":1,"featured_media":0,"parent":0,"menu_order":0,"comment_status":"closed","ping_status":"closed","template":"","meta":{"footnotes":""},"class_list":["post-1297","page","type-page","status-publish","hentry"],"jetpack_sharing_enabled":true,"_links":{"self":[{"href":"https:\/\/eccocivi.com\/es\/wp-json\/wp\/v2\/pages\/1297","targetHints":{"allow":["GET"]}}],"collection":[{"href":"https:\/\/eccocivi.com\/es\/wp-json\/wp\/v2\/pages"}],"about":[{"href":"https:\/\/eccocivi.com\/es\/wp-json\/wp\/v2\/types\/page"}],"author":[{"embeddable":true,"href":"https:\/\/eccocivi.com\/es\/wp-json\/wp\/v2\/users\/1"}],"replies":[{"embeddable":true,"href":"https:\/\/eccocivi.com\/es\/wp-json\/wp\/v2\/comments?post=1297"}],"version-history":[{"count":0,"href":"https:\/\/eccocivi.com\/es\/wp-json\/wp\/v2\/pages\/1297\/revisions"}],"wp:attachment":[{"href":"https:\/\/eccocivi.com\/es\/wp-json\/wp\/v2\/media?parent=1297"}],"curies":[{"name":"wp","href":"https:\/\/api.w.org\/{rel}","templated":true}]}}