{"id":1277,"date":"2018-06-14T14:25:04","date_gmt":"2018-06-14T14:25:04","guid":{"rendered":"http:\/\/eccocivi.com\/?page_id=1277"},"modified":"2020-07-07T13:54:20","modified_gmt":"2020-07-07T13:54:20","slug":"aviso-legal","status":"publish","type":"page","link":"https:\/\/eccocivi.com\/es\/aviso-legal\/","title":{"rendered":"Aviso Legal"},"content":{"rendered":"<h1 style=\"text-align: left;\"><span style=\"color: #c4281d;\">Aviso legal<\/span><\/h1>\n<p>&nbsp;<\/p>\n<p align=\"justify\"><span style=\"color: #333333;\"><span style=\"font-family: Arial, serif;\">Bienvenido a la p\u00e1gina web de Eccociwine SL alojada bajo la URL http:<\/span><\/span> <a href=\"https:\/\/eccocivi.com\">https:\/\/eccocivi.com<\/a> <span style=\"color: #333333;\"><span style=\"font-family: Arial, serif;\">(en adelante la p\u00e1gina web) continuaci\u00f3n, le exponemos los t\u00e9rminos y condiciones de uso de la P\u00e1gina web que deben seguir los usuarios de la misma. La navegaci\u00f3n a trav\u00e9s de esta P\u00e1gina web le confiere la condici\u00f3n de usuario de la misma. Es por ello que le aconsejamos una atenta lectura para proceder a su correcto uso, ya que toda utilizaci\u00f3n contraria a la aqu\u00ed prevista queda totalmente prohibida y es susceptible de generar responsabilidades frente a su titular.<br \/>\n<\/span><\/span><\/p>\n<p align=\"justify\"><span style=\"color: #000000;\"><span style=\"font-family: Arial, serif;\"><b>1. Datos identificativos<\/b><\/span><\/span><\/p>\n<p align=\"justify\"><span style=\"color: #333333;\"><span style=\"font-family: Arial, serif;\"><br \/>\nEn cumplimiento con el deber de informaci\u00f3n recogido en el art\u00edculo 10 de la Ley 34\/2002, de 11 de julio, de servicios de la sociedad de la informaci\u00f3n y del comercio electr\u00f3nico, se dispone que Eccociwine SL es la propietaria de la P\u00e1gina web. La informaci\u00f3n y contenidos que se recogen en la misma son propiedad de Eccociwine SL. Su obtenci\u00f3n, reproducci\u00f3n, distribuci\u00f3n, cesi\u00f3n, transmisi\u00f3n, transformaci\u00f3n, modificaci\u00f3n, explotaci\u00f3n o comunicaci\u00f3n p\u00fablica para uso distinto al aqu\u00ed previsto queda totalmente prohibido.<\/span><\/span><\/p>\n<p align=\"justify\"><span style=\"color: #333333;\"><span style=\"font-family: Arial, serif;\">Eccociwine SL es una empresa inscrita en el Registro Mercantil de Girona, Tomo 1144, Folio 95, Hoja GI-20644, Inscrip. 19 y domiciliada en SANT MART\u00cd VELL (17462), Paratge Mont-rod\u00f3 n\u00ba 3, tel\u00e9fono 872.000.015, y direcci\u00f3n de correo electr\u00f3nico <\/span><\/span><a href=\"mailto:info@eccociwine.com\"><span style=\"font-family: Arial, serif;\">info@eccociwine.com<\/span><\/a><\/p>\n<p align=\"justify\"><span style=\"color: #000000;\"><span style=\"font-family: Arial, serif;\"><b>2. Condiciones de acceso, utilizaci\u00f3n y funcionamiento de la P\u00e1gina web<\/b><\/span><\/span><\/p>\n<p align=\"justify\"><span style=\"color: #333333;\"><span style=\"font-family: Arial, serif;\"><br \/>\nEl acceso a la P\u00e1gina web es libre salvo para aquellos apartados para los que se exija un \u201cpassword\u201d o contrase\u00f1a de acceso, que ser\u00e1 otorgado por Eccociwine SL a aquellas personas que libremente decidan registrarse como usuario autorizado y se encuentren interesadas en la contrataci\u00f3n de los servicios y productos ofrecidos en esta P\u00e1gina web, de conformidad con lo dispuesto en el punto siguiente del presente Aviso Legal. Queda terminantemente prohibido el uso de contrase\u00f1as y datos de identificaci\u00f3n de terceros, con independencia del origen mediante el que se hayan obtenido dichos datos y contrase\u00f1as. <\/span><\/span><\/p>\n<p align=\"justify\"><span style=\"color: #333333;\"><span style=\"font-family: Arial, serif;\">El registro como usuario autorizado para la utilizaci\u00f3n de la P\u00e1gina web es gratuito.<br \/>\nComo usuario de la P\u00e1gina web debe realizar en todo momento un uso adecuado de la misma y de los contenidos que incluye, respetando en todo momento la legalidad vigente y los derechos de propiedad de Eccociwine SL.<\/span><\/span><\/p>\n<p align=\"justify\"><span style=\"color: #333333;\"><span style=\"font-family: Arial, serif;\">Queda prohibido que todo usuario o tercero realice cualquier acci\u00f3n (inclusive introducci\u00f3n o difusi\u00f3n de virus inform\u00e1ticos) que provoque da\u00f1os o alteraciones a los contenidos de la P\u00e1gina web, as\u00ed como intervenga o provoque alteraciones en el correo electr\u00f3nico, reserv\u00e1ndose Eccociwine SL el derecho a excluir el acceso a la P\u00e1gina web a cualquier usuario que infrinja dicha prohibici\u00f3n.<\/span><\/span><\/p>\n<p align=\"justify\"><span style=\"color: #333333;\"><span style=\"font-family: Arial, serif;\">En todo caso, nos reservamos el derecho a suspender temporalmente, y sin necesidad de previo aviso a los usuarios, la accesibilidad a nuestra P\u00e1gina web en caso de efectuar operaciones de mantenimiento, reparaci\u00f3n, actualizaci\u00f3n o mejora de los servicios, informaciones y contenidos, as\u00ed como a modificar o actualizar las informaciones, contenidos y las condiciones de acceso de la misma. En la medida en que esto sea razonablemente posible, las actualizaciones de mantenimiento se programar\u00e1n en horarios de bajo tr\u00e1fico, sin perjuicio de la facultad discrecional de Eccociwine SL para llevarlo a cabo en cualquier momento.<\/span><\/span><\/p>\n<p align=\"justify\"><span style=\"color: #000000;\"><span style=\"font-family: Arial, serif;\"><b>3. Enlaces<\/b><\/span><\/span><\/p>\n<p align=\"justify\"><span style=\"color: #333333;\"><span style=\"font-family: Arial, serif;\"><br \/>\nEn el caso de que en la presente p\u00e1gina web se dispusiesen enlaces o hiperv\u00ednculos hac\u00eda otros sitios de Internet, Eccociwine SL no ejercer\u00e1 ning\u00fan tipo de control sobre dichos sitios y contenidos. En ning\u00fan caso Eccociwine SL asumir\u00e1 responsabilidad alguna por los contenidos de alg\u00fan enlace perteneciente a un sitio web ajeno, ni garantizar\u00e1 la disponibilidad t\u00e9cnica, calidad, fiabilidad, exactitud, amplitud, veracidad, validez y constitucionalidad de cualquier material o informaci\u00f3n contenida en ninguno de dichos hiperv\u00ednculos u otros sitios de Internet. Igualmente la inclusi\u00f3n de estas conexiones externas no implicar\u00e1 ning\u00fan tipo de asociaci\u00f3n, fusi\u00f3n o participaci\u00f3n con las entidades conectadas.<\/span><\/span><\/p>\n<p align=\"justify\"><span style=\"color: #000000;\"><span style=\"font-family: Arial, serif;\"><b>4. Propiedad industrial e intelectual<\/b><\/span><\/span><\/p>\n<p align=\"justify\"><span style=\"color: #333333;\"><span style=\"font-family: Arial, serif;\"><br \/>\nTodos los contenidos de la presente P\u00e1gina web (a t\u00edtulo enunciativo y no limitativo, bases de datos, textos, marcas, nombres comerciales, audio, logotipos, signos distintivos, animaciones, im\u00e1genes, videos, dise\u00f1os, estructura de la p\u00e1gina, etc.) son titularidad de Eccociwine SL o han sido cedidas a \u00e9sta para su uso. El uso de la presente P\u00e1gina web no confiere a los usuarios ning\u00fan derecho de explotaci\u00f3n de ninguna clase ni su titularidad sobre los contenidos de la misma, as\u00ed como tampoco su propiedad intelectual y\/o industrial.<\/span><\/span><\/p>\n<p align=\"justify\"><span style=\"color: #333333;\"><span style=\"font-family: Arial, serif;\">Queda totalmente prohibida la transformaci\u00f3n, reproducci\u00f3n, explotaci\u00f3n, distribuci\u00f3n, comunicaci\u00f3n p\u00fablica y\/o cesi\u00f3n, ya sea a t\u00edtulo oneroso o gratuito, de cualquiera de los contenidos de la P\u00e1gina web.<\/span><\/span><\/p>\n<p align=\"justify\"><span style=\"color: #333333;\"><span style=\"font-family: Arial, serif;\">Eccociwine SL hace expresa reserva frente a los usuarios y dem\u00e1s terceros del ejercicio de cuantas acciones amparen sus leg\u00edtimos derechos de propiedad intelectual e industrial.<\/span><\/span><\/p>\n<p align=\"justify\"><span style=\"color: #000000;\"><span style=\"font-family: Arial, serif;\"><b>5. Datos de car\u00e1cter personal- Pol\u00edtica de Privacidad<\/b><\/span><\/span><\/p>\n<p align=\"justify\"><span style=\"color: #333333;\"><span style=\"font-family: Arial, serif;\"><br \/>\n<\/span><\/span><span style=\"font-family: Arial, serif;\">A continuaci\u00f3n adjuntamos cuadro-resumen relativo a la informaci\u00f3n b\u00e1sica de nuestra pol\u00edtica de privacidad. Si desea ampliar dicha pol\u00edtica puede hacerlo en nuestra p\u00e1gina web <a href=\"https:\/\/eccocivi.com\">https:\/\/eccocivi.com<\/a> <\/span><\/p>\n<table width=\"569\" cellspacing=\"0\" cellpadding=\"7\">\n<colgroup>\n<col width=\"266\" \/>\n<col width=\"273\" \/> <\/colgroup>\n<tbody>\n<tr valign=\"top\">\n<td bgcolor=\"#d9d9d9\" width=\"266\">\n<p align=\"justify\"><span style=\"font-family: Calibri, serif;\"><b>Responsable del tratamiento <\/b><\/span><\/p>\n<\/td>\n<td width=\"273\">\n<p align=\"justify\"><span style=\"font-family: Calibri, serif;\"><span lang=\"en-US\">ECCOCIWINE SL <\/span><\/span><\/p>\n<p align=\"justify\"><span style=\"font-family: Calibri, serif;\"><span lang=\"en-US\">C\/ Paratge Mont-rod\u00f3 n\u00ba 3<\/span><\/span><\/p>\n<p align=\"justify\"><span style=\"font-family: Calibri, serif;\"><span lang=\"en-US\">17462 Sant Mart\u00ed Vell<\/span><\/span><\/p>\n<\/td>\n<\/tr>\n<tr valign=\"top\">\n<td bgcolor=\"#d9d9d9\" width=\"266\">\n<p align=\"justify\"><span style=\"font-family: Calibri, serif;\"><b>CIF<\/b><\/span><\/p>\n<\/td>\n<td width=\"273\">\n<p align=\"justify\"><span style=\"font-family: Calibri, serif;\"><span lang=\"en-US\">B17536764<\/span><\/span><\/p>\n<\/td>\n<\/tr>\n<tr valign=\"top\">\n<td bgcolor=\"#d9d9d9\" width=\"266\">\n<p align=\"justify\"><span style=\"font-family: Calibri, serif;\"><b>Finalidades principales del tratamiento<\/b><\/span><\/p>\n<\/td>\n<td width=\"273\">\n<p align=\"justify\"><span style=\"font-family: Calibri, serif;\">-Gestionar su registro como usuario en la plataforma<\/span><\/p>\n<p align=\"justify\"><span style=\"font-family: Calibri, serif;\">-Ofrecerle informaci\u00f3n de nuestros Servicios y de empresas relacionadas.<\/span><\/p>\n<p align=\"justify\"><span style=\"font-family: Calibri, serif;\">-Gestionar la inscripci\u00f3n, asistencia, y participaci\u00f3n en eventos.<\/span><\/p>\n<\/td>\n<\/tr>\n<tr valign=\"top\">\n<td bgcolor=\"#d9d9d9\" width=\"266\">\n<p align=\"justify\"><span style=\"font-family: Calibri, serif;\"><b>Bases Legitimadoras del tratamiento <\/b><\/span><\/p>\n<\/td>\n<td width=\"273\">\n<p align=\"justify\"><span style=\"font-family: Calibri, serif;\">-Ejecuci\u00f3n del contrato de prestaci\u00f3n de servicios.<\/span><\/p>\n<p align=\"justify\"><span style=\"font-family: Calibri, serif;\">-Consentimiento.<\/span><\/p>\n<p align=\"justify\"><span style=\"font-family: Calibri, serif;\">-Cumplimiento de obligaciones legales. <\/span><\/p>\n<\/td>\n<\/tr>\n<tr valign=\"top\">\n<td bgcolor=\"#d9d9d9\" width=\"266\">\n<p align=\"justify\"><span style=\"font-family: Calibri, serif;\"><b>Destinatarios principales <\/b><\/span><\/p>\n<\/td>\n<td width=\"273\">\n<p align=\"justify\"><span style=\"font-family: Calibri, serif;\">-ECCOCIWINE SL y empresas relacionadas con la misma finalidad.<\/span><\/p>\n<\/td>\n<\/tr>\n<tr valign=\"top\">\n<td bgcolor=\"#d9d9d9\" width=\"266\">\n<p align=\"justify\"><span style=\"font-family: Calibri, serif;\"><b>Derechos <\/b><\/span><\/p>\n<\/td>\n<td width=\"273\">\n<p align=\"justify\"><span style=\"font-family: Calibri, serif;\">-acceso, rectificaci\u00f3n, cancelaci\u00f3n, oposici\u00f3n y portabilidad. <\/span><\/p>\n<p align=\"justify\"><span style=\"font-family: Calibri, serif;\">-revocaci\u00f3n del consentimiento prestado.<\/span><\/p>\n<\/td>\n<\/tr>\n<tr valign=\"top\">\n<td bgcolor=\"#d9d9d9\" width=\"266\">\n<p align=\"justify\"><span style=\"font-family: Calibri, serif;\"><b>Procedencia <\/b><\/span><\/p>\n<\/td>\n<td width=\"273\">\n<p align=\"justify\"><span style=\"font-family: Calibri, serif;\">-Facilitados por su titular.<\/span><\/p>\n<p align=\"justify\"><span style=\"font-family: Calibri, serif;\">-Facilitados por su navegaci\u00f3n en nuestra plataforma (internet). <\/span><\/p>\n<\/td>\n<\/tr>\n<tr valign=\"top\">\n<td bgcolor=\"#d9d9d9\" width=\"266\">\n<p align=\"justify\"><span style=\"font-family: Calibri, serif;\"><b>Transferencias Internacionales de Datos<\/b><\/span><\/p>\n<\/td>\n<td width=\"273\">\n<p align=\"justify\"><span style=\"font-family: Calibri, serif;\">-No est\u00e1n previstas<\/span><\/p>\n<\/td>\n<\/tr>\n<tr valign=\"top\">\n<td bgcolor=\"#d9d9d9\" width=\"266\">\n<p align=\"justify\"><span style=\"font-family: Calibri, serif;\"><b>Delegado protecci\u00f3n de Datos<\/b><\/span><\/p>\n<\/td>\n<td width=\"273\">\n<p align=\"justify\"><span style=\"font-family: Calibri, serif;\">-No procede.<\/span><\/p>\n<\/td>\n<\/tr>\n<\/tbody>\n<\/table>\n<p align=\"justify\"><span style=\"color: #333333;\"><span style=\"font-family: Arial, serif;\">La navegaci\u00f3n de un usuario por nuestra P\u00e1gina web se lleva a cabo de modo totalmente an\u00f3nimo, salvo para aquellos apartados a los que el usuario accede desde el \u00e1rea de clientes previo requerimiento de su identificaci\u00f3n mediante su nombre de usuario y contrase\u00f1a. No recopilamos datos de car\u00e1cter personal, excepto cuando el usuario nos proporciona esta informaci\u00f3n de forma expresa.<\/span><\/span><\/p>\n<p align=\"justify\"><span style=\"color: #333333;\"><span style=\"font-family: Arial, serif;\">El usuario declara bajo su responsabilidad que los datos que facilita a Eccociwine SL son ciertos, correctos y que pertenecen a su persona. Cualquier manifestaci\u00f3n falsa o inexacta que se produzca como consecuencia de las informaciones y datos manifestados as\u00ed como los perjuicios que tal informaci\u00f3n pudiera causar ser\u00e1 responsabilidad de los usuarios. <\/span><\/span><\/p>\n<p align=\"justify\"><span style=\"color: #333333;\"><span style=\"font-family: Arial, serif;\">Nos comprometemos a cumplir con nuestra obligaci\u00f3n de secreto respecto de los datos de car\u00e1cter personal obtenidos y a tratarlos con la confidencialidad exigida. En este sentido, adoptamos las medidas de seguridad adecuadas en cumplimiento con la legislaci\u00f3n aplicable de Protecci\u00f3n de Datos de Car\u00e1cter Personal para evitar su alteraci\u00f3n, p\u00e9rdida o tratamiento o acceso no autorizado.<\/span><\/span><\/p>\n<p align=\"justify\"><span style=\"color: #333333;\"><span style=\"font-family: Arial, serif;\">Cualquier usuario registrado puede, en cualquier momento, ejercer el derecho a acceder, rectificar, oponerse y, en su caso, cancelar sus datos de car\u00e1cter personal suministrados, mediante petici\u00f3n a Eccociwine SL , mediante escrito dirigido a la siguiente direcci\u00f3n de correo electr\u00f3nico <\/span><\/span><a href=\"mailto:info@eccociwine.com\"><span style=\"font-family: Arial, serif;\">info@eccociwine.com<\/span><\/a><span style=\"color: #333333;\"><span style=\"font-family: Arial, serif;\"> , adjuntando copia de su DNI.<\/span><\/span><\/p>\n<p align=\"justify\"><span style=\"color: #000000;\"><span style=\"font-family: Arial, serif;\"><b>7. Legislaci\u00f3n y jurisdicci\u00f3n aplicable<\/b><\/span><\/span><\/p>\n<p align=\"justify\"><span style=\"color: #333333;\"><span style=\"font-family: Arial, serif;\">Cualquier controversia que pudiera surgir en relaci\u00f3n con la presente P\u00e1gina web se resolver\u00e1 de acuerdo con la legislaci\u00f3n espa\u00f1ola y se someter\u00e1, con renuncia expresa al fuero que pudiera corresponder, a los Juzgados y Tribunales de la ciudad de GIRONA.<\/span><\/span><\/p>\n","protected":false},"excerpt":{"rendered":"<p>Aviso legal &nbsp; Bienvenido a la p\u00e1gina web de Eccociwine SL alojada bajo la URL http: https:\/\/eccocivi.com (en adelante la p\u00e1gina web) continuaci\u00f3n, le exponemos los<span class=\"excerpt-hellip\"> [\u2026]<\/span><\/p>\n","protected":false},"author":1,"featured_media":0,"parent":0,"menu_order":0,"comment_status":"closed","ping_status":"closed","template":"","meta":{"footnotes":""},"class_list":["post-1277","page","type-page","status-publish","hentry"],"jetpack_sharing_enabled":true,"_links":{"self":[{"href":"https:\/\/eccocivi.com\/es\/wp-json\/wp\/v2\/pages\/1277","targetHints":{"allow":["GET"]}}],"collection":[{"href":"https:\/\/eccocivi.com\/es\/wp-json\/wp\/v2\/pages"}],"about":[{"href":"https:\/\/eccocivi.com\/es\/wp-json\/wp\/v2\/types\/page"}],"author":[{"embeddable":true,"href":"https:\/\/eccocivi.com\/es\/wp-json\/wp\/v2\/users\/1"}],"replies":[{"embeddable":true,"href":"https:\/\/eccocivi.com\/es\/wp-json\/wp\/v2\/comments?post=1277"}],"version-history":[{"count":0,"href":"https:\/\/eccocivi.com\/es\/wp-json\/wp\/v2\/pages\/1277\/revisions"}],"wp:attachment":[{"href":"https:\/\/eccocivi.com\/es\/wp-json\/wp\/v2\/media?parent=1277"}],"curies":[{"name":"wp","href":"https:\/\/api.w.org\/{rel}","templated":true}]}}