{"id":1271,"date":"2018-06-14T13:37:30","date_gmt":"2018-06-14T13:37:30","guid":{"rendered":"http:\/\/eccocivi.com\/?page_id=1271"},"modified":"2024-07-03T11:08:54","modified_gmt":"2024-07-03T11:08:54","slug":"montrodo-rosat-2023","status":"publish","type":"page","link":"https:\/\/eccocivi.com\/es\/los-vinos-2\/montrodo-rosat-2023\/","title":{"rendered":"Montrod\u00f3 Rosat"},"content":{"rendered":"<div class=\"wpb-content-wrapper\"><p>[vc_row full_width=\u00bbstretch_row_content_no_spaces\u00bb parallax=\u00bbcontent-moving-fade\u00bb parallax_image=\u00bb154&#8243; parallax_speed_bg=\u00bb3&#8243; css=\u00bb.vc_custom_1516107187320{padding-top: 70px !important;padding-bottom: 70px !important;}\u00bb][vc_column][\/vc_column][\/vc_row][vc_row][vc_column width=\u00bb1\/3&#8243;][vc_column_text]<em><strong><a href=\"\/?page_id=1263\">&lt; Montrod\u00f3 Blanc<\/a><\/strong><\/em>[\/vc_column_text][vc_single_image image=\u00bb5314&#8243; img_size=\u00bb234X825&#8243; alignment=\u00bbcenter\u00bb css_animation=\u00bbslideInLeft\u00bb css=\u00bb.vc_custom_1690360422239{margin-bottom: 0px !important;}\u00bb][\/vc_column][vc_column width=\u00bb2\/3&#8243;][vc_column_text]<\/p>\n<p style=\"text-align: right;\"><a href=\"\/?page_id=1266\"><em><strong>Montrod\u00f3 Negre &gt;<\/strong><\/em><\/a><\/p>\n<h1 style=\"text-align: center;\"><span style=\"color: #c4281d;\">Montrod\u00f3 Rosat<\/span><\/h1>\n<p>[\/vc_column_text][vc_column_text]<\/p>\n<h5>Vino rosado de viticultura sostenible, cultivado en la <strong>Finca de Ca l\u2019Elsa<\/strong>, de terreno volc\u00e1nico con suelos de roca bas\u00e1ltica situado en el <strong>Espacio de Inter\u00e9s Natural de les Gavarres<\/strong> en Sant Mart\u00ed Vell (Girona).<\/h5>\n<h5 style=\"font-size: 18px; padding-bottom: 10px;\"><strong>Montrod\u00f3<\/strong> es el nombre de un antiguo volc\u00e1n, situado en medio de la finca. Rodeado de bosque y vi\u00f1edos, cuyo suelo est\u00e1 marcado por la piedra bas\u00e1ltica, rico en silicatos y hierro, aporta car\u00e1cter y singularidad a nuestros vinos.<\/h5>\n<p>[\/vc_column_text][vc_row_inner css=\u00bb.vc_custom_1516105613209{margin-bottom: 10px !important;}\u00bb][vc_column_inner width=\u00bb1\/2&#8243;][vc_column_text]<\/p>\n<h5 style=\"font-size: 20px; color: #c4281d;\">Notes de Cata<\/h5>\n<div class=\"page\" title=\"Page 4\">\n<div class=\"layoutArea\">\n<div class=\"column\">\n<p>Vino rosado elegante, de un color salm\u00f3n p\u00e1lido, claro y brillante.<\/p>\n<p>En nariz es fresco, con notas c\u00edtricas, aromas de fresas silvestres y delicadas notas florales a violetas.<\/p>\n<p>En boca es amplio, sabroso y persistente. Evoca fresas silvestres y frutas de hueso, como los n\u00edsperos. Tiene muy buena acidez y un postgusto largo e intenso.<\/p>\n<\/div>\n<\/div>\n<\/div>\n<p>[\/vc_column_text][\/vc_column_inner][vc_column_inner width=\u00bb1\/2&#8243;][vc_column_text]<\/p>\n<h5 style=\"font-size: 20px; color: #c4281d;\">Vinificaci\u00f3n<\/h5>\n<p>La vendimia se hace manualmente, en cajas de 15Kg para mantener la integridad de la uva. R\u00e1pidamente se transporta a la bodega.<\/p>\n<p>Despu\u00e9s de ser despalillada y estrujada se hace una breve maceraci\u00f3n pelicular a baja temperatura, para posteriormente extraer por gravedad el mosto flor. \u00c9ste se desfanga de forma est\u00e1tica y fermenta a una temperatura controlada entre 15-17\u00baC.<\/p>\n<p>Un 20% del volumen ha tenido una crianza en barricas durante 2 meses.[\/vc_column_text][\/vc_column_inner][\/vc_row_inner][vc_row_inner css=\u00bb.vc_custom_1516106557961{background-color: #f2f2f2 !important;}\u00bb][vc_column_inner width=\u00bb1\/2&#8243; css=\u00bb.vc_custom_1516106614353{padding-top: 10px !important;padding-bottom: 10px !important;}\u00bb][vc_column_text css=\u00bb.vc_custom_1675788570936{margin-bottom: 0px !important;}\u00bb]<strong>Origen:<\/strong> Vino de Les Gavarres (Sant Mart\u00ed Vell &#8211; Girona)<\/p>\n<p><strong>Variedades:<\/strong> Petit Verdot, Garnacha Negra i Merlot<\/p>\n<div class=\"page\" title=\"Page 4\">\n<div class=\"layoutArea\">\n<div class=\"column\">\n<p><strong>Vendimia:<\/strong> Septiembre<\/p>\n<\/div>\n<\/div>\n<\/div>\n<p>[\/vc_column_text][\/vc_column_inner][vc_column_inner width=\u00bb1\/2&#8243; css=\u00bb.vc_custom_1516106545498{padding-top: 10px !important;padding-bottom: 10px !important;}\u00bb][vc_column_text css=\u00bb.vc_custom_1589463456880{margin-bottom: 0px !important;}\u00bb]<strong>Maridaje: <\/strong>Fideu\u00e0, carnes blancas, quesos, paellas, pescado azul, pastas, verdures salteadas<\/p>\n<p><strong>T\u00aa de servicio:<\/strong> 8 &#8211; 10\u00baC<\/p>\n<p><strong>Grado alcoh\u00f3lico:<\/strong> 13,5% vol.[\/vc_column_text][\/vc_column_inner][\/vc_row_inner][vc_column_text]<em><strong><a href=\"https:\/\/eccocivi.com\/wp-content\/uploads\/2023\/07\/Montrodo_Rosat_2022_CAS.pdf\" target=\"_blank\" rel=\"noopener noreferrer\">&gt; Ver \/ Descarregar ficha<\/a><\/strong><\/em>[\/vc_column_text][\/vc_column][\/vc_row]<\/p>\n<\/div>","protected":false},"excerpt":{"rendered":"<p>[vc_row full_width=\u00bbstretch_row_content_no_spaces\u00bb parallax=\u00bbcontent-moving-fade\u00bb parallax_image=\u00bb154&#8243; parallax_speed_bg=\u00bb3&#8243; css=\u00bb.vc_custom_1516107187320{padding-top: 70px !important;padding-bottom: 70px !important;}\u00bb][vc_column][\/vc_column][\/vc_row][vc_row][vc_column width=\u00bb1\/3&#8243;][vc_column_text]&lt; Montrod\u00f3 Blanc[\/vc_column_text][vc_single_image image=\u00bb5314&#8243; img_size=\u00bb234X825&#8243; alignment=\u00bbcenter\u00bb css_animation=\u00bbslideInLeft\u00bb css=\u00bb.vc_custom_1690360422239{margin-bottom: 0px !important;}\u00bb][\/vc_column][vc_column width=\u00bb2\/3&#8243;][vc_column_text] Montrod\u00f3 Negre &gt; Montrod\u00f3 Rosat<span class=\"excerpt-hellip\"> [\u2026]<\/span><\/p>\n","protected":false},"author":1,"featured_media":0,"parent":1212,"menu_order":0,"comment_status":"closed","ping_status":"closed","template":"","meta":{"footnotes":""},"class_list":["post-1271","page","type-page","status-publish","hentry"],"jetpack_sharing_enabled":true,"_links":{"self":[{"href":"https:\/\/eccocivi.com\/es\/wp-json\/wp\/v2\/pages\/1271","targetHints":{"allow":["GET"]}}],"collection":[{"href":"https:\/\/eccocivi.com\/es\/wp-json\/wp\/v2\/pages"}],"about":[{"href":"https:\/\/eccocivi.com\/es\/wp-json\/wp\/v2\/types\/page"}],"author":[{"embeddable":true,"href":"https:\/\/eccocivi.com\/es\/wp-json\/wp\/v2\/users\/1"}],"replies":[{"embeddable":true,"href":"https:\/\/eccocivi.com\/es\/wp-json\/wp\/v2\/comments?post=1271"}],"version-history":[{"count":0,"href":"https:\/\/eccocivi.com\/es\/wp-json\/wp\/v2\/pages\/1271\/revisions"}],"up":[{"embeddable":true,"href":"https:\/\/eccocivi.com\/es\/wp-json\/wp\/v2\/pages\/1212"}],"wp:attachment":[{"href":"https:\/\/eccocivi.com\/es\/wp-json\/wp\/v2\/media?parent=1271"}],"curies":[{"name":"wp","href":"https:\/\/api.w.org\/{rel}","templated":true}]}}