{"id":1266,"date":"2018-06-14T13:31:28","date_gmt":"2018-06-14T13:31:28","guid":{"rendered":"http:\/\/eccocivi.com\/?page_id=1266"},"modified":"2024-07-03T11:03:12","modified_gmt":"2024-07-03T11:03:12","slug":"montrodo-negre-2023","status":"publish","type":"page","link":"https:\/\/eccocivi.com\/es\/los-vinos-2\/montrodo-negre-2023\/","title":{"rendered":"Montrod\u00f3 Negre"},"content":{"rendered":"<div class=\"wpb-content-wrapper\"><p>[vc_row full_width=\u00bbstretch_row_content_no_spaces\u00bb parallax=\u00bbcontent-moving-fade\u00bb parallax_image=\u00bb154&#8243; parallax_speed_bg=\u00bb3&#8243; css=\u00bb.vc_custom_1516107187320{padding-top: 70px !important;padding-bottom: 70px !important;}\u00bb][vc_column][\/vc_column][\/vc_row][vc_row][vc_column width=\u00bb1\/3&#8243;][vc_column_text]<a href=\"\/?page_id=1271\"><em><strong>&lt; Montrod\u00f3 Rosat<\/strong><\/em><\/a><\/p>\r\n<p>[\/vc_column_text][vc_single_image image=\u00bb5297&#8243; img_size=\u00bb235X825&#8243; alignment=\u00bbcenter\u00bb css_animation=\u00bbslideInLeft\u00bb css=\u00bb.vc_custom_1690360563862{margin-bottom: 0px !important;}\u00bb][\/vc_column][vc_column width=\u00bb2\/3&#8243;][vc_column_text]<\/p>\r\n<p style=\"text-align: right;\"><em><strong><a href=\"\/?page_id=2325\">Vi Naturalment Dol\u00e7 &gt;<\/a><\/strong><\/em><\/p>\r\n<h1><span style=\"color: #c4281d;\">Montrod\u00f3 Negre\u00a0<\/span><\/h1>\r\n<p>&nbsp;<\/p>\r\n<p>[\/vc_column_text][vc_column_text]<\/p>\r\n<h5 style=\"font-size: 18px; padding-bottom: 10px;\">Vino tinto de viticultura sostenible, cultivado en la <strong>Finca de Ca l\u2019Elsa<\/strong>, de terreno volc\u00e1nico con suelos de roca bas\u00e1ltica situado en el <strong>Espacio de Inter\u00e9s Natural de les Gavarres<\/strong> a Sant Mart\u00ed Vell (Girona).<\/h5>\r\n<h5 style=\"font-size: 18px; padding-bottom: 10px;\">Montrod\u00f3 es el nombre de un antiguo volc\u00e1n, situado en medio de la finca. Rodeado de bosque y vi\u00f1edos, cuyo suelo est\u00e1 marcado por la piedra bas\u00e1ltica, rico en silicatos y hierro, aporta car\u00e1cter y singularidad a nuestros vinos.<\/h5>\r\n<p>[\/vc_column_text][vc_row_inner css=\u00bb.vc_custom_1516105613209{margin-bottom: 10px !important;}\u00bb][vc_column_inner width=\u00bb1\/2&#8243;][vc_column_text]<\/p>\r\n<h5 style=\"font-size: 20px; color: #c4281d;\">Notas de cata<\/h5>\r\n<div class=\"page\" title=\"Page 4\">\r\n<div class=\"layoutArea\">\r\n<div class=\"column\">\r\n<p>Vino tinto de color cereza picota, limpio y brillante con ribete viol\u00e1ceo.<\/p>\r\n<p>En nariz se perciben aromas a frutos silvestres, grosella, bals\u00e1mico de eucalipto y cassis que nos aporta un cierto recuerdo a golosinas y caramelo.<\/p>\r\n<p>La entrada en boca es fresca y ligera. Paso sedoso, con buena acidez y un final muy agradable.<\/p>\r\n<\/div>\r\n<\/div>\r\n<\/div>\r\n<p>[\/vc_column_text][\/vc_column_inner][vc_column_inner width=\u00bb1\/2&#8243;][vc_column_text]<\/p>\r\n<h5 style=\"font-size: 20px; color: #c4281d;\">Vinificaci\u00f3n<\/h5>\r\n<p style=\"text-align: left;\">La vendimia se hace manualmente, las uvas se depositan en cajas de 15 kg para mantener su integridad. R\u00e1pidamente se transporta hasta la bodega donde son despalilladas y el encubado se hace por gravedad.<\/p>\r\n<p style=\"text-align: left;\">Despu\u00e9s de una maceraci\u00f3n pre fermentativa en fr\u00edo de 12-24 horas, el vino fermenta a temperatura controlada entre 24-26 \u00b0C, realizando remontados diarios.<\/p>\r\n<p style=\"text-align: left;\">El tiempo de maceraci\u00f3n-fermentaci\u00f3n ser\u00e1 de 12-15 d\u00edas con el fin de obtener un producto vivo y fresco, preservando el car\u00e1cter varietal de sus uvas.<\/p>\r\n<p>[\/vc_column_text][\/vc_column_inner][\/vc_row_inner][vc_row_inner css=\u00bb.vc_custom_1516106557961{background-color: #f2f2f2 !important;}\u00bb][vc_column_inner width=\u00bb1\/2&#8243; css=\u00bb.vc_custom_1516106614353{padding-top: 10px !important;padding-bottom: 10px !important;}\u00bb][vc_column_text css=\u00bb.vc_custom_1632480136360{margin-bottom: 0px !important;}\u00bb]<\/p>\r\n<p><strong>Origen:<\/strong> Vino de Les Gavarres (Sant Mart\u00ed Vell &#8211; Girona)<\/p>\r\n<p><strong>Variedades: <\/strong>Merlot, Cabernet Sauvignon y Garnacha Negra<\/p>\r\n<div class=\"page\" title=\"Page 4\">\r\n<div class=\"layoutArea\">\r\n<div class=\"column\">\r\n<p><strong>Vendimia:<\/strong> Septiembre &#8211; Octubre<\/p>\r\n<\/div>\r\n<\/div>\r\n<\/div>\r\n<p>[\/vc_column_text][\/vc_column_inner][vc_column_inner width=\u00bb1\/2&#8243; css=\u00bb.vc_custom_1516106545498{padding-top: 10px !important;padding-bottom: 10px !important;}\u00bb][vc_column_text css=\u00bb.vc_custom_1606231060845{margin-bottom: 0px !important;}\u00bb]<\/p>\r\n<p><strong>Maridaje: <\/strong>Carnes a la brasa, pasta, risotto, tapas, aperitivos, embutido, verduras salteadas o a la plancha.<\/p>\r\n<p><strong>T\u00aa de servicio:<\/strong> 14-16\u00baC<\/p>\r\n<p><strong>Grado alcoh\u00f3lico:<\/strong> 14,5% vol.<\/p>\r\n<p>[\/vc_column_text][\/vc_column_inner][\/vc_row_inner][vc_column_text]<\/p>\r\n<p><em><strong><a href=\"https:\/\/eccocivi.com\/wp-content\/uploads\/2023\/07\/Montrodo_Negre_2022_CAS.pdf\" target=\"_blank\" rel=\"noopener noreferrer\">&gt; Ver \/ Descargar ficha<\/a><\/strong><\/em><\/p>\r\n<p>[\/vc_column_text][\/vc_column][\/vc_row][vc_row][vc_column][vc_column_text]<\/p>\r\n<p>[\/vc_column_text][\/vc_column][\/vc_row]<\/p><\/div>","protected":false},"excerpt":{"rendered":"<p>[vc_row full_width=\u00bbstretch_row_content_no_spaces\u00bb parallax=\u00bbcontent-moving-fade\u00bb parallax_image=\u00bb154&#8243; parallax_speed_bg=\u00bb3&#8243; css=\u00bb.vc_custom_1516107187320{padding-top: 70px !important;padding-bottom: 70px !important;}\u00bb][vc_column][\/vc_column][\/vc_row][vc_row][vc_column width=\u00bb1\/3&#8243;][vc_column_text]&lt; Montrod\u00f3 Rosat [\/vc_column_text][vc_single_image image=\u00bb5297&#8243; img_size=\u00bb235X825&#8243; alignment=\u00bbcenter\u00bb css_animation=\u00bbslideInLeft\u00bb css=\u00bb.vc_custom_1690360563862{margin-bottom: 0px !important;}\u00bb][\/vc_column][vc_column width=\u00bb2\/3&#8243;][vc_column_text] Vi Naturalment Dol\u00e7 &gt;<span class=\"excerpt-hellip\"> [\u2026]<\/span><\/p>\n","protected":false},"author":1,"featured_media":0,"parent":1212,"menu_order":0,"comment_status":"closed","ping_status":"closed","template":"","meta":{"footnotes":""},"class_list":["post-1266","page","type-page","status-publish","hentry"],"jetpack_sharing_enabled":true,"_links":{"self":[{"href":"https:\/\/eccocivi.com\/es\/wp-json\/wp\/v2\/pages\/1266","targetHints":{"allow":["GET"]}}],"collection":[{"href":"https:\/\/eccocivi.com\/es\/wp-json\/wp\/v2\/pages"}],"about":[{"href":"https:\/\/eccocivi.com\/es\/wp-json\/wp\/v2\/types\/page"}],"author":[{"embeddable":true,"href":"https:\/\/eccocivi.com\/es\/wp-json\/wp\/v2\/users\/1"}],"replies":[{"embeddable":true,"href":"https:\/\/eccocivi.com\/es\/wp-json\/wp\/v2\/comments?post=1266"}],"version-history":[{"count":0,"href":"https:\/\/eccocivi.com\/es\/wp-json\/wp\/v2\/pages\/1266\/revisions"}],"up":[{"embeddable":true,"href":"https:\/\/eccocivi.com\/es\/wp-json\/wp\/v2\/pages\/1212"}],"wp:attachment":[{"href":"https:\/\/eccocivi.com\/es\/wp-json\/wp\/v2\/media?parent=1266"}],"curies":[{"name":"wp","href":"https:\/\/api.w.org\/{rel}","templated":true}]}}