{"id":1263,"date":"2018-06-14T11:46:33","date_gmt":"2018-06-14T11:46:33","guid":{"rendered":"http:\/\/eccocivi.com\/?page_id=1263"},"modified":"2024-07-04T07:27:47","modified_gmt":"2024-07-04T07:27:47","slug":"montrodo-blanc-2023","status":"publish","type":"page","link":"https:\/\/eccocivi.com\/es\/los-vinos-2\/montrodo-blanc-2023\/","title":{"rendered":"Montrod\u00f3 Blanc"},"content":{"rendered":"<div class=\"wpb-content-wrapper\"><p>[vc_row full_width=\u00bbstretch_row_content_no_spaces\u00bb parallax=\u00bbcontent-moving-fade\u00bb parallax_image=\u00bb154&#8243; parallax_speed_bg=\u00bb3&#8243; css=\u00bb.vc_custom_1516107187320{padding-top: 70px !important;padding-bottom: 70px !important;}\u00bb][vc_column][\/vc_column][\/vc_row][vc_row][vc_column width=\u00bb1\/3&#8243;][vc_single_image image=\u00bb5287&#8243; img_size=\u00bb235X825&#8243; alignment=\u00bbcenter\u00bb css_animation=\u00bbslideInLeft\u00bb css=\u00bb.vc_custom_1690360665421{margin-bottom: 0px !important;}\u00bb][vc_column_text]<\/p>\n<p><a href=\"\/?page_id=2273\"><em><strong>&lt; Can Noves Blanc<\/strong><\/em><\/a><\/p>\n<p>[\/vc_column_text][\/vc_column][vc_column width=\u00bb2\/3&#8243;][vc_column_text]<\/p>\n<p style=\"text-align: right;\"><em><strong><a href=\"\/?page_id=1271\">Montrod\u00f3 Rosat &gt;<\/a><\/strong><\/em><\/p>\n<h1 style=\"text-align: center;\"><span style=\"color: #c4281d;\">Montrod\u00f3 Blanc\u00a0<\/span><\/h1>\n<p>[\/vc_column_text][vc_column_text]<\/p>\n<h5 style=\"font-size: 18px; padding-bottom: 10px;\">Vino blanco de viticultura sostenible, cultivado en la Finca Ca l\u2019Elsa, de terreno volc\u00e1nico con suelos de roca bas\u00e1ltica situado en el Espacio de Inter\u00e9s Natural de Les Gavarres en Sant Mart\u00ed Vell (Girona).<\/h5>\n<h5 style=\"font-size: 18px; padding-bottom: 10px;\">Montrod\u00f3 es el nombre de un antiguo volc\u00e1n, situado en medio de la finca. Rodeado de bosque y vi\u00f1edos, cuyo suelo est\u00e1 marcado por la piedra bas\u00e1ltica, rico en silicatos y hierro, aporta car\u00e1cter y singularidad a nuestros vinos.<\/h5>\n<p>[\/vc_column_text][vc_row_inner css=\u00bb.vc_custom_1516105613209{margin-bottom: 10px !important;}\u00bb][vc_column_inner width=\u00bb1\/2&#8243;][vc_column_text]<\/p>\n<h5 style=\"font-size: 20px; color: #c4281d;\">Notas de cata<\/h5>\n<p style=\"text-align: left;\">Un vino blanco dorado, n\u00edtido y brillante, con reflejos verdosos.<\/p>\n<p>En nariz destaca su aroma intenso a c\u00edtricos, manzana verde, sutiles notas florales, frutas de huesos y hierbas arom\u00e1ticas mediterr\u00e1neas (tomillo limonero, hinojo).<\/p>\n<p style=\"text-align: left;\">Entrada en boca es amplio, fresco, vivaz y equilibrado, de volumen envolvente y buena acidez que destaca por una persistencia muy agradable en boca.<\/p>\n<p>[\/vc_column_text][\/vc_column_inner][vc_column_inner width=\u00bb1\/2&#8243;][vc_column_text]<\/p>\n<h5 style=\"font-size: 20px; color: #c4281d;\">Vinificaci\u00f3n<\/h5>\n<div class=\"page\" title=\"Page 3\">\n<div class=\"layoutArea\">\n<div class=\"column\">\n<p>La vendimia se hace manualmente y en cajas de 15Kg para mantener la integridad de la uva. La uva se transporta r\u00e1pidamente a la bodega donde una vez despalillada y estrujada se realizar\u00e1 un suave prensado.<\/p>\n<p>Despu\u00e9s de un desfangado est\u00e1tico de 36 horas el mosto fermenta a temperatura controlada entre 15-17 \u00b0C durante 20-22 d\u00edas.<\/p>\n<\/div>\n<\/div>\n<\/div>\n<p>[\/vc_column_text][\/vc_column_inner][\/vc_row_inner][vc_row_inner css=\u00bb.vc_custom_1516106557961{background-color: #f2f2f2 !important;}\u00bb][vc_column_inner width=\u00bb1\/2&#8243; css=\u00bb.vc_custom_1516106614353{padding-top: 10px !important;padding-bottom: 10px !important;}\u00bb][vc_column_text css=\u00bb.vc_custom_1651148067250{margin-bottom: 0px !important;}\u00bb]<strong>Origen:<\/strong> Vino de les Gavarres (Sant Mart\u00ed Vell &#8211; Girona)<\/p>\n<p><strong>Variedades:<\/strong> Chardonnay, Viognier, Garnacha Blanca<\/p>\n<p><strong>Vendimia:<\/strong> Septiembre[\/vc_column_text][\/vc_column_inner][vc_column_inner width=\u00bb1\/2&#8243; css=\u00bb.vc_custom_1516106545498{padding-top: 10px !important;padding-bottom: 10px !important;}\u00bb][vc_column_text css=\u00bb.vc_custom_1586356266144{margin-bottom: 0px !important;}\u00bb]<\/p>\n<p><strong>Maridaje: <\/strong>Arroces de mar, marisco y pescado, pastas, carnes blancas y gastronom\u00eda oriental<\/p>\n<p><strong>T\u00aa de servicio:<\/strong> 8 &#8211; 10\u00baC<\/p>\n<div class=\"page\" title=\"Page 3\">\n<div class=\"layoutArea\">\n<div class=\"column\">\n<p><strong>Grado alcoh\u00f3lico:<\/strong> 13,5% vol.<\/p>\n<\/div>\n<\/div>\n<\/div>\n<p>[\/vc_column_text][\/vc_column_inner][\/vc_row_inner][vc_column_text]<em><strong><a href=\"https:\/\/eccocivi.com\/wp-content\/uploads\/2023\/07\/Montrodo_Blanc_2022_CAST-1.pdf\" target=\"_blank\" rel=\"noopener noreferrer\">&gt; Ver \/ Descargar ficha<\/a><\/strong><\/em>[\/vc_column_text][\/vc_column][\/vc_row]<\/p>\n<\/div>","protected":false},"excerpt":{"rendered":"<p>[vc_row full_width=\u00bbstretch_row_content_no_spaces\u00bb parallax=\u00bbcontent-moving-fade\u00bb parallax_image=\u00bb154&#8243; parallax_speed_bg=\u00bb3&#8243; css=\u00bb.vc_custom_1516107187320{padding-top: 70px !important;padding-bottom: 70px !important;}\u00bb][vc_column][\/vc_column][\/vc_row][vc_row][vc_column width=\u00bb1\/3&#8243;][vc_single_image image=\u00bb5287&#8243; img_size=\u00bb235X825&#8243; alignment=\u00bbcenter\u00bb css_animation=\u00bbslideInLeft\u00bb css=\u00bb.vc_custom_1690360665421{margin-bottom: 0px !important;}\u00bb][vc_column_text] &lt; Can Noves Blanc [\/vc_column_text][\/vc_column][vc_column width=\u00bb2\/3&#8243;][vc_column_text] Montrod\u00f3 Rosat<span class=\"excerpt-hellip\"> [\u2026]<\/span><\/p>\n","protected":false},"author":1,"featured_media":0,"parent":1212,"menu_order":0,"comment_status":"closed","ping_status":"closed","template":"","meta":{"footnotes":""},"class_list":["post-1263","page","type-page","status-publish","hentry"],"jetpack_sharing_enabled":true,"_links":{"self":[{"href":"https:\/\/eccocivi.com\/es\/wp-json\/wp\/v2\/pages\/1263","targetHints":{"allow":["GET"]}}],"collection":[{"href":"https:\/\/eccocivi.com\/es\/wp-json\/wp\/v2\/pages"}],"about":[{"href":"https:\/\/eccocivi.com\/es\/wp-json\/wp\/v2\/types\/page"}],"author":[{"embeddable":true,"href":"https:\/\/eccocivi.com\/es\/wp-json\/wp\/v2\/users\/1"}],"replies":[{"embeddable":true,"href":"https:\/\/eccocivi.com\/es\/wp-json\/wp\/v2\/comments?post=1263"}],"version-history":[{"count":0,"href":"https:\/\/eccocivi.com\/es\/wp-json\/wp\/v2\/pages\/1263\/revisions"}],"up":[{"embeddable":true,"href":"https:\/\/eccocivi.com\/es\/wp-json\/wp\/v2\/pages\/1212"}],"wp:attachment":[{"href":"https:\/\/eccocivi.com\/es\/wp-json\/wp\/v2\/media?parent=1263"}],"curies":[{"name":"wp","href":"https:\/\/api.w.org\/{rel}","templated":true}]}}