{"id":1253,"date":"2018-06-14T11:36:46","date_gmt":"2018-06-14T11:36:46","guid":{"rendered":"http:\/\/eccocivi.com\/los-vinos\/can-noves-2015\/"},"modified":"2024-07-04T07:31:06","modified_gmt":"2024-07-04T07:31:06","slug":"can-noves-2019","status":"publish","type":"page","link":"https:\/\/eccocivi.com\/es\/los-vinos-2\/can-noves-2019\/","title":{"rendered":"Can Noves Negre"},"content":{"rendered":"<div class=\"wpb-content-wrapper\"><p>[vc_row full_width=\u00bbstretch_row_content_no_spaces\u00bb parallax=\u00bbcontent-moving-fade\u00bb parallax_image=\u00bb154&#8243; parallax_speed_bg=\u00bb3&#8243; css=\u00bb.vc_custom_1516107187320{padding-top: 70px !important;padding-bottom: 70px !important;}\u00bb][vc_column][\/vc_column][\/vc_row][vc_row][vc_column width=\u00bb1\/3&#8243;][vc_column_text]<\/p>\n<p><a href=\"\/?page_id=1235\"><em><strong>&lt; Ca l&#8217;Elsa<\/strong><\/em><\/a><\/p>\n<p>[\/vc_column_text][vc_single_image image=\u00bb5281&#8243; img_size=\u00bbfull\u00bb alignment=\u00bbcenter\u00bb css_animation=\u00bbslideInLeft\u00bb css=\u00bb.vc_custom_1689948058497{margin-bottom: 0px !important;}\u00bb][\/vc_column][vc_column width=\u00bb2\/3&#8243;][vc_column_text]<\/p>\n<p style=\"text-align: right;\"><a href=\"\/?page_id=2273\"><em><strong>Can Noves Blanc &gt;<\/strong><\/em><\/a><\/p>\n<h1><span style=\"color: #c4281d;\">Can Noves Negre\u00a0<\/span><\/h1>\n<p>&nbsp;<\/p>\n<p>[\/vc_column_text][vc_column_text]<\/p>\n<h5 style=\"font-size: 18px; padding-bottom: 10px;\">Vino tinto de viticultura sostenible, cultivado en terreno volc\u00e1nico con suelos de roca bas\u00e1ltica situado en el <strong>Espacio de Inter\u00e9s Natural de les Gavarres<\/strong> en Sant Mart\u00ed Vell (Girona).<\/h5>\n<p>[\/vc_column_text][vc_row_inner css=\u00bb.vc_custom_1516105613209{margin-bottom: 10px !important;}\u00bb][vc_column_inner width=\u00bb1\/3&#8243;][vc_column_text]<\/p>\n<h5 style=\"font-size: 20px; color: #c4281d;\">Notas de cata<\/h5>\n<p style=\"text-align: left;\">Vino tinto de color cereza picota con ribete rub\u00ed brillante.<\/p>\n<p>En nariz es intenso, especiado, aromas bals\u00e1micas, cedro y mentolado, y frutas del bosque como grosellas negras y moras.<\/p>\n<p style=\"text-align: left;\">En boca es afrutado y fresco, de paso sedoso, con taninos dulces y elegantes, dejando un postgusto largo.<\/p>\n<p>[\/vc_column_text][\/vc_column_inner][vc_column_inner width=\u00bb2\/3&#8243;][vc_column_text]<\/p>\n<h5 style=\"font-size: 20px; color: #c4281d;\">Vinificaci\u00f3n<\/h5>\n<p style=\"text-align: left;\">La vendimia se realiza manualmente, con cajas de 15 kg para mantener la integridad de la uva. R\u00e1pidamente se transporta hasta la bodega. El encubado se realiza por gravedad y despu\u00e9s de una maceraci\u00f3n pre fermentativa a baja temperatura de 24-48 horas, las uvas fermenta a temperatura controlada de 23\u00ba-25\u00ba.<\/p>\n<p style=\"text-align: left;\">Durante la fermentaci\u00f3n se realizan remontados diarios. El tiempo total de maceraci\u00f3n es de 18-20 d\u00edas. El vino madura en barricas de roble franc\u00e9s de 2\u00ba-3r a\u00f1o durante 12 meses. Finalmente el vino descansa en botella 6 meses hasta su comercializaci\u00f3n.<\/p>\n<p>[\/vc_column_text][\/vc_column_inner][\/vc_row_inner][vc_row_inner css=\u00bb.vc_custom_1516106557961{background-color: #f2f2f2 !important;}\u00bb][vc_column_inner width=\u00bb1\/2&#8243; css=\u00bb.vc_custom_1516106614353{padding-top: 10px !important;padding-bottom: 10px !important;}\u00bb][vc_column_text css=\u00bb.vc_custom_1716368351519{margin-bottom: 0px !important;}\u00bb]<strong>Origen:<\/strong> Vino de les Gavarres (Sant Mart\u00ed Vell &#8211; Girona)<\/p>\n<p><strong>Variedades:<\/strong> Cabernet Franc, Merlot y Cabernet Sauvignon<\/p>\n<p><strong>Vendimia:<\/strong> Septiembre &#8211; Octubre[\/vc_column_text][\/vc_column_inner][vc_column_inner width=\u00bb1\/2&#8243; css=\u00bb.vc_custom_1516106545498{padding-top: 10px !important;padding-bottom: 10px !important;}\u00bb][vc_column_text css=\u00bb.vc_custom_1606306864345{margin-bottom: 0px !important;}\u00bb]<strong>Maridaje:<\/strong>\u00a0Carnes a la brasa\/plancha o guisadas, escalibada, carnes de caza, risottos, quesos curados<\/p>\n<p><strong>T\u00aa de servicio:<\/strong> 16-17\u00baC<\/p>\n<div class=\"page\" title=\"Page 2\">\n<div class=\"section\">\n<div class=\"layoutArea\">\n<div class=\"column\">\n<p><strong>Grado alcoh\u00f3lico:<\/strong> 14,5% vol.<\/p>\n<\/div>\n<\/div>\n<\/div>\n<\/div>\n<p>[\/vc_column_text][\/vc_column_inner][\/vc_row_inner][vc_column_text]<\/p>\n<p style=\"text-align: center;\"><em><strong><a href=\"https:\/\/eccocivi.com\/wp-content\/uploads\/2023\/07\/Eccocivi_Can_Noves_Negre_CAST.pdf\" target=\"_blank\" rel=\"noopener noreferrer\">&gt; Ver \/ Descargar ficha<\/a><\/strong><\/em><\/p>\n<p>[\/vc_column_text][vc_column_text]<strong>Premios:<\/strong><\/p>\n<p><img loading=\"lazy\" decoding=\"async\" class=\"alignnone wp-image-3939\" src=\"https:\/\/eccocivi.com\/wp-content\/uploads\/2020\/11\/Eccocivi-Can-Noves-Negre-2016-Decanter-BRONZE-2020.png\" alt=\"\" width=\"450\" height=\"96\" srcset=\"https:\/\/eccocivi.com\/wp-content\/uploads\/2020\/11\/Eccocivi-Can-Noves-Negre-2016-Decanter-BRONZE-2020.png 722w, https:\/\/eccocivi.com\/wp-content\/uploads\/2020\/11\/Eccocivi-Can-Noves-Negre-2016-Decanter-BRONZE-2020-300x64.png 300w, https:\/\/eccocivi.com\/wp-content\/uploads\/2020\/11\/Eccocivi-Can-Noves-Negre-2016-Decanter-BRONZE-2020-260x55.png 260w, https:\/\/eccocivi.com\/wp-content\/uploads\/2020\/11\/Eccocivi-Can-Noves-Negre-2016-Decanter-BRONZE-2020-50x11.png 50w, https:\/\/eccocivi.com\/wp-content\/uploads\/2020\/11\/Eccocivi-Can-Noves-Negre-2016-Decanter-BRONZE-2020-150x32.png 150w, https:\/\/eccocivi.com\/wp-content\/uploads\/2020\/11\/Eccocivi-Can-Noves-Negre-2016-Decanter-BRONZE-2020-330x70.png 330w\" sizes=\"auto, (max-width:767px) 450px, 450px\" \/><img loading=\"lazy\" decoding=\"async\" class=\"\" src=\"https:\/\/eccocivi.com\/wp-content\/uploads\/2021\/11\/Berliner-Medalla-Oro-2021.jpg\" width=\"240\" height=\"134\" \/>[\/vc_column_text][\/vc_column][\/vc_row]<\/p>\n<\/div>","protected":false},"excerpt":{"rendered":"<p>[vc_row full_width=\u00bbstretch_row_content_no_spaces\u00bb parallax=\u00bbcontent-moving-fade\u00bb parallax_image=\u00bb154&#8243; parallax_speed_bg=\u00bb3&#8243; css=\u00bb.vc_custom_1516107187320{padding-top: 70px !important;padding-bottom: 70px !important;}\u00bb][vc_column][\/vc_column][\/vc_row][vc_row][vc_column width=\u00bb1\/3&#8243;][vc_column_text] &lt; Ca l&#8217;Elsa [\/vc_column_text][vc_single_image image=\u00bb5281&#8243; img_size=\u00bbfull\u00bb alignment=\u00bbcenter\u00bb css_animation=\u00bbslideInLeft\u00bb css=\u00bb.vc_custom_1689948058497{margin-bottom: 0px !important;}\u00bb][\/vc_column][vc_column width=\u00bb2\/3&#8243;][vc_column_text] Can Noves Blanc<span class=\"excerpt-hellip\"> [\u2026]<\/span><\/p>\n","protected":false},"author":1,"featured_media":0,"parent":1212,"menu_order":0,"comment_status":"closed","ping_status":"closed","template":"","meta":{"footnotes":""},"class_list":["post-1253","page","type-page","status-publish","hentry"],"jetpack_sharing_enabled":true,"_links":{"self":[{"href":"https:\/\/eccocivi.com\/es\/wp-json\/wp\/v2\/pages\/1253","targetHints":{"allow":["GET"]}}],"collection":[{"href":"https:\/\/eccocivi.com\/es\/wp-json\/wp\/v2\/pages"}],"about":[{"href":"https:\/\/eccocivi.com\/es\/wp-json\/wp\/v2\/types\/page"}],"author":[{"embeddable":true,"href":"https:\/\/eccocivi.com\/es\/wp-json\/wp\/v2\/users\/1"}],"replies":[{"embeddable":true,"href":"https:\/\/eccocivi.com\/es\/wp-json\/wp\/v2\/comments?post=1253"}],"version-history":[{"count":0,"href":"https:\/\/eccocivi.com\/es\/wp-json\/wp\/v2\/pages\/1253\/revisions"}],"up":[{"embeddable":true,"href":"https:\/\/eccocivi.com\/es\/wp-json\/wp\/v2\/pages\/1212"}],"wp:attachment":[{"href":"https:\/\/eccocivi.com\/es\/wp-json\/wp\/v2\/media?parent=1253"}],"curies":[{"name":"wp","href":"https:\/\/api.w.org\/{rel}","templated":true}]}}