{"id":1235,"date":"2018-06-14T11:05:58","date_gmt":"2018-06-14T11:05:58","guid":{"rendered":"http:\/\/eccocivi.com\/los-vinos\/ca-lelsa\/"},"modified":"2023-10-10T09:32:02","modified_gmt":"2023-10-10T09:32:02","slug":"ca-lelsa","status":"publish","type":"page","link":"https:\/\/eccocivi.com\/es\/los-vinos-2\/ca-lelsa\/","title":{"rendered":"Ca l&#8217;Elsa"},"content":{"rendered":"<div class=\"wpb-content-wrapper\"><p>[vc_row full_width=\u00bbstretch_row_content_no_spaces\u00bb parallax=\u00bbcontent-moving-fade\u00bb parallax_image=\u00bb154&#8243; parallax_speed_bg=\u00bb3&#8243; css=\u00bb.vc_custom_1516107187320{padding-top: 70px !important;padding-bottom: 70px !important;}\u00bb][vc_column][\/vc_column][\/vc_row][vc_row][vc_column width=\u00bb1\/3&#8243;][vc_column_text]<\/p>\n<p style=\"text-align: left;\"><a href=\"\/?page_id=2325\"><em><strong>&lt; Vi Naturalment Dol\u00e7<\/strong><\/em><\/a><\/p>\n<p>[\/vc_column_text][vc_single_image image=\u00bb5264&#8243; img_size=\u00bbfull\u00bb alignment=\u00bbcenter\u00bb css_animation=\u00bbslideInLeft\u00bb css=\u00bb.vc_custom_1690360952337{margin-bottom: 0px !important;}\u00bb][\/vc_column][vc_column width=\u00bb2\/3&#8243;][vc_column_text]<\/p>\n<p style=\"text-align: right;\"><em><strong><a href=\"\/?page_id=1253\">Can Noves Negre &gt;<\/a><\/strong><\/em><\/p>\n<h1><span style=\"color: #c4281d;\">Ca l&#8217;Elsa<\/span><\/h1>\n<p>&nbsp;<\/p>\n<p>[\/vc_column_text][vc_column_text]<\/p>\n<h5 style=\"font-size: 18px; padding-bottom: 10px;\">Vino tinto de viticultura sostenible, cultivado en la Finca Ca l\u2019Elsa, de terreno volc\u00e1nico con suelos de roca bas\u00e1ltica situado en el Espacio de Inter\u00e9s Natural de Les Gavarres en Sant Mart\u00ed Vell (Girona).<\/h5>\n<p>[\/vc_column_text][vc_row_inner css=\u00bb.vc_custom_1516105613209{margin-bottom: 10px !important;}\u00bb][vc_column_inner width=\u00bb1\/3&#8243;][vc_column_text]<\/p>\n<h5 style=\"font-size: 20px; color: #c4281d;\">Notas de cata<\/h5>\n<p style=\"text-align: left;\">Vino de color rojo intenso, de capa alta, con un rivete color rub\u00ed brillante.<\/p>\n<p style=\"text-align: left;\">Aroma intenso a fruta negra, mora, cereza, confitura fresca, con toques de regaliz y con un fondo bals\u00e1mico.<\/p>\n<p style=\"text-align: left;\">En boca se presenta amplio, carnoso, con volumen, los taninos presentes y dulces lo hacen agradable al paso con final largo y persistente.<\/p>\n<p>[\/vc_column_text][\/vc_column_inner][vc_column_inner width=\u00bb2\/3&#8243;][vc_column_text]<\/p>\n<h5 style=\"font-size: 20px; color: #c4281d;\">Vinificaci\u00f3n<\/h5>\n<div class=\"page\" title=\"Page 1\">\n<div class=\"layoutArea\">\n<div class=\"column\">\n<p>La vendimia se realiza manualmente y la uva se deposita en cajas de 15 Kgs para mantener su integridad. El encubado es por gravedad y despu\u00e9s de una maceraci\u00f3n pre-fermentativa de entre 24-48 horas a baja temperatura, el mosto fermentar\u00e1 a una temperatura controlada de 24-26\u00ba C.<\/p>\n<p>Durante la fermentaci\u00f3n se realizar\u00e1n remontados diarios y el tiempo total de maceraci\u00f3n ser\u00e1 de 22-25 d\u00edas. El vino obtenido por sangrado, madurado 24 meses en barricas de roble franc\u00e9s en la vendimia 2014 y 22 meses en la vendimia 2016. Finalmente el vino permanecer\u00e1 en botella unos 12 meses antes de su comercializaci\u00f3n.<\/p>\n<\/div>\n<\/div>\n<\/div>\n<p>[\/vc_column_text][\/vc_column_inner][\/vc_row_inner][vc_row_inner css=\u00bb.vc_custom_1516106557961{background-color: #f2f2f2 !important;}\u00bb][vc_column_inner width=\u00bb1\/2&#8243; css=\u00bb.vc_custom_1516106614353{padding-top: 10px !important;padding-bottom: 10px !important;}\u00bb][vc_column_text css=\u00bb.vc_custom_1696930299912{margin-bottom: 0px !important;}\u00bb]<strong>Origen:<\/strong> Vino de Les Gavarres (Sant Mart\u00ed Vell &#8211; Girona)<\/p>\n<p><strong>Variedades:<\/strong><\/p>\n<p>2014: Cabernet Sauvignon, Cabernet Franc i Petit Verdot<\/p>\n<p>2016: Cabernet Sauvignon, Cabernet Franc<\/p>\n<p><strong>Vendimia:<\/strong> Octubre[\/vc_column_text][\/vc_column_inner][vc_column_inner width=\u00bb1\/2&#8243; css=\u00bb.vc_custom_1516106545498{padding-top: 10px !important;padding-bottom: 10px !important;}\u00bb][vc_column_text css=\u00bb.vc_custom_1696930311058{margin-bottom: 0px !important;}\u00bb]<strong>Maridaje: <\/strong>Carnes a la brasa, estofados, guisados, ib\u00e9ricos, chocolate negro<\/p>\n<p><strong>T\u00aa de servicio: <\/strong>18\u00baC<\/p>\n<div class=\"page\" title=\"Page 1\">\n<div class=\"layoutArea\">\n<div class=\"column\">\n<p><strong>Grado alcoh\u00f3lico<\/strong>:<\/p>\n<p>2014: 14,5%<\/p>\n<p>2016: 15%<\/p>\n<\/div>\n<\/div>\n<\/div>\n<p>[\/vc_column_text][\/vc_column_inner][\/vc_row_inner][vc_column_text]<\/p>\n<p style=\"text-align: center;\"><em><strong><a href=\"https:\/\/eccocivi.com\/wp-content\/uploads\/2023\/08\/Ca-lElsa-CAST.pdf\" target=\"_blank\" rel=\"noopener noreferrer\">&gt; Ver \/ Descargar ficha<\/a><\/strong><\/em><\/p>\n<p>[\/vc_column_text][vc_column_text]<strong>Premios:<\/strong><\/p>\n<h1><img loading=\"lazy\" decoding=\"async\" class=\" wp-image-2097 alignleft\" src=\"https:\/\/eccocivi.com\/wp-content\/uploads\/2019\/05\/Calelsa.png\" alt=\"\" width=\"466\" height=\"99\" srcset=\"https:\/\/eccocivi.com\/wp-content\/uploads\/2019\/05\/Calelsa.png 727w, https:\/\/eccocivi.com\/wp-content\/uploads\/2019\/05\/Calelsa-330x70.png 330w, https:\/\/eccocivi.com\/wp-content\/uploads\/2019\/05\/Calelsa-300x64.png 300w, https:\/\/eccocivi.com\/wp-content\/uploads\/2019\/05\/Calelsa-260x55.png 260w, https:\/\/eccocivi.com\/wp-content\/uploads\/2019\/05\/Calelsa-50x11.png 50w, https:\/\/eccocivi.com\/wp-content\/uploads\/2019\/05\/Calelsa-150x32.png 150w\" sizes=\"auto, (max-width:767px) 466px, 466px\" \/><\/h1>\n<p>[\/vc_column_text][\/vc_column][\/vc_row]<\/p>\n<\/div>","protected":false},"excerpt":{"rendered":"<p>[vc_row full_width=\u00bbstretch_row_content_no_spaces\u00bb parallax=\u00bbcontent-moving-fade\u00bb parallax_image=\u00bb154&#8243; parallax_speed_bg=\u00bb3&#8243; css=\u00bb.vc_custom_1516107187320{padding-top: 70px !important;padding-bottom: 70px !important;}\u00bb][vc_column][\/vc_column][\/vc_row][vc_row][vc_column width=\u00bb1\/3&#8243;][vc_column_text] &lt; Vi Naturalment Dol\u00e7 [\/vc_column_text][vc_single_image image=\u00bb5264&#8243; img_size=\u00bbfull\u00bb alignment=\u00bbcenter\u00bb css_animation=\u00bbslideInLeft\u00bb css=\u00bb.vc_custom_1690360952337{margin-bottom: 0px !important;}\u00bb][\/vc_column][vc_column width=\u00bb2\/3&#8243;][vc_column_text] Can Noves<span class=\"excerpt-hellip\"> [\u2026]<\/span><\/p>\n","protected":false},"author":1,"featured_media":0,"parent":1212,"menu_order":0,"comment_status":"closed","ping_status":"closed","template":"","meta":{"footnotes":""},"class_list":["post-1235","page","type-page","status-publish","hentry"],"jetpack_sharing_enabled":true,"_links":{"self":[{"href":"https:\/\/eccocivi.com\/es\/wp-json\/wp\/v2\/pages\/1235","targetHints":{"allow":["GET"]}}],"collection":[{"href":"https:\/\/eccocivi.com\/es\/wp-json\/wp\/v2\/pages"}],"about":[{"href":"https:\/\/eccocivi.com\/es\/wp-json\/wp\/v2\/types\/page"}],"author":[{"embeddable":true,"href":"https:\/\/eccocivi.com\/es\/wp-json\/wp\/v2\/users\/1"}],"replies":[{"embeddable":true,"href":"https:\/\/eccocivi.com\/es\/wp-json\/wp\/v2\/comments?post=1235"}],"version-history":[{"count":0,"href":"https:\/\/eccocivi.com\/es\/wp-json\/wp\/v2\/pages\/1235\/revisions"}],"up":[{"embeddable":true,"href":"https:\/\/eccocivi.com\/es\/wp-json\/wp\/v2\/pages\/1212"}],"wp:attachment":[{"href":"https:\/\/eccocivi.com\/es\/wp-json\/wp\/v2\/media?parent=1235"}],"curies":[{"name":"wp","href":"https:\/\/api.w.org\/{rel}","templated":true}]}}