{"id":1221,"date":"2018-06-14T10:26:44","date_gmt":"2018-06-14T10:26:44","guid":{"rendered":"http:\/\/eccocivi.com\/?page_id=1221"},"modified":"2025-11-24T10:56:04","modified_gmt":"2025-11-24T09:56:04","slug":"noticias","status":"publish","type":"page","link":"https:\/\/eccocivi.com\/es\/noticias\/","title":{"rendered":"NOTICIAS"},"content":{"rendered":"<div class=\"wpb-content-wrapper\"><p>[vc_row full_width=\u00bbstretch_row_content\u00bb content_placement=\u00bbmiddle\u00bb parallax=\u00bbcontent-moving\u00bb parallax_image=\u00bb499&#8243; css=\u00bb.vc_custom_1516178169754{padding-top: 150px !important;padding-bottom: 150px !important;}\u00bb][vc_column][\/vc_column][\/vc_row][vc_row][vc_column][vc_column_text]<\/p>\n<h1 style=\"text-align: left;\">Actualidad Eccocivi<\/h1>\n<p>[\/vc_column_text]<div class=\"Latest_news \"><ul class=\"ul-first\"><li class=\"post-4308 post type-post status-publish format-standard has-post-thumbnail hentry category-noticies tag-eccocivi-es tag-eccociwine-es tag-elsa-peretti-es tag-sant-marti-vell-es\"><div class=\"photo\"><a href=\"https:\/\/eccocivi.com\/es\/fallece-elsa-peretti-fundadora-de-la-bodega-eccocivi\/\"><img loading=\"lazy\" decoding=\"async\" width=\"633\" height=\"283\" src=\"https:\/\/eccocivi.com\/wp-content\/uploads\/2021\/03\/Elsa.jpeg\" class=\"scale-with-grid wp-post-image\" alt=\"\" srcset=\"https:\/\/eccocivi.com\/wp-content\/uploads\/2021\/03\/Elsa.jpeg 633w, https:\/\/eccocivi.com\/wp-content\/uploads\/2021\/03\/Elsa-300x134.jpeg 300w, https:\/\/eccocivi.com\/wp-content\/uploads\/2021\/03\/Elsa-260x116.jpeg 260w, https:\/\/eccocivi.com\/wp-content\/uploads\/2021\/03\/Elsa-50x22.jpeg 50w, https:\/\/eccocivi.com\/wp-content\/uploads\/2021\/03\/Elsa-150x67.jpeg 150w, https:\/\/eccocivi.com\/wp-content\/uploads\/2021\/03\/Elsa-330x148.jpeg 330w\" sizes=\"auto, (max-width:767px) 633px, 633px\" \/><\/a><\/div><div class=\"desc\"><h5 class=\"\"><a href=\"https:\/\/eccocivi.com\/es\/fallece-elsa-peretti-fundadora-de-la-bodega-eccocivi\/\">Fallece Elsa Peretti, fundadora de la bodega Eccocivi<\/a><\/h5><div class=\"desc_footer\"><span class=\"date\"><i class=\"icon-clock\"><\/i> 20 de marzo de 2021<\/span><i class=\"icon-comment-empty-fa\"><\/i> <a href=\"https:\/\/eccocivi.com\/es\/fallece-elsa-peretti-fundadora-de-la-bodega-eccocivi\/#respond\" class=\"post-comments\">0<\/a><div class=\"button-love\"><\/div><\/div><div class=\"post-excerpt\">La Fundaci\u00f3n Nando y Elsa Peretti y&nbsp; Elsa Peretti Holding anuncian con gran dolor el fallecimiento de Elsa Peretti en Sant Mart\u00ed Vell el 18 de<span class=\"excerpt-hellip\"> [\u2026]<\/span><\/div><\/div><\/li><li class=\"post-3665 post type-post status-publish format-standard has-post-thumbnail hentry category-actualidad\"><div class=\"photo\"><a href=\"https:\/\/eccocivi.com\/es\/medalla-de-plata-y-bronce-en-decanter-world-wine-awards-2020\/\"><img loading=\"lazy\" decoding=\"async\" width=\"456\" height=\"490\" src=\"https:\/\/eccocivi.com\/wp-content\/uploads\/2020\/10\/DWWA-2020-LOGO-2.jpg\" class=\"scale-with-grid wp-post-image\" alt=\"\" srcset=\"https:\/\/eccocivi.com\/wp-content\/uploads\/2020\/10\/DWWA-2020-LOGO-2.jpg 456w, https:\/\/eccocivi.com\/wp-content\/uploads\/2020\/10\/DWWA-2020-LOGO-2-279x300.jpg 279w, https:\/\/eccocivi.com\/wp-content\/uploads\/2020\/10\/DWWA-2020-LOGO-2-136x146.jpg 136w, https:\/\/eccocivi.com\/wp-content\/uploads\/2020\/10\/DWWA-2020-LOGO-2-47x50.jpg 47w, https:\/\/eccocivi.com\/wp-content\/uploads\/2020\/10\/DWWA-2020-LOGO-2-70x75.jpg 70w, https:\/\/eccocivi.com\/wp-content\/uploads\/2020\/10\/DWWA-2020-LOGO-2-330x355.jpg 330w\" sizes=\"auto, (max-width:767px) 456px, 456px\" \/><\/a><\/div><div class=\"desc\"><h5 class=\"\"><a href=\"https:\/\/eccocivi.com\/es\/medalla-de-plata-y-bronce-en-decanter-world-wine-awards-2020\/\">Medalla de Plata y Bronce en Decanter World Wine Awards 2020!<\/a><\/h5><div class=\"desc_footer\"><span class=\"date\"><i class=\"icon-clock\"><\/i> 1 de octubre de 2020<\/span><i class=\"icon-comment-empty-fa\"><\/i> <a href=\"https:\/\/eccocivi.com\/es\/medalla-de-plata-y-bronce-en-decanter-world-wine-awards-2020\/#respond\" class=\"post-comments\">0<\/a><div class=\"button-love\"><\/div><\/div><div class=\"post-excerpt\">El pasado 22 de septiembre se anunciaron los resultados de la mayor competici\u00f3n de vinos a nivel mundial, Decanter World Wine Awards, y es un placer<span class=\"excerpt-hellip\"> [\u2026]<\/span><\/div><\/div><\/li><li class=\"post-3315 post type-post status-publish format-standard has-post-thumbnail hentry category-actualidad\"><div class=\"photo\"><a href=\"https:\/\/eccocivi.com\/es\/cuentos-populares-de-las-gavarres-entre-vinedos\/\"><img loading=\"lazy\" decoding=\"async\" width=\"960\" height=\"720\" src=\"https:\/\/eccocivi.com\/wp-content\/uploads\/2020\/07\/Eccocivi-Contes-populars-de-les-Gavarres-960x720.jpg\" class=\"scale-with-grid wp-post-image\" alt=\"\" srcset=\"https:\/\/eccocivi.com\/wp-content\/uploads\/2020\/07\/Eccocivi-Contes-populars-de-les-Gavarres-960x720.jpg 960w, https:\/\/eccocivi.com\/wp-content\/uploads\/2020\/07\/Eccocivi-Contes-populars-de-les-Gavarres-800x600.jpg 800w, https:\/\/eccocivi.com\/wp-content\/uploads\/2020\/07\/Eccocivi-Contes-populars-de-les-Gavarres-300x225.jpg 300w, https:\/\/eccocivi.com\/wp-content\/uploads\/2020\/07\/Eccocivi-Contes-populars-de-les-Gavarres-1024x768.jpg 1024w, https:\/\/eccocivi.com\/wp-content\/uploads\/2020\/07\/Eccocivi-Contes-populars-de-les-Gavarres-768x576.jpg 768w, https:\/\/eccocivi.com\/wp-content\/uploads\/2020\/07\/Eccocivi-Contes-populars-de-les-Gavarres-1536x1152.jpg 1536w, https:\/\/eccocivi.com\/wp-content\/uploads\/2020\/07\/Eccocivi-Contes-populars-de-les-Gavarres-195x146.jpg 195w, https:\/\/eccocivi.com\/wp-content\/uploads\/2020\/07\/Eccocivi-Contes-populars-de-les-Gavarres-50x38.jpg 50w, https:\/\/eccocivi.com\/wp-content\/uploads\/2020\/07\/Eccocivi-Contes-populars-de-les-Gavarres-100x75.jpg 100w, https:\/\/eccocivi.com\/wp-content\/uploads\/2020\/07\/Eccocivi-Contes-populars-de-les-Gavarres-330x248.jpg 330w, https:\/\/eccocivi.com\/wp-content\/uploads\/2020\/07\/Eccocivi-Contes-populars-de-les-Gavarres.jpg 1600w\" sizes=\"auto, (max-width:767px) 700px, (max-width:960px) 100vw, 960px\" \/><\/a><\/div><div class=\"desc\"><h5 class=\"\"><a href=\"https:\/\/eccocivi.com\/es\/cuentos-populares-de-las-gavarres-entre-vinedos\/\">Cuentos populares de las Gavarres entre vi\u00f1edos<\/a><\/h5><div class=\"desc_footer\"><span class=\"date\"><i class=\"icon-clock\"><\/i> 7 de julio de 2020<\/span><i class=\"icon-comment-empty-fa\"><\/i> <a href=\"https:\/\/eccocivi.com\/es\/cuentos-populares-de-las-gavarres-entre-vinedos\/#respond\" class=\"post-comments\">0<\/a><div class=\"button-love\"><\/div><\/div><div class=\"post-excerpt\">Este fin de semana, 4 y 5 de julio, se ha celebrado la Fiesta Mayor de Sant Mart\u00ed Vell! Peque\u00f1os y grandes hemos podido disfrutar del<span class=\"excerpt-hellip\"> [\u2026]<\/span><\/div><\/div><\/li><li class=\"post-3158 post type-post status-publish format-standard has-post-thumbnail hentry category-actualidad\"><div class=\"photo\"><a href=\"https:\/\/eccocivi.com\/es\/tornem-amb-natura-i-bon-vi\/\"><img loading=\"lazy\" decoding=\"async\" width=\"960\" height=\"718\" src=\"https:\/\/eccocivi.com\/wp-content\/uploads\/2020\/06\/Eccocivi-Vinya-Gavarres-960x718.jpg\" class=\"scale-with-grid wp-post-image\" alt=\"\" srcset=\"https:\/\/eccocivi.com\/wp-content\/uploads\/2020\/06\/Eccocivi-Vinya-Gavarres-960x718.jpg 960w, https:\/\/eccocivi.com\/wp-content\/uploads\/2020\/06\/Eccocivi-Vinya-Gavarres-800x599.jpg 800w, https:\/\/eccocivi.com\/wp-content\/uploads\/2020\/06\/Eccocivi-Vinya-Gavarres-300x224.jpg 300w, https:\/\/eccocivi.com\/wp-content\/uploads\/2020\/06\/Eccocivi-Vinya-Gavarres-1024x766.jpg 1024w, https:\/\/eccocivi.com\/wp-content\/uploads\/2020\/06\/Eccocivi-Vinya-Gavarres-768x575.jpg 768w, https:\/\/eccocivi.com\/wp-content\/uploads\/2020\/06\/Eccocivi-Vinya-Gavarres-1536x1149.jpg 1536w, https:\/\/eccocivi.com\/wp-content\/uploads\/2020\/06\/Eccocivi-Vinya-Gavarres-2048x1532.jpg 2048w, https:\/\/eccocivi.com\/wp-content\/uploads\/2020\/06\/Eccocivi-Vinya-Gavarres-195x146.jpg 195w, https:\/\/eccocivi.com\/wp-content\/uploads\/2020\/06\/Eccocivi-Vinya-Gavarres-50x37.jpg 50w, https:\/\/eccocivi.com\/wp-content\/uploads\/2020\/06\/Eccocivi-Vinya-Gavarres-100x75.jpg 100w, https:\/\/eccocivi.com\/wp-content\/uploads\/2020\/06\/Eccocivi-Vinya-Gavarres-330x247.jpg 330w\" sizes=\"auto, (max-width:767px) 700px, (max-width:960px) 100vw, 960px\" \/><\/a><\/div><div class=\"desc\"><h5 class=\"\"><a href=\"https:\/\/eccocivi.com\/es\/tornem-amb-natura-i-bon-vi\/\">Volvemos con naturaleza y buen vino<\/a><\/h5><div class=\"desc_footer\"><span class=\"date\"><i class=\"icon-clock\"><\/i> 3 de junio de 2020<\/span><i class=\"icon-comment-empty-fa\"><\/i> <a href=\"https:\/\/eccocivi.com\/es\/tornem-amb-natura-i-bon-vi\/#respond\" class=\"post-comments\">0<\/a><div class=\"button-love\"><\/div><\/div><div class=\"post-excerpt\">El vi\u00f1edo ha seguido su proceso natural y con la primavera se ha vestido de verde, est\u00e1 maravilloso, espl\u00e9ndido y en flor. Queremos compartir este entorno<span class=\"excerpt-hellip\"> [\u2026]<\/span><\/div><\/div><\/li><li class=\"post-2761 post type-post status-publish format-standard has-post-thumbnail hentry category-actualidad category-actualitat\"><div class=\"photo\"><a href=\"https:\/\/eccocivi.com\/es\/ahora-mas-que-nunca-con-vosotros\/\"><img loading=\"lazy\" decoding=\"async\" width=\"839\" height=\"527\" src=\"https:\/\/eccocivi.com\/wp-content\/uploads\/2020\/04\/Eccocivi-Els-Nostres-Vins.png\" class=\"scale-with-grid wp-post-image\" alt=\"\" srcset=\"https:\/\/eccocivi.com\/wp-content\/uploads\/2020\/04\/Eccocivi-Els-Nostres-Vins.png 839w, https:\/\/eccocivi.com\/wp-content\/uploads\/2020\/04\/Eccocivi-Els-Nostres-Vins-800x503.png 800w, https:\/\/eccocivi.com\/wp-content\/uploads\/2020\/04\/Eccocivi-Els-Nostres-Vins-300x188.png 300w, https:\/\/eccocivi.com\/wp-content\/uploads\/2020\/04\/Eccocivi-Els-Nostres-Vins-768x482.png 768w, https:\/\/eccocivi.com\/wp-content\/uploads\/2020\/04\/Eccocivi-Els-Nostres-Vins-232x146.png 232w, https:\/\/eccocivi.com\/wp-content\/uploads\/2020\/04\/Eccocivi-Els-Nostres-Vins-50x31.png 50w, https:\/\/eccocivi.com\/wp-content\/uploads\/2020\/04\/Eccocivi-Els-Nostres-Vins-119x75.png 119w\" sizes=\"auto, (max-width:767px) 700px, (max-width:839px) 100vw, 839px\" \/><\/a><\/div><div class=\"desc\"><h5 class=\"\"><a href=\"https:\/\/eccocivi.com\/es\/ahora-mas-que-nunca-con-vosotros\/\">Ahora m\u00e1s que nunca con vosotros<\/a><\/h5><div class=\"desc_footer\"><span class=\"date\"><i class=\"icon-clock\"><\/i> 15 de abril de 2020<\/span><i class=\"icon-comment-empty-fa\"><\/i> <a href=\"https:\/\/eccocivi.com\/es\/ahora-mas-que-nunca-con-vosotros\/#respond\" class=\"post-comments\">0<\/a><div class=\"button-love\"><\/div><\/div><div class=\"post-excerpt\">Estos d\u00edas nos enfrentamos a uno de los mayores retos de las \u00faltimas d\u00e9cadas y esta situaci\u00f3n la superaremos entre todos y sobre todo si nos<span class=\"excerpt-hellip\"> [\u2026]<\/span><\/div><\/div><\/li><li class=\"post-2488 post type-post status-publish format-standard has-post-thumbnail hentry category-actualidad category-actualitat\"><div class=\"photo\"><a href=\"https:\/\/eccocivi.com\/es\/vins-a-la-vila-2nd-edition-2\/\"><img loading=\"lazy\" decoding=\"async\" width=\"819\" height=\"546\" src=\"https:\/\/eccocivi.com\/wp-content\/uploads\/2020\/01\/Eccocivi-CalElsaMasia-AuthenticFoodQuest.jpg\" class=\"scale-with-grid wp-post-image\" alt=\"\" srcset=\"https:\/\/eccocivi.com\/wp-content\/uploads\/2020\/01\/Eccocivi-CalElsaMasia-AuthenticFoodQuest.jpg 819w, https:\/\/eccocivi.com\/wp-content\/uploads\/2020\/01\/Eccocivi-CalElsaMasia-AuthenticFoodQuest-800x533.jpg 800w, https:\/\/eccocivi.com\/wp-content\/uploads\/2020\/01\/Eccocivi-CalElsaMasia-AuthenticFoodQuest-300x200.jpg 300w, https:\/\/eccocivi.com\/wp-content\/uploads\/2020\/01\/Eccocivi-CalElsaMasia-AuthenticFoodQuest-768x512.jpg 768w, https:\/\/eccocivi.com\/wp-content\/uploads\/2020\/01\/Eccocivi-CalElsaMasia-AuthenticFoodQuest-219x146.jpg 219w, https:\/\/eccocivi.com\/wp-content\/uploads\/2020\/01\/Eccocivi-CalElsaMasia-AuthenticFoodQuest-50x33.jpg 50w, https:\/\/eccocivi.com\/wp-content\/uploads\/2020\/01\/Eccocivi-CalElsaMasia-AuthenticFoodQuest-113x75.jpg 113w\" sizes=\"auto, (max-width:767px) 700px, (max-width:819px) 100vw, 819px\" \/><\/a><\/div><div class=\"desc\"><h5 class=\"\"><a href=\"https:\/\/eccocivi.com\/es\/vins-a-la-vila-2nd-edition-2\/\">\u00a1Authentic Food Quest nos visita!<\/a><\/h5><div class=\"desc_footer\"><span class=\"date\"><i class=\"icon-clock\"><\/i> 9 de enero de 2020<\/span><i class=\"icon-comment-empty-fa\"><\/i> <a href=\"https:\/\/eccocivi.com\/es\/vins-a-la-vila-2nd-edition-2\/#respond\" class=\"post-comments\">0<\/a><div class=\"button-love\"><\/div><\/div><div class=\"post-excerpt\">El pasado mes de septiembre tuvimos el placer de mostrar nuestra bodega y compartir nuestros vinos a Rosemary y Claire de Authentic Food Quest, escritoras y<span class=\"excerpt-hellip\"> [\u2026]<\/span><\/div><\/div><\/li><li class=\"post-2202 post type-post status-publish format-standard has-post-thumbnail hentry category-actualidad category-actualitat\"><div class=\"photo\"><a href=\"https:\/\/eccocivi.com\/es\/vins-a-la-vila-2nd-edition\/\"><img loading=\"lazy\" decoding=\"async\" width=\"577\" height=\"720\" src=\"https:\/\/eccocivi.com\/wp-content\/uploads\/2019\/06\/vinsalavila-577x720.jpg\" class=\"scale-with-grid wp-post-image\" alt=\"\" srcset=\"https:\/\/eccocivi.com\/wp-content\/uploads\/2019\/06\/vinsalavila-577x720.jpg 577w, https:\/\/eccocivi.com\/wp-content\/uploads\/2019\/06\/vinsalavila-800x998.jpg 800w, https:\/\/eccocivi.com\/wp-content\/uploads\/2019\/06\/vinsalavila-241x300.jpg 241w, https:\/\/eccocivi.com\/wp-content\/uploads\/2019\/06\/vinsalavila-768x958.jpg 768w, https:\/\/eccocivi.com\/wp-content\/uploads\/2019\/06\/vinsalavila-821x1024.jpg 821w, https:\/\/eccocivi.com\/wp-content\/uploads\/2019\/06\/vinsalavila-117x146.jpg 117w, https:\/\/eccocivi.com\/wp-content\/uploads\/2019\/06\/vinsalavila-40x50.jpg 40w, https:\/\/eccocivi.com\/wp-content\/uploads\/2019\/06\/vinsalavila-60x75.jpg 60w, https:\/\/eccocivi.com\/wp-content\/uploads\/2019\/06\/vinsalavila.jpg 866w\" sizes=\"auto, (max-width:767px) 577px, 577px\" \/><\/a><\/div><div class=\"desc\"><h5 class=\"\"><a href=\"https:\/\/eccocivi.com\/es\/vins-a-la-vila-2nd-edition\/\">Vins a la Vila \u2013 2\u00aa edici\u00f3n<\/a><\/h5><div class=\"desc_footer\"><span class=\"date\"><i class=\"icon-clock\"><\/i> 18 de junio de 2019<\/span><i class=\"icon-comment-empty-fa\"><\/i> <a href=\"https:\/\/eccocivi.com\/es\/vins-a-la-vila-2nd-edition\/#respond\" class=\"post-comments\">0<\/a><div class=\"button-love\"><\/div><\/div><div class=\"post-excerpt\">Este s\u00e1bado pasado pudimos participar en la feria &#8216;Vins a la Vila&#8216; que tuvo lugar en el barrio de Gr\u00e0cia en Barcelona. Una muestra de m\u00e1s<span class=\"excerpt-hellip\"> [\u2026]<\/span><\/div><\/div><\/li><li class=\"post-2161 post type-post status-publish format-standard has-post-thumbnail hentry category-actualitat\"><div class=\"photo\"><a href=\"https:\/\/eccocivi.com\/es\/benvinguts-a-pages-2019\/\"><img loading=\"lazy\" decoding=\"async\" width=\"960\" height=\"720\" src=\"https:\/\/eccocivi.com\/wp-content\/uploads\/2019\/06\/a0199b5d-4604-4684-b5fc-a3d4f5bba176-960x720.jpg\" class=\"scale-with-grid wp-post-image\" alt=\"\" srcset=\"https:\/\/eccocivi.com\/wp-content\/uploads\/2019\/06\/a0199b5d-4604-4684-b5fc-a3d4f5bba176-960x720.jpg 960w, https:\/\/eccocivi.com\/wp-content\/uploads\/2019\/06\/a0199b5d-4604-4684-b5fc-a3d4f5bba176-800x600.jpg 800w, https:\/\/eccocivi.com\/wp-content\/uploads\/2019\/06\/a0199b5d-4604-4684-b5fc-a3d4f5bba176-300x225.jpg 300w, https:\/\/eccocivi.com\/wp-content\/uploads\/2019\/06\/a0199b5d-4604-4684-b5fc-a3d4f5bba176-768x576.jpg 768w, https:\/\/eccocivi.com\/wp-content\/uploads\/2019\/06\/a0199b5d-4604-4684-b5fc-a3d4f5bba176-1024x768.jpg 1024w, https:\/\/eccocivi.com\/wp-content\/uploads\/2019\/06\/a0199b5d-4604-4684-b5fc-a3d4f5bba176-195x146.jpg 195w, https:\/\/eccocivi.com\/wp-content\/uploads\/2019\/06\/a0199b5d-4604-4684-b5fc-a3d4f5bba176-50x38.jpg 50w, https:\/\/eccocivi.com\/wp-content\/uploads\/2019\/06\/a0199b5d-4604-4684-b5fc-a3d4f5bba176-100x75.jpg 100w, https:\/\/eccocivi.com\/wp-content\/uploads\/2019\/06\/a0199b5d-4604-4684-b5fc-a3d4f5bba176.jpg 1440w\" sizes=\"auto, (max-width:767px) 700px, (max-width:960px) 100vw, 960px\" \/><\/a><\/div><div class=\"desc\"><h5 class=\"\"><a href=\"https:\/\/eccocivi.com\/es\/benvinguts-a-pages-2019\/\">Benvinguts a Pag\u00e8s 2019<\/a><\/h5><div class=\"desc_footer\"><span class=\"date\"><i class=\"icon-clock\"><\/i> 6 de junio de 2019<\/span><i class=\"icon-comment-empty-fa\"><\/i> <a href=\"https:\/\/eccocivi.com\/es\/benvinguts-a-pages-2019\/#respond\" class=\"post-comments\">0<\/a><div class=\"button-love\"><\/div><\/div><div class=\"post-excerpt\">Nuevamente este a\u00f1o hemos tenido la oportunidad de participar en \u2018Benvinguts a Pag\u00e8s\u2019, en su 4\u00aa edici\u00f3n. Una iniciativa llevada a cabo por el Departamento de<span class=\"excerpt-hellip\"> [\u2026]<\/span><\/div><\/div><\/li><li class=\"post-2026 post type-post status-publish format-standard has-post-thumbnail hentry category-actualitat\"><div class=\"photo\"><a href=\"https:\/\/eccocivi.com\/es\/eccocivi-a-canada\/\"><img loading=\"lazy\" decoding=\"async\" width=\"720\" height=\"720\" src=\"https:\/\/eccocivi.com\/wp-content\/uploads\/2019\/05\/Stratus-720x720.jpg\" class=\"scale-with-grid wp-post-image\" alt=\"\" srcset=\"https:\/\/eccocivi.com\/wp-content\/uploads\/2019\/05\/Stratus-720x720.jpg 720w, https:\/\/eccocivi.com\/wp-content\/uploads\/2019\/05\/Stratus-800x800.jpg 800w, https:\/\/eccocivi.com\/wp-content\/uploads\/2019\/05\/Stratus-300x300.jpg 300w, https:\/\/eccocivi.com\/wp-content\/uploads\/2019\/05\/Stratus-150x150.jpg 150w, https:\/\/eccocivi.com\/wp-content\/uploads\/2019\/05\/Stratus-768x768.jpg 768w, https:\/\/eccocivi.com\/wp-content\/uploads\/2019\/05\/Stratus-1024x1024.jpg 1024w, https:\/\/eccocivi.com\/wp-content\/uploads\/2019\/05\/Stratus-146x146.jpg 146w, https:\/\/eccocivi.com\/wp-content\/uploads\/2019\/05\/Stratus-50x50.jpg 50w, https:\/\/eccocivi.com\/wp-content\/uploads\/2019\/05\/Stratus-75x75.jpg 75w, https:\/\/eccocivi.com\/wp-content\/uploads\/2019\/05\/Stratus-85x85.jpg 85w, https:\/\/eccocivi.com\/wp-content\/uploads\/2019\/05\/Stratus-80x80.jpg 80w, https:\/\/eccocivi.com\/wp-content\/uploads\/2019\/05\/Stratus.jpg 1080w\" sizes=\"auto, (max-width:767px) 700px, 720px\" \/><\/a><\/div><div class=\"desc\"><h5 class=\"\"><a href=\"https:\/\/eccocivi.com\/es\/eccocivi-a-canada\/\">Eccocivi en Canad\u00e1<\/a><\/h5><div class=\"desc_footer\"><span class=\"date\"><i class=\"icon-clock\"><\/i> 14 de mayo de 2019<\/span><i class=\"icon-comment-empty-fa\"><\/i> <a href=\"https:\/\/eccocivi.com\/es\/eccocivi-a-canada\/#respond\" class=\"post-comments\">0<\/a><div class=\"button-love\"><\/div><\/div><div class=\"post-excerpt\">Eccocivi ha estado en Canad\u00e1 gracias a Cru Wine Merchants con otras bodegas: Bindi Sergardi, &nbsp;Agricola Molino i Obsidian Wine Co, presentando su #videLesGavarres en diferentes<span class=\"excerpt-hellip\"> [\u2026]<\/span><\/div><\/div><\/li><\/ul><\/div>\n[\/vc_column][\/vc_row]<\/p>\n<\/div>","protected":false},"excerpt":{"rendered":"<p>[vc_row full_width=\u00bbstretch_row_content\u00bb content_placement=\u00bbmiddle\u00bb parallax=\u00bbcontent-moving\u00bb parallax_image=\u00bb499&#8243; css=\u00bb.vc_custom_1516178169754{padding-top: 150px !important;padding-bottom: 150px !important;}\u00bb][vc_column][\/vc_column][\/vc_row][vc_row][vc_column][vc_column_text] Actualidad Eccocivi [\/vc_column_text][\/vc_column][\/vc_row]<\/p>\n","protected":false},"author":1,"featured_media":-1,"parent":0,"menu_order":0,"comment_status":"closed","ping_status":"closed","template":"","meta":{"footnotes":""},"class_list":["post-1221","page","type-page","status-publish","has-post-thumbnail","hentry"],"jetpack_sharing_enabled":true,"_links":{"self":[{"href":"https:\/\/eccocivi.com\/es\/wp-json\/wp\/v2\/pages\/1221","targetHints":{"allow":["GET"]}}],"collection":[{"href":"https:\/\/eccocivi.com\/es\/wp-json\/wp\/v2\/pages"}],"about":[{"href":"https:\/\/eccocivi.com\/es\/wp-json\/wp\/v2\/types\/page"}],"author":[{"embeddable":true,"href":"https:\/\/eccocivi.com\/es\/wp-json\/wp\/v2\/users\/1"}],"replies":[{"embeddable":true,"href":"https:\/\/eccocivi.com\/es\/wp-json\/wp\/v2\/comments?post=1221"}],"version-history":[{"count":2,"href":"https:\/\/eccocivi.com\/es\/wp-json\/wp\/v2\/pages\/1221\/revisions"}],"predecessor-version":[{"id":5912,"href":"https:\/\/eccocivi.com\/es\/wp-json\/wp\/v2\/pages\/1221\/revisions\/5912"}],"wp:featuredmedia":[{"embeddable":true,"href":"https:\/\/eccocivi.com\/es\/wp-json\/"}],"wp:attachment":[{"href":"https:\/\/eccocivi.com\/es\/wp-json\/wp\/v2\/media?parent=1221"}],"curies":[{"name":"wp","href":"https:\/\/api.w.org\/{rel}","templated":true}]}}