{"id":1205,"date":"2018-06-14T09:45:24","date_gmt":"2018-06-14T09:45:24","guid":{"rendered":"http:\/\/eccocivi.com\/?page_id=1205"},"modified":"2026-02-20T09:43:27","modified_gmt":"2026-02-20T08:43:27","slug":"enoturismo-2-2","status":"publish","type":"page","link":"https:\/\/eccocivi.com\/es\/enoturismo-2-2\/","title":{"rendered":"ENOTURISMO"},"content":{"rendered":"<div class=\"wpb-content-wrapper\"><p>[vc_row full_width=\u00bbstretch_row_content\u00bb][vc_column css=\u00bb.vc_custom_1506513587124{margin-top: 0px !important;margin-right: 0px !important;margin-bottom: 0px !important;margin-left: 0px !important;padding-top: 0px !important;padding-right: 0px !important;padding-bottom: 0px !important;padding-left: 0px !important;}\u00bb][vc_single_image image=\u00bb898&#8243; img_size=\u00bbfull\u00bb alignment=\u00bbcenter\u00bb css=\u00bb.vc_custom_1506513655971{margin-top: 0px !important;margin-right: 0px !important;margin-bottom: 0px !important;margin-left: 0px !important;padding-top: 0px !important;padding-right: 0px !important;padding-bottom: 0px !important;padding-left: 0px !important;}\u00bb][\/vc_column][\/vc_row][vc_row full_width=\u00bbstretch_row_content\u00bb css=\u00bb.vc_custom_1517571112965{background-color: #c4281d !important;}\u00bb][vc_column css=\u00bb.vc_custom_1517566238547{padding-top: 30px !important;padding-bottom: 30px !important;}\u00bb][vc_column_text]<\/p>\n<h1 style=\"text-align: center;\"><strong style=\"color: #fff;\">Enoturismo<\/strong><\/h1>\n<h5 style=\"font-size: 20px; padding-bottom: 10px; color: #fff; text-align: center;\"><em>Ven a descubrir el vino de les Gavarres<\/em><\/h5>\n<p>[\/vc_column_text][\/vc_column][\/vc_row][vc_row full_width=\u00bbstretch_row\u00bb equal_height=\u00bbyes\u00bb css=\u00bb.vc_custom_1524812745340{padding-top: 25px !important;padding-right: 25px !important;padding-bottom: 25px !important;padding-left: 25px !important;background-color: #ededed !important;}\u00bb el_class=\u00bbfila-mitja\u00bb][vc_column css=\u00bb.vc_custom_1524563401869{padding-top: 0px !important;padding-bottom: 0px !important;}\u00bb][vc_column_text]<\/p>\n<h4 style=\"text-align: center;\">Ven a conocer nuestra bodega. Ofrecemos visitas guiadas a la bodega y la vi\u00f1a, con degustaci\u00f3n de vinos.<\/h4>\n<p style=\"text-align: center;\"><strong>Reservas visitas:<\/strong><br \/>\n+ 34 609 148 576 \/ +34 872 000 015<br \/>\nvisites@eccociwine.com<br \/>\n(\u00c9s imprescindible concertar previamente la visita)<\/p>\n<p style=\"text-align: center;\"><strong>Direcci\u00f3n bodega:<\/strong><br \/>\nParatge Mont-rod\u00f3 n\u00ba 3, 17462 Sant Mart\u00ed Vell (Girona)<\/p>\n<p style=\"text-align: center;\"><a href=\"https:\/\/goo.gl\/maps\/9XBibKTXy8vs4q386\"><em><strong><span style=\"color: #ff0000;\"><span style=\"font-size: medium;\">Como llegar<\/span><\/span><\/strong><\/em><\/a><\/p>\n<p>[\/vc_column_text][vc_row_inner][vc_column_inner width=\u00bb1\/2&#8243;]<div class=\"icon_box icon_position_top no_border\"><div class=\"desc_wrapper\"><\/div><\/div>\n[\/vc_column_inner][vc_column_inner width=\u00bb1\/2&#8243;]<div class=\"icon_box icon_position_top no_border\"><div class=\"desc_wrapper\"><\/div><\/div>\n[\/vc_column_inner][\/vc_row_inner][\/vc_column][\/vc_row][vc_row full_width=\u00bbstretch_row_content\u00bb equal_height=\u00bbyes\u00bb content_placement=\u00bbmiddle\u00bb][vc_column width=\u00bb1\/2&#8243; css=\u00bb.vc_custom_1524812089048{padding-top: 50px !important;padding-right: 50px !important;padding-bottom: 50px !important;padding-left: 50px !important;}\u00bb][vc_column_text]<\/p>\n<h5><span class=\"nums\">1<\/span> Origen &#8211; Descubre el origen<\/h5>\n<p>Te llevamos a conocer los espacios vinculados al origen de nuestros vinos. La visita comienza en la bodega, contin\u00faa por los vi\u00f1edos y culmina con una degustaci\u00f3n guiada de 4 vinos. Descubrir\u00e9is una bodega dise\u00f1ada con las \u00faltimas tecnolog\u00edas donde trabajamos bajo unos par\u00e1metros de sostenibilidad y m\u00e1ximo respeto por las tradiciones.<\/p>\n<p><em><strong>Duraci\u00f3n: 1 h y 15 minutos.<\/strong><\/em><br \/>\n<em><strong>Precio a partir de: 26 \u20ac *<\/strong><\/em><\/p>\n<p data-path-to-node=\"4,2,0\"><i data-path-to-node=\"4,2,0\" data-index-in-node=\"0\">*Precio est\u00e1ndar para grupo no privado. Para realizar una visita privada, cons\u00faltanos.<\/i><\/p>\n<p>[\/vc_column_text][vc_empty_space height=\u00bb50px\u00bb][vc_column_text]<\/p>\n<h5><span class=\"nums\"><span style=\"vertical-align: inherit;\"><span style=\"vertical-align: inherit;\">2<\/span><\/span><\/span><span style=\"vertical-align: inherit;\"><span style=\"vertical-align: inherit;\"> Fam\u00edlia &#8211; Vive la experiencia de Ca l\u2019Elsa a fondo<\/span><\/span><\/h5>\n<p>Nuestra experiencia m\u00e1s completa. La visita comienza en la bodega, sigue por los vi\u00f1edos y culmina con una degustaci\u00f3n de vinos con maridaje a base de una selecci\u00f3n de quesos y embutidos en la terraza medieval de la mas\u00eda de Ca l&#8217;Elsa. Descubrir\u00e9is el vi\u00f1edo, su entorno natural y una bodega dise\u00f1ada con las \u00faltimas tecnolog\u00edas donde trabajamos bajo par\u00e1metros de sostenibilidad y m\u00e1ximo respeto por las tradiciones.<\/p>\n<p><em><strong>Duraci\u00f3n: 2 h.<\/strong><\/em><br \/>\n<em><strong>Precio a partir de: 38 \u20ac *<\/strong><\/em><\/p>\n<p data-path-to-node=\"8,2,0\"><em>*Precio est\u00e1ndar para grupo no privado. Para realizar una visita privada, cons\u00faltanos.<\/em><\/p>\n<p>[\/vc_column_text][\/vc_column][vc_column width=\u00bb1\/2&#8243; css=\u00bb.vc_custom_1612189915809{padding-top: 120px !important;padding-right: 120px !important;padding-bottom: 120px !important;padding-left: 120px !important;background-image: url(https:\/\/eccocivi.com\/wp-content\/uploads\/2021\/02\/Eccocivi-Celler.jpg?id=4175) !important;background-position: center !important;background-repeat: no-repeat !important;background-size: cover !important;}\u00bb][\/vc_column][\/vc_row][vc_row full_width=\u00bbstretch_row_content\u00bb equal_height=\u00bbyes\u00bb content_placement=\u00bbmiddle\u00bb][vc_column width=\u00bb1\/2&#8243; css=\u00bb.vc_custom_1612181560823{padding-top: 0px !important;padding-right: 0px !important;padding-bottom: 0px !important;padding-left: 0px !important;background-image: url(https:\/\/eccocivi.com\/wp-content\/uploads\/2020\/06\/Eccocivi-Mujer-Toro-Jorde-Castillo.jpg?id=3192) !important;background-position: center !important;background-repeat: no-repeat !important;background-size: cover !important;}\u00bb][\/vc_column][vc_column width=\u00bb1\/2&#8243; css=\u00bb.vc_custom_1524812327419{padding-top: 50px !important;padding-right: 50px !important;padding-bottom: 50px !important;padding-left: 50px !important;}\u00bb][vc_column_text]<\/p>\n<h5><span class=\"nums\"><span style=\"vertical-align: inherit;\"><span style=\"vertical-align: inherit;\">3<\/span><\/span><\/span><span style=\"vertical-align: inherit;\"><span style=\"vertical-align: inherit;\"> Bar A Vins<\/span><\/span><\/h5>\n<p>Te invitamos a maridar 3 de nuestros vinos con una selecci\u00f3n de productos locales. La idea es que te relaxes y disfrutes con nosotros como nunca desde la comodidad de nuestra zona de Wine Bar. Una experiencia sin visitas guiadas ni recorridos, pensada para que te relajes en tu mesa y te dejes cautivar por el paisaje que nos rodea. Adem\u00e1s, tendr\u00e1s a tu disposici\u00f3n nuestra carta por si quieres complementar tu cata con productos de nuestra tierra.<\/p>\n<div class=\"page\" title=\"Page 1\">\n<div class=\"layoutArea\">\n<div class=\"column\">\n<p><strong><em><span class=\"missatge-eco\"><span style=\"vertical-align: inherit;\"><span style=\"vertical-align: inherit;\">Duraci\u00f3n: 60 &#8211; 90 minutes.<br \/>\n<\/span><\/span><\/span>Precio: 25 \u20ac<\/em><\/strong><\/p>\n<p data-path-to-node=\"12,2,0\"><i data-path-to-node=\"12,2,0\" data-index-in-node=\"0\">(Grupo m\u00ednimo de 2 personas y con reserva previa obligatoria. De lunes a viernes de 10:00 h a 16:00 h.)<\/i><\/p>\n<p>&nbsp;<\/p>\n<\/div>\n<\/div>\n<\/div>\n<p>[\/vc_column_text][vc_empty_space height=\u00bb50px\u00bb][vc_column_text]<\/p>\n<h5><span class=\"nums\">4<\/span> Flash<\/h5>\n<div class=\"page\" title=\"Page 1\">\n<div class=\"layoutArea\">\n<div class=\"column\">\n<p>\u00bfTienes poco tiempo pero quieres probar nuestros vinos? Si no dispones de tiempo para una visita completa, te lo ponemos f\u00e1cil. Disfruta de una selecci\u00f3n de vinos elegida por nuestra bodega y vive la experiencia Ca l\u2019Elsa de manera breve pero intensa. Esta es una propuesta de autocata dise\u00f1ada para que disfrutes a tu aire, sin gu\u00eda. Te entregaremos unas fichas de cata detalladas de cada vino para que puedas descubrir sus notas y matices por tu cuenta mientras te relajas en nuestra zona de catas.<\/p>\n<p><em><strong>Duraci\u00f3n: 20 &#8211; 30 minutos.<\/strong><\/em><br \/>\n<em><strong>Precio: 15 \u20ac<\/strong><\/em><\/p>\n<p><em>(Sin m\u00ednimo de personas y no se necesita reserva previa).<\/em><\/p>\n<\/div>\n<\/div>\n<\/div>\n<p>[\/vc_column_text][\/vc_column][\/vc_row][vc_row full_width=\u00bbstretch_row_content\u00bb equal_height=\u00bbyes\u00bb content_placement=\u00bbmiddle\u00bb][vc_column width=\u00bb1\/2&#8243; css=\u00bb.vc_custom_1524812089048{padding-top: 50px !important;padding-right: 50px !important;padding-bottom: 50px !important;padding-left: 50px !important;}\u00bb][vc_column_text]<\/p>\n<h5><span class=\"nums\">5<\/span> L&#8217;Ess\u00e8ncia de Ca l&#8217;Elsa<\/h5>\n<p>La paella es un asunto muy serio en nuestro pa\u00eds, especialmente en nuestro pueblo, Sant Mart\u00ed Vell. Y si, adem\u00e1s, se acompa\u00f1a de una selecci\u00f3n de nuestros vinos, la experiencia se vuelve memorable. Te ofrecemos vivir una experiencia inmersiva en la esencia del territorio catal\u00e1n; disfrutar\u00e1s de un men\u00fa seleccionado que incluye aperitivos, un plato principal y postres, adem\u00e1s de nuestra selecci\u00f3n de 3 vinos. Cada plato est\u00e1 dise\u00f1ado para complementarse, ofreciendo el verdadero sabor de la regi\u00f3n.<\/p>\n<p><em><strong>Duraci\u00f3n: 180 minutos.<\/strong><\/em><br \/>\n<em><strong>Precio a partir de: 70 \u20ac\u00a0<\/strong><\/em><\/p>\n<p data-path-to-node=\"4,2,0\"><em>(Grupo m\u00ednimo de 6 personas o recargo equivalente a 6. Experiencia privada y con reserva previa obligatoria).<\/em><\/p>\n<p>[\/vc_column_text][vc_empty_space height=\u00bb50px\u00bb][vc_column_text]<\/p>\n<h5><span class=\"nums\"><span style=\"vertical-align: inherit;\"><span style=\"vertical-align: inherit;\">6<\/span><\/span><\/span><span style=\"vertical-align: inherit;\"><span style=\"vertical-align: inherit;\"> L&#8217;\u00c0nima del Vi &#8211; Cata con el en\u00f3logo<\/span><\/span><\/h5>\n<p>\u00bfQuieres saber el \u00abporqu\u00e9\u00bb de cada botella? Esta visita privada con el en\u00f3logo te permite conocer la filosof\u00eda del proyecto desde una perspectiva t\u00e9cnica y rigurosa. Una oportunidad \u00fanica para resolver dudas profesionales y entender las decisiones enol\u00f3gicas que dan personalidad a nuestros vinos. Una conversaci\u00f3n profunda sobre suelos, variedades y crianzas para mentes curiosas.<\/p>\n<p><em><strong>Duraci\u00f3n: 120 minutos.<\/strong><\/em><br \/>\n<em><strong>Precio a partir de: 80 \u20ac\u00a0<\/strong><\/em><\/p>\n<p data-path-to-node=\"8,2,0\"><em>(Grupo m\u00ednimo de 6 personas o recargo de 6. Experiencia privada con reserva previa obligatoria).<\/em><\/p>\n<p>[\/vc_column_text][\/vc_column][vc_column width=\u00bb1\/2&#8243; css=\u00bb.vc_custom_1771576767198{padding-top: 120px !important;padding-right: 120px !important;padding-bottom: 120px !important;padding-left: 120px !important;background-image: url(https:\/\/eccocivi.com\/wp-content\/uploads\/2026\/02\/IMG_5733-scaled.jpg?id=5942) !important;background-position: center !important;background-repeat: no-repeat !important;background-size: cover !important;}\u00bb][\/vc_column][\/vc_row][vc_row full_width=\u00bbstretch_row_content\u00bb equal_height=\u00bbyes\u00bb content_placement=\u00bbmiddle\u00bb][vc_column width=\u00bb1\/2&#8243; css=\u00bb.vc_custom_1771576958589{padding-top: 120px !important;padding-right: 120px !important;padding-bottom: 120px !important;padding-left: 120px !important;background-image: url(https:\/\/eccocivi.com\/wp-content\/uploads\/2026\/02\/Era-i-porxos-Ca-lElsa-Nit-1.jpg?id=5939) !important;background-position: center !important;background-repeat: no-repeat !important;background-size: cover !important;}\u00bb][\/vc_column][vc_column width=\u00bb1\/2&#8243; css=\u00bb.vc_custom_1524812327419{padding-top: 50px !important;padding-right: 50px !important;padding-bottom: 50px !important;padding-left: 50px !important;}\u00bb][vc_empty_space height=\u00bb50px\u00bb][vc_column_text]<\/p>\n<h5><span class=\"nums\"><span style=\"vertical-align: inherit;\"><span style=\"vertical-align: inherit;\">7<\/span><\/span><\/span><span style=\"vertical-align: inherit;\"><span style=\"vertical-align: inherit;\"> Experiencias \u00fanicas y eventos especiales y privados<\/span><\/span><\/h5>\n<p>En Ca l&#8217;Elsa ofrecemos un entorno \u00fanico para eventos privados, adaptado a cualquier ocasi\u00f3n especial. Nuestra bodega sorprende siempre a los visitantes por el contraste entre modernidad y tradici\u00f3n. Ya se trate de bodas \u00edntimas, fiestas de cumplea\u00f1os memorables, actividades de <i data-path-to-node=\"27\" data-index-in-node=\"278\">team building<\/i> para empresas o visitas a medida, como picnics en pareja, nuestros espacios y servicios est\u00e1n pensados para hacer que cada momento sea inolvidable. Los asistentes pueden disfrutar de visitas guiadas por la bodega y vi\u00f1edos, degustaciones de vinos seleccionados y experiencias gastron\u00f3micas personalizadas, todo en un ambiente que combina el encanto r\u00fastico de la mas\u00eda con la profesionalidad de nuestro equipo. Con Ca l&#8217;Elsa, cada evento se convierte en una experiencia \u00fanica, llena de detalles y recuerdos que perduran.[\/vc_column_text][vc_empty_space height=\u00bb50px\u00bb][\/vc_column][\/vc_row]<\/p>\n<\/div>","protected":false},"excerpt":{"rendered":"<p>[vc_row full_width=\u00bbstretch_row_content\u00bb][vc_column css=\u00bb.vc_custom_1506513587124{margin-top: 0px !important;margin-right: 0px !important;margin-bottom: 0px !important;margin-left: 0px !important;padding-top: 0px !important;padding-right: 0px !important;padding-bottom: 0px !important;padding-left: 0px !important;}\u00bb][vc_single_image image=\u00bb898&#8243; img_size=\u00bbfull\u00bb alignment=\u00bbcenter\u00bb css=\u00bb.vc_custom_1506513655971{margin-top: 0px !important;margin-right: 0px<span class=\"excerpt-hellip\"> [\u2026]<\/span><\/p>\n","protected":false},"author":1,"featured_media":-1,"parent":0,"menu_order":0,"comment_status":"closed","ping_status":"closed","template":"","meta":{"footnotes":""},"class_list":["post-1205","page","type-page","status-publish","has-post-thumbnail","hentry"],"jetpack_sharing_enabled":true,"_links":{"self":[{"href":"https:\/\/eccocivi.com\/es\/wp-json\/wp\/v2\/pages\/1205","targetHints":{"allow":["GET"]}}],"collection":[{"href":"https:\/\/eccocivi.com\/es\/wp-json\/wp\/v2\/pages"}],"about":[{"href":"https:\/\/eccocivi.com\/es\/wp-json\/wp\/v2\/types\/page"}],"author":[{"embeddable":true,"href":"https:\/\/eccocivi.com\/es\/wp-json\/wp\/v2\/users\/1"}],"replies":[{"embeddable":true,"href":"https:\/\/eccocivi.com\/es\/wp-json\/wp\/v2\/comments?post=1205"}],"version-history":[{"count":3,"href":"https:\/\/eccocivi.com\/es\/wp-json\/wp\/v2\/pages\/1205\/revisions"}],"predecessor-version":[{"id":5947,"href":"https:\/\/eccocivi.com\/es\/wp-json\/wp\/v2\/pages\/1205\/revisions\/5947"}],"wp:featuredmedia":[{"embeddable":true,"href":"https:\/\/eccocivi.com\/es\/wp-json\/"}],"wp:attachment":[{"href":"https:\/\/eccocivi.com\/es\/wp-json\/wp\/v2\/media?parent=1205"}],"curies":[{"name":"wp","href":"https:\/\/api.w.org\/{rel}","templated":true}]}}