{"id":1182,"date":"2018-06-14T09:14:43","date_gmt":"2018-06-14T09:14:43","guid":{"rendered":"http:\/\/eccocivi.com\/?page_id=1182"},"modified":"2023-08-02T15:35:09","modified_gmt":"2023-08-02T15:35:09","slug":"eco-sostenibilidad","status":"publish","type":"page","link":"https:\/\/eccocivi.com\/es\/eco-sostenibilidad\/","title":{"rendered":"SOSTENIBILIDAD"},"content":{"rendered":"<div class=\"wpb-content-wrapper\"><p>[vc_row full_width=\u00bbstretch_row_content_no_spaces\u00bb][vc_column][vc_single_image image=\u00bb4225&#8243; img_size=\u00bbfull\u00bb][\/vc_column][\/vc_row][vc_row full_width=\u00bbstretch_row\u00bb css=\u00bb.vc_custom_1518080109653{background-color: #c4281d !important;}\u00bb][vc_column css=\u00bb.vc_custom_1518080130319{padding-top: 30px !important;padding-bottom: 30px !important;}\u00bb][vc_column_text]<\/p>\n<h1 style=\"text-align: center;\"><span style=\"color: #ffffff;\">Sostenibilidad<\/span><\/h1>\n<h5 style=\"font-size: 20px; padding-bottom: 10px; color: #fff; text-align: center;\"><em>Nuestra filosof\u00eda consiste en aplicar m\u00e9todos de cultivo sostenibles para asegurarnos que el vino se elabora con el m\u00e1ximo respeto por el medio ambiente.<\/em><\/h5>\n<p>[\/vc_column_text][\/vc_column][\/vc_row][vc_row full_width=\u00bbstretch_row\u00bb equal_height=\u00bbyes\u00bb][vc_column css=\u00bb.vc_custom_1517566284085{padding-top: 50px !important;padding-right: 50px !important;padding-bottom: 50px !important;padding-left: 50px !important;}\u00bb][vc_column_text]<\/p>\n<h3 style=\"text-align: center;\">Respeto por el medio ambiente<\/h3>\n<p style=\"text-align: center;\">Este principio se mantiene en cada uno de los pasos hasta el embotellado y la venta de nuestros vinos. Este compromiso por el entorno y por los m\u00e9todos de trabajo han hecho que <strong>Eccocivi haya apostado por obtener y mantener la certificaci\u00f3n CeroC02<\/strong>. El resultado es una colecci\u00f3n de vinos artesanales marcados por el entorno que nos rodea y con un estrecho v\u00ednculo al territorio.<\/p>\n<p><img loading=\"lazy\" decoding=\"async\" class=\"aligncenter wp-image-4242\" src=\"https:\/\/eccocivi.com\/wp-content\/uploads\/2021\/02\/Eccocivi-Sello-CeroCO2-Azul-2020.jpg\" alt=\"\" width=\"178\" height=\"86\" srcset=\"https:\/\/eccocivi.com\/wp-content\/uploads\/2021\/02\/Eccocivi-Sello-CeroCO2-Azul-2020.jpg 795w, https:\/\/eccocivi.com\/wp-content\/uploads\/2021\/02\/Eccocivi-Sello-CeroCO2-Azul-2020-300x144.jpg 300w, https:\/\/eccocivi.com\/wp-content\/uploads\/2021\/02\/Eccocivi-Sello-CeroCO2-Azul-2020-768x369.jpg 768w, https:\/\/eccocivi.com\/wp-content\/uploads\/2021\/02\/Eccocivi-Sello-CeroCO2-Azul-2020-260x125.jpg 260w, https:\/\/eccocivi.com\/wp-content\/uploads\/2021\/02\/Eccocivi-Sello-CeroCO2-Azul-2020-50x24.jpg 50w, https:\/\/eccocivi.com\/wp-content\/uploads\/2021\/02\/Eccocivi-Sello-CeroCO2-Azul-2020-150x72.jpg 150w, https:\/\/eccocivi.com\/wp-content\/uploads\/2021\/02\/Eccocivi-Sello-CeroCO2-Azul-2020-330x159.jpg 330w\" sizes=\"auto, (max-width:767px) 178px, 178px\" \/>[\/vc_column_text][vc_empty_space height=\u00bb15px\u00bb][vc_column_text css=\u00bb.vc_custom_1587659281403{padding-top: 15px !important;padding-right: 15px !important;padding-bottom: 15px !important;padding-left: 15px !important;}\u00bb]<\/p>\n<h5 style=\"text-align: center;\"><em>Formar\u00a0parte del Espacio de Inter\u00e9s Natural de las Gavarres tambi\u00e9n a\u00f1ade responsabilidad en el trabajo que hacemos en estas tierras, que cuidamos y preservamos para dejar un legado natural sostenible a futuras generaciones.<\/em><\/h5>\n<h5 style=\"text-align: center;\"><em>Eccocivi est\u00e1 adherido al programa de cero CO2 desde el 2009<\/em><\/h5>\n<p>[\/vc_column_text][\/vc_column][\/vc_row][vc_row full_width=\u00bbstretch_row\u00bb equal_height=\u00bbyes\u00bb parallax=\u00bbcontent-moving\u00bb parallax_image=\u00bb350&#8243; parallax_speed_bg=\u00bb1.8&#8243; css=\u00bb.vc_custom_1524565641895{padding-top: 100px !important;padding-bottom: 100px !important;}\u00bb][vc_column css=\u00bb.vc_custom_1518081285005{padding-top: 100px !important;padding-right: 100px !important;padding-bottom: 100px !important;padding-left: 100px !important;background-position: center !important;background-repeat: no-repeat !important;background-size: cover !important;}\u00bb][\/vc_column][\/vc_row]<\/p>\n<\/div>","protected":false},"excerpt":{"rendered":"<p>[vc_row full_width=\u00bbstretch_row_content_no_spaces\u00bb][vc_column][vc_single_image image=\u00bb4225&#8243; img_size=\u00bbfull\u00bb][\/vc_column][\/vc_row][vc_row full_width=\u00bbstretch_row\u00bb css=\u00bb.vc_custom_1518080109653{background-color: #c4281d !important;}\u00bb][vc_column css=\u00bb.vc_custom_1518080130319{padding-top: 30px !important;padding-bottom: 30px !important;}\u00bb][vc_column_text] Sostenibilidad Nuestra filosof\u00eda consiste en aplicar m\u00e9todos de cultivo sostenibles para asegurarnos que<span class=\"excerpt-hellip\"> [\u2026]<\/span><\/p>\n","protected":false},"author":1,"featured_media":0,"parent":0,"menu_order":0,"comment_status":"closed","ping_status":"closed","template":"","meta":{"footnotes":""},"class_list":["post-1182","page","type-page","status-publish","hentry"],"jetpack_sharing_enabled":true,"_links":{"self":[{"href":"https:\/\/eccocivi.com\/es\/wp-json\/wp\/v2\/pages\/1182","targetHints":{"allow":["GET"]}}],"collection":[{"href":"https:\/\/eccocivi.com\/es\/wp-json\/wp\/v2\/pages"}],"about":[{"href":"https:\/\/eccocivi.com\/es\/wp-json\/wp\/v2\/types\/page"}],"author":[{"embeddable":true,"href":"https:\/\/eccocivi.com\/es\/wp-json\/wp\/v2\/users\/1"}],"replies":[{"embeddable":true,"href":"https:\/\/eccocivi.com\/es\/wp-json\/wp\/v2\/comments?post=1182"}],"version-history":[{"count":0,"href":"https:\/\/eccocivi.com\/es\/wp-json\/wp\/v2\/pages\/1182\/revisions"}],"wp:attachment":[{"href":"https:\/\/eccocivi.com\/es\/wp-json\/wp\/v2\/media?parent=1182"}],"curies":[{"name":"wp","href":"https:\/\/api.w.org\/{rel}","templated":true}]}}