{"id":1176,"date":"2018-06-14T09:06:48","date_gmt":"2018-06-14T09:06:48","guid":{"rendered":"http:\/\/eccocivi.com\/?page_id=1176"},"modified":"2024-07-04T09:48:51","modified_gmt":"2024-07-04T09:48:51","slug":"el-celler","status":"publish","type":"page","link":"https:\/\/eccocivi.com\/es\/","title":{"rendered":"LA BODEGA"},"content":{"rendered":"<div class=\"wpb-content-wrapper\"><p>[vc_row full_width=\u00bbstretch_row\u00bb css=\u00bb.vc_custom_1517571097043{background-color: #c4281d !important;}\u00bb][vc_column][vc_column_text]<\/p>\n<h1 style=\"text-align: center;\"><span style=\"color: #ffffff;\">\u00a0Un poco de historia\u00a0\u00a0<\/span><\/h1>\n<p style=\"text-align: center;\"><span style=\"color: #ffffff;\"> Nuestra bodega se encuentra dentro del <strong>Espacio de Inter\u00e9s Natural de les Gavarres<\/strong>, en el municipio de Sant Mart\u00ed Vell, un pueblo que ha sabido conservar intacto su aire medieval. En esta zona la elaboraci\u00f3n del vino represent\u00f3 una actividad tradicional en tiempos pasados; nuestra bodega a querido recuperar el cultivo de la vi\u00f1a, que se consideraba totalmente perdido en la zona. Hoy en d\u00eda, nuestras cepas crecen rodeadas de bosques de pinos, encinas y alcornoques, en un entorno natural privilegiado. La bodega se construy\u00f3 entre 2007 &#8211; 2008, somos una bodega joven, pero que ha recuperado una tradici\u00f3n local ancestral y una forma de vida tradicional y respetuosa con su entorno. <\/span><\/p>\n<p>[\/vc_column_text][\/vc_column][\/vc_row][vc_row full_width=\u00bbstretch_row_content\u00bb equal_height=\u00bbyes\u00bb el_id=\u00bbel-celler\u00bb][vc_column width=\u00bb1\/2&#8243; css=\u00bb.vc_custom_1511863519891{padding-top: 100px !important;padding-right: 50px !important;padding-bottom: 100px !important;padding-left: 50px !important;background-position: center !important;background-repeat: no-repeat !important;background-size: cover !important;}\u00bb el_class=\u00bbback-fixed\u00bb][vc_row_inner css=\u00bb.vc_custom_1511863618594{margin-bottom: 0px !important;}\u00bb][vc_column_inner width=\u00bb1\/4&#8243;][\/vc_column_inner][vc_column_inner width=\u00bb1\/2&#8243; css=\u00bb.vc_custom_1691049307019{margin-bottom: 0px !important;}\u00bb][vc_column_text css=\u00bb.vc_custom_1691049298488{margin-bottom: 0px !important;}\u00bb]<\/p>\n<h1 style=\"text-align: center;\"><strong>\u00a0 \u00a0 \u00a0 \u00a0 \u00a0 \u00a0 \u00a0 \u00a0 \u00a0 \u00a0 \u00a0 \u00a0 \u00a0Bodega Eccocivi<\/strong><\/h1>\n<h5 style=\"font-size: 20px; line-height: 24px; text-align: center;\"><em>Esta bodega se ha construido integrada en el paisaje, bajo tierra y junto a una mas\u00eda <\/em><em>ancestral que da nombre a la finca y a nuestro mejor vino, <\/em>Ca l&#8217;Elsa.<\/h5>\n<p>[\/vc_column_text][\/vc_column_inner][vc_column_inner width=\u00bb1\/4&#8243;][\/vc_column_inner][\/vc_row_inner][\/vc_column][vc_column width=\u00bb1\/2&#8243; css=\u00bb.vc_custom_1511859233864{padding-top: 150px !important;padding-right: 50px !important;padding-bottom: 150px !important;padding-left: 50px !important;background-image: url(https:\/\/eccocivi.com\/wp-content\/uploads\/2017\/11\/E6A9091_1.jpg?id=321) !important;background-position: center !important;background-repeat: no-repeat !important;background-size: cover !important;}\u00bb][\/vc_column][\/vc_row][vc_row full_width=\u00bbstretch_row_content\u00bb equal_height=\u00bbyes\u00bb content_placement=\u00bbmiddle\u00bb][vc_column width=\u00bb1\/2&#8243; css=\u00bb.vc_custom_1511859242679{padding-top: 150px !important;padding-right: 50px !important;padding-bottom: 150px !important;padding-left: 50px !important;background-image: url(https:\/\/eccocivi.com\/wp-content\/uploads\/2017\/11\/20161014_125919.jpg?id=283) !important;background-position: center !important;background-repeat: no-repeat !important;background-size: cover !important;}\u00bb][\/vc_column][vc_column width=\u00bb1\/2&#8243; css=\u00bb.vc_custom_1511863775423{padding-top: 150px !important;padding-right: 50px !important;padding-bottom: 150px !important;padding-left: 50px !important;background-position: center !important;background-repeat: no-repeat !important;background-size: cover !important;}\u00bb el_class=\u00bbback-fixed-right\u00bb][vc_row_inner css=\u00bb.vc_custom_1511863747859{margin-bottom: 0px !important;}\u00bb][vc_column_inner width=\u00bb1\/4&#8243;][\/vc_column_inner][vc_column_inner width=\u00bb1\/2&#8243; css=\u00bb.vc_custom_1511863752634{margin-bottom: 0px !important;}\u00bb][vc_column_text css=\u00bb.vc_custom_1612870219815{margin-bottom: 0px !important;}\u00bb]<\/p>\n<h5 style=\"font-size: 20px; line-height: 24px; text-align: center;\"><em>Bajo una cubierta vegetal se encuentra la bodega, donde trabajamos la elaboraci\u00f3n y la crianza del vino, siempre de manera respetuosa y sostenible, con el m\u00e1ximo cuidado por el entorno humano y natural.<\/em><\/h5>\n<h5 style=\"font-size: 20px; line-height: 22px; text-align: center;\"><em>Por este motivo, Eccocivi ha apostado por obtener y mantener la certificaci\u00f3n Cero CO2.<\/em><\/h5>\n<h5 style=\"font-size: 20px; line-height: 22px; text-align: center;\"><\/h5>\n<p><img loading=\"lazy\" decoding=\"async\" class=\"aligncenter wp-image-4242\" src=\"https:\/\/eccocivi.com\/wp-content\/uploads\/2021\/02\/Eccocivi-Sello-CeroCO2-Azul-2020.jpg\" alt=\"\" width=\"178\" height=\"86\" srcset=\"https:\/\/eccocivi.com\/wp-content\/uploads\/2021\/02\/Eccocivi-Sello-CeroCO2-Azul-2020.jpg 795w, https:\/\/eccocivi.com\/wp-content\/uploads\/2021\/02\/Eccocivi-Sello-CeroCO2-Azul-2020-300x144.jpg 300w, https:\/\/eccocivi.com\/wp-content\/uploads\/2021\/02\/Eccocivi-Sello-CeroCO2-Azul-2020-768x369.jpg 768w, https:\/\/eccocivi.com\/wp-content\/uploads\/2021\/02\/Eccocivi-Sello-CeroCO2-Azul-2020-260x125.jpg 260w, https:\/\/eccocivi.com\/wp-content\/uploads\/2021\/02\/Eccocivi-Sello-CeroCO2-Azul-2020-50x24.jpg 50w, https:\/\/eccocivi.com\/wp-content\/uploads\/2021\/02\/Eccocivi-Sello-CeroCO2-Azul-2020-150x72.jpg 150w, https:\/\/eccocivi.com\/wp-content\/uploads\/2021\/02\/Eccocivi-Sello-CeroCO2-Azul-2020-330x159.jpg 330w\" sizes=\"auto, (max-width:767px) 178px, 178px\" \/>[\/vc_column_text][\/vc_column_inner][vc_column_inner width=\u00bb1\/4&#8243;][\/vc_column_inner][\/vc_row_inner][\/vc_column][\/vc_row][vc_row full_width=\u00bbstretch_row_content\u00bb equal_height=\u00bbyes\u00bb][vc_column width=\u00bb1\/2&#8243; css=\u00bb.vc_custom_1511863815592{padding-top: 150px !important;padding-right: 50px !important;padding-bottom: 150px !important;padding-left: 50px !important;background-position: center !important;background-repeat: no-repeat !important;background-size: cover !important;}\u00bb el_class=\u00bbback-fixed\u00bb][vc_row_inner css=\u00bb.vc_custom_1511863837915{margin-bottom: 0px !important;}\u00bb][vc_column_inner width=\u00bb1\/4&#8243;][\/vc_column_inner][vc_column_inner width=\u00bb1\/2&#8243; css=\u00bb.vc_custom_1511863833905{margin-bottom: 0px !important;}\u00bb][vc_column_text css=\u00bb.vc_custom_1720086306929{margin-bottom: 0px !important;}\u00bb]<\/p>\n<h5 style=\"font-size: 20px; line-height: 24px; text-align: center;\"><em>La combinaci\u00f3n de clima, tipo de suelo, la vi\u00f1a y la dedicaci\u00f3n con la que trabajamos, da como resultado una uva, que recolectada a mano y con las \u00faltimas tecnolog\u00edas, terminan por producir unos vinos de gran calidad, muy vinculados a la tierra , aromatizados por debajo bosque mediterr\u00e1neo que limita y protege los vi\u00f1edos.<br \/>\n<\/em><\/h5>\n<p>[\/vc_column_text][\/vc_column_inner][vc_column_inner width=\u00bb1\/4&#8243;][\/vc_column_inner][\/vc_row_inner][\/vc_column][vc_column width=\u00bb1\/2&#8243; css=\u00bb.vc_custom_1511860656683{padding-top: 150px !important;padding-right: 50px !important;padding-bottom: 150px !important;padding-left: 50px !important;background-image: url(https:\/\/eccocivi.com\/wp-content\/uploads\/2017\/09\/uva_chardonnay.jpg?id=154) !important;background-position: center !important;background-repeat: no-repeat !important;background-size: cover !important;}\u00bb][\/vc_column][\/vc_row][vc_row full_width=\u00bbstretch_row\u00bb css=\u00bb.vc_custom_1517571103785{background-color: #c4281d !important;}\u00bb][vc_column css=\u00bb.vc_custom_1511864187567{padding-top: 20px !important;}\u00bb][vc_column_text css=\u00bb.vc_custom_1720086496768{margin-bottom: 20px !important;}\u00bb]<\/p>\n<h5 style=\"text-align: center; font-size: 22px; line-height: 28px;\"><span style=\"color: #ffffff;\"><strong>El proyecto arquitect\u00f3nico, su fusi\u00f3n con el entorno y la tradici\u00f3n ya de por s\u00ed se merecen una visita, pero adem\u00e1s ofrecemos a nuestros visitantes diferentes opciones para descubrir nuestros vinos<\/strong><\/span><\/h5>\n<p style=\"text-align: center;\"><span style=\"color: #ffffff;\"><strong><a style=\"color: #ffffff;\" href=\"\/?page_id=1205\">&#8211; Propuestas de enoturismo &#8211;<\/a><\/strong><\/span><\/p>\n<p>[\/vc_column_text][\/vc_column][\/vc_row][vc_row css=\u00bb.vc_custom_1511864724678{margin-bottom: 0px !important;padding-bottom: 0px !important;}\u00bb][vc_column][vc_column_text]<\/p>\n<h1 style=\"text-align: center;\"><strong>Nuestros vinos<\/strong><\/h1>\n<p>[\/vc_column_text][\/vc_column][\/vc_row][vc_row full_width=\u00bbstretch_row_content\u00bb css=\u00bb.vc_custom_1511864761052{margin-top: 0px !important;padding-top: 50px !important;padding-bottom: 50px !important;}\u00bb el_class=\u00bbllista-vins\u00bb][vc_column width=\u00bb2\/12&#8243;][\/vc_column][vc_column width=\u00bb1\/12&#8243;][vc_single_image image=\u00bb5560&#8243; img_size=\u00bbfull\u00bb alignment=\u00bbcenter\u00bb onclick=\u00bbcustom_link\u00bb img_link_target=\u00bb_blank\u00bb css=\u00bb.vc_custom_1690989948979{margin-top: -15px !important;}\u00bb link=\u00bbhttps:\/\/eccocivi.com\/es\/los-vinos\/vi-naturalment-dolc\/\u00bb][vc_column_text css=\u00bb.vc_custom_1690381906098{margin-top: -30px !important;margin-bottom: 10px !important;}\u00bb]<\/p>\n<p style=\"text-align: center;\"><strong>Vi Naturalment Dol\u00e7<\/strong><\/p>\n<p>[\/vc_column_text][\/vc_column][vc_column width=\u00bb1\/12&#8243;][vc_single_image image=\u00bb5342&#8243; img_size=\u00bbfull\u00bb alignment=\u00bbcenter\u00bb onclick=\u00bbcustom_link\u00bb img_link_target=\u00bb_blank\u00bb css=\u00bb.vc_custom_1690381987939{margin-bottom: 0px !important;}\u00bb link=\u00bbhttps:\/\/eccocivi.com\/es\/los-vinos\/ca-lelsa\/\u00bb][vc_column_text css=\u00bb.vc_custom_1665756330814{margin-bottom: 10px !important;}\u00bb]<\/p>\n<p style=\"text-align: center;\"><strong>Ca l&#8217;Elsa<\/strong><\/p>\n<p>[\/vc_column_text][\/vc_column][vc_column width=\u00bb1\/12&#8243;][vc_single_image image=\u00bb5345&#8243; img_size=\u00bbfull\u00bb alignment=\u00bbcenter\u00bb onclick=\u00bbcustom_link\u00bb img_link_target=\u00bb_blank\u00bb css=\u00bb.vc_custom_1690382197305{margin-bottom: 0px !important;}\u00bb link=\u00bbhttps:\/\/eccocivi.com\/es\/los-vinos\/can-noves-2016\/\u00bb][vc_column_text css=\u00bb.vc_custom_1665756339379{margin-bottom: 10px !important;}\u00bb]<\/p>\n<p style=\"text-align: center;\"><strong>Can Noves Negre<\/strong><\/p>\n<p>[\/vc_column_text][\/vc_column][vc_column width=\u00bb1\/12&#8243;][vc_single_image image=\u00bb5348&#8243; img_size=\u00bbfull\u00bb alignment=\u00bbcenter\u00bb onclick=\u00bbcustom_link\u00bb img_link_target=\u00bb_blank\u00bb css=\u00bb.vc_custom_1690382254217{margin-bottom: 0px !important;}\u00bb link=\u00bbhttps:\/\/eccocivi.com\/es\/los-vinos\/can-noves-blanc-2019\/\u00bb][vc_column_text css=\u00bb.vc_custom_1665756347063{margin-bottom: 10px !important;}\u00bb]<\/p>\n<p style=\"text-align: center;\"><strong>Can Noves Blanc<\/strong><\/p>\n<p>[\/vc_column_text][\/vc_column][vc_column width=\u00bb1\/12&#8243;][vc_single_image image=\u00bb5351&#8243; img_size=\u00bbfull\u00bb alignment=\u00bbcenter\u00bb onclick=\u00bbcustom_link\u00bb img_link_target=\u00bb_blank\u00bb css=\u00bb.vc_custom_1690382702255{margin-bottom: 0px !important;}\u00bb link=\u00bbhttps:\/\/eccocivi.com\/es\/los-vinos\/montrodo-blanc-2021\/\u00bb][vc_column_text css=\u00bb.vc_custom_1665756354387{margin-bottom: 10px !important;}\u00bb]<\/p>\n<p style=\"text-align: center;\"><strong>Montrod\u00f3 Blanc<\/strong><\/p>\n<p>[\/vc_column_text][\/vc_column][vc_column width=\u00bb1\/12&#8243;][vc_single_image image=\u00bb5354&#8243; img_size=\u00bbfull\u00bb alignment=\u00bbcenter\u00bb onclick=\u00bbcustom_link\u00bb img_link_target=\u00bb_blank\u00bb css=\u00bb.vc_custom_1690382320348{margin-bottom: 0px !important;}\u00bb link=\u00bbhttps:\/\/eccocivi.com\/es\/los-vinos\/montrodo-rosat-2020\/\u00bb][vc_column_text css=\u00bb.vc_custom_1665756360745{margin-bottom: 10px !important;}\u00bb]<\/p>\n<p style=\"text-align: center;\"><strong>Montrod\u00f3 Rosat<\/strong><\/p>\n<p>[\/vc_column_text][\/vc_column][vc_column width=\u00bb1\/12&#8243;][vc_single_image image=\u00bb5357&#8243; img_size=\u00bbfull\u00bb alignment=\u00bbcenter\u00bb onclick=\u00bbcustom_link\u00bb img_link_target=\u00bb_blank\u00bb css=\u00bb.vc_custom_1690382852015{margin-bottom: 0px !important;}\u00bb link=\u00bbhttps:\/\/eccocivi.com\/es\/los-vinos\/montrodo-negre-2020\/\u00bb][vc_column_text css=\u00bb.vc_custom_1665756369366{margin-bottom: 10px !important;}\u00bb]<\/p>\n<p style=\"text-align: center;\"><strong>Montrod\u00f3 Negre<\/strong><\/p>\n<p>[\/vc_column_text][\/vc_column][vc_column width=\u00bb2\/12&#8243;][\/vc_column][\/vc_row]<\/p>\n<\/div>","protected":false},"excerpt":{"rendered":"<p>[vc_row full_width=\u00bbstretch_row\u00bb css=\u00bb.vc_custom_1517571097043{background-color: #c4281d !important;}\u00bb][vc_column][vc_column_text] \u00a0Un poco de historia\u00a0\u00a0 Nuestra bodega se encuentra dentro del Espacio de Inter\u00e9s Natural de les Gavarres, en el municipio de<span class=\"excerpt-hellip\"> [\u2026]<\/span><\/p>\n","protected":false},"author":1,"featured_media":0,"parent":0,"menu_order":0,"comment_status":"closed","ping_status":"closed","template":"","meta":{"footnotes":""},"class_list":["post-1176","page","type-page","status-publish","hentry"],"jetpack_sharing_enabled":true,"_links":{"self":[{"href":"https:\/\/eccocivi.com\/es\/wp-json\/wp\/v2\/pages\/1176","targetHints":{"allow":["GET"]}}],"collection":[{"href":"https:\/\/eccocivi.com\/es\/wp-json\/wp\/v2\/pages"}],"about":[{"href":"https:\/\/eccocivi.com\/es\/wp-json\/wp\/v2\/types\/page"}],"author":[{"embeddable":true,"href":"https:\/\/eccocivi.com\/es\/wp-json\/wp\/v2\/users\/1"}],"replies":[{"embeddable":true,"href":"https:\/\/eccocivi.com\/es\/wp-json\/wp\/v2\/comments?post=1176"}],"version-history":[{"count":0,"href":"https:\/\/eccocivi.com\/es\/wp-json\/wp\/v2\/pages\/1176\/revisions"}],"wp:attachment":[{"href":"https:\/\/eccocivi.com\/es\/wp-json\/wp\/v2\/media?parent=1176"}],"curies":[{"name":"wp","href":"https:\/\/api.w.org\/{rel}","templated":true}]}}