{"id":1310,"date":"2018-06-14T14:48:48","date_gmt":"2018-06-14T14:48:48","guid":{"rendered":"http:\/\/eccocivi.com\/?page_id=1310"},"modified":"2018-06-14T14:53:11","modified_gmt":"2018-06-14T14:53:11","slug":"privacy-policy","status":"publish","type":"page","link":"https:\/\/eccocivi.com\/en\/privacy-policy\/","title":{"rendered":"Privacy policy"},"content":{"rendered":"<div class=\"wpb-content-wrapper\"><p>[vc_row][vc_column][vc_column_text]<\/p>\n<h1><span style=\"color: #c4281d;\">Privacy policy and data protection policy<\/span><\/h1>\n<p>[\/vc_column_text][\/vc_column][\/vc_row][vc_row][vc_column][vc_column_text]ECCOCIWINE SL<span class=\"Apple-converted-space\">\u00a0 <\/span>respeta y protege la privacidad de los datos personales<span class=\"Apple-converted-space\">\u00a0 <\/span>de sus usuarios<span class=\"Apple-converted-space\">\u00a0 <\/span>y de terceros que acceden por nuestra plataforma. Para nosotros garantizar la seguridad y confidencialidad de sus datos es una prioridad, queremos que est\u00e9 informado de todos aquellos aspectos que le puedan afectar: POR FAVOR<span class=\"Apple-converted-space\">\u00a0 <\/span>lea esta pol\u00edtica de privacidad<span class=\"Apple-converted-space\">\u00a0 <\/span>antes de registrarse en nuestra p\u00e1gina, y ante cualquier duda nos encontrar\u00e1 en <a href=\"mailto:info@eccociwine.com\">info@eccociwine.com<\/a>.<\/p>\n<p>ECCOCIWINE SL<span class=\"Apple-converted-space\">\u00a0 <\/span>certifica que ha implementado las medidas t\u00e9cnicas<span class=\"Apple-converted-space\">\u00a0 <\/span>y organizativas<span class=\"Apple-converted-space\">\u00a0 <\/span>de acuerdo con lo establecido en la legislaci\u00f3n aplicable en materia de protecci\u00f3n de datos<span class=\"Apple-converted-space\">\u00a0 <\/span>en concreto el Reglamento 2016\/679 del Parlamento Europeo y del consejo de<span class=\"Apple-converted-space\">\u00a0 <\/span>27 de abril de 2016 para evitar la p\u00e9rdida, mal uso, alteraci\u00f3n, acceso no autorizado y robo de los datos personales facilitados, teniendo en cuenta el estado de la tecnolog\u00eda, la naturaleza de los datos<span class=\"Apple-converted-space\">\u00a0 <\/span>y los riesgos<span class=\"Apple-converted-space\">\u00a0 <\/span>a los que est\u00e1n expuestas. En concreto se informa<span class=\"Apple-converted-space\">\u00a0 <\/span>al interesado que sus datos solo podr\u00e1n tratarse<span class=\"Apple-converted-space\">\u00a0 <\/span>cuando su tratamiento sea el adecuado, pertinente y no excesivo en relaci\u00f3n al \u00e1mbito<span class=\"Apple-converted-space\">\u00a0 <\/span>y las finalidades determinadas, explicitas<span class=\"Apple-converted-space\">\u00a0 <\/span>y legitimas para las que se han obtenido.<span class=\"Apple-converted-space\">\u00a0<\/span><\/p>\n<p><b>1.-INFORMACI\u00d3N<span class=\"Apple-converted-space\">\u00a0 <\/span>B\u00c1SICA SOBRE EL TRATAMIENTO DE SUS DATOS<span class=\"Apple-converted-space\">\u00a0<\/span><\/b><\/p>\n<table cellspacing=\"0\" cellpadding=\"0\">\n<tbody>\n<tr>\n<td valign=\"top\"><b>Responsable del tratamiento<span class=\"Apple-converted-space\">\u00a0<\/span><\/b><\/td>\n<td valign=\"top\">ECCOCIWINE SL<span class=\"Apple-converted-space\">\u00a0<\/span>C\/ Paratge Montrod\u00f3 n\u00ba 317462 Sant Mart\u00ed Vell<\/td>\n<\/tr>\n<tr>\n<td valign=\"top\"><b>CIF<\/b><\/td>\n<td valign=\"top\">B17536764<\/td>\n<\/tr>\n<tr>\n<td valign=\"top\"><b>Finalidades<span class=\"Apple-converted-space\">\u00a0 <\/span>principales del tratamiento<\/b><\/td>\n<td valign=\"top\">-Gestionar<span class=\"Apple-converted-space\">\u00a0 <\/span>su registro como usuario<span class=\"Apple-converted-space\">\u00a0 <\/span>en la plataforma-Ofrecerle informaci\u00f3n de nuestros Servicios y de empresas relacionadas.-Gestionar la inscripci\u00f3n, asistencia, y participaci\u00f3n en eventos.<\/td>\n<\/tr>\n<tr>\n<td valign=\"top\"><b>Bases Legitimadoras del tratamiento<span class=\"Apple-converted-space\">\u00a0<\/span><\/b><\/td>\n<td valign=\"top\">-Ejecuci\u00f3n del contrato de prestaci\u00f3n de servicios.-Consentimiento.-Cumplimiento de obligaciones legales.<span class=\"Apple-converted-space\">\u00a0<\/span><\/td>\n<\/tr>\n<tr>\n<td valign=\"top\"><b>Destinatarios principales<span class=\"Apple-converted-space\">\u00a0<\/span><\/b><\/td>\n<td valign=\"top\">-ECCOCIWINE SL<span class=\"Apple-converted-space\">\u00a0 <\/span>y empresas relacionadas<span class=\"Apple-converted-space\">\u00a0 <\/span>con la misma finalidad.<\/td>\n<\/tr>\n<tr>\n<td valign=\"top\"><b>Derechos<span class=\"Apple-converted-space\">\u00a0<\/span><\/b><\/td>\n<td valign=\"top\">-acceso, rectificaci\u00f3n, cancelaci\u00f3n, oposici\u00f3n y portabilidad.<span class=\"Apple-converted-space\">\u00a0<\/span>-revocaci\u00f3n del consentimiento prestado.<\/td>\n<\/tr>\n<tr>\n<td valign=\"top\"><b>Procedencia<span class=\"Apple-converted-space\">\u00a0<\/span><\/b><\/td>\n<td valign=\"top\">-Facilitados<span class=\"Apple-converted-space\">\u00a0 <\/span>por su titular.-Facilitados por<span class=\"Apple-converted-space\">\u00a0 <\/span>su navegaci\u00f3n en nuestra plataforma (internet).<span class=\"Apple-converted-space\">\u00a0<\/span><\/td>\n<\/tr>\n<tr>\n<td valign=\"top\"><b>Transferencias Internacionales de Datos<\/b><\/td>\n<td valign=\"top\">-No est\u00e1n previstas<\/td>\n<\/tr>\n<tr>\n<td valign=\"top\"><b>Delegado protecci\u00f3n de Datos<\/b><\/td>\n<td valign=\"top\">-No procede.<\/td>\n<\/tr>\n<\/tbody>\n<\/table>\n<p><b>2.-<\/b><b>Ampliaci\u00f3n<span class=\"Apple-converted-space\">\u00a0 <\/span>informaci\u00f3n b\u00e1sica del Responsable del Tratamiento<span class=\"Apple-converted-space\">\u00a0<\/span><\/b><\/p>\n<p>ECCOCIWINE SL <span class=\"Apple-converted-space\">\u00a0 <\/span>est\u00e1 domiciliada en Sant Mart\u00ed<span class=\"Apple-converted-space\">\u00a0 <\/span>Vell (17462), Paratge Mont-Rod\u00f3<span class=\"Apple-converted-space\">\u00a0 <\/span>n\u00ba 3. Para cualquier<span class=\"Apple-converted-space\">\u00a0 <\/span>comentario y\/o incidencia<span class=\"Apple-converted-space\">\u00a0 <\/span>relativa a<span class=\"Apple-converted-space\">\u00a0 <\/span>esta<span class=\"Apple-converted-space\">\u00a0 <\/span>pol\u00edtica de privacidad puede contactar con nuestra empresa mediante mail dirigido al correo <a href=\"mailto:info@eccociwine.com\">info@eccociwine.com<\/a><span class=\"Apple-converted-space\">\u00a0 <\/span>o bien llamando al tel\u00e9fono<span class=\"Apple-converted-space\">\u00a0 <\/span>872 000 015 .<\/p>\n<p>Para conocer el coste de la<span class=\"Apple-converted-space\">\u00a0 <\/span>llamada desde<span class=\"Apple-converted-space\">\u00a0 <\/span>una red fija\/m\u00f3vil debes consultar con tu operador.<\/p>\n<p><b>3.- Categor\u00edas de datos<span class=\"Apple-converted-space\">\u00a0 <\/span>que<span class=\"Apple-converted-space\">\u00a0 <\/span>tratamos.<span class=\"Apple-converted-space\">\u00a0<\/span><\/b><\/p>\n<p>Por lo tanto, cuando<span class=\"Apple-converted-space\">\u00a0 <\/span>usted se registre en EccociWine a trav\u00e9s de la plataforma<span class=\"Apple-converted-space\">\u00a0 <\/span><a href=\"https:\/\/eccocivi.com\">https:\/\/eccocivi.com<\/a><span class=\"Apple-converted-space\">\u00a0 <\/span>vamos a pedirle y recoger<span class=\"Apple-converted-space\">\u00a0 <\/span>\u00fanicamente aquellos datos que sean necesarios para atender las finalidades de tratamiento<span class=\"Apple-converted-space\">\u00a0 <\/span>y que son:<span class=\"Apple-converted-space\">\u00a0 \u00a0<\/span><\/p>\n<p><b>Datos de identificaci\u00f3n:<\/b> Nombre y apellidos, tel\u00e9fono, direcci\u00f3n<span class=\"Apple-converted-space\">\u00a0 <\/span>de correo electr\u00f3nico, y aquellos que<span class=\"Apple-converted-space\">\u00a0 <\/span>en cada caso concreto sean necesarios para la<span class=\"Apple-converted-space\">\u00a0 <\/span>prestaci\u00f3n de los servicios<\/p>\n<p><b>4.- \u00bfCon qu\u00e9 fines tratamos sus datos?<\/b><\/p>\n<p>ECCOCIWINE SL<span class=\"Apple-converted-space\">\u00a0 <\/span>trata los datos<span class=\"Apple-converted-space\">\u00a0 <\/span>por usted facilitados<span class=\"Apple-converted-space\">\u00a0 <\/span>para garantizar la correcta gesti\u00f3n de los servicios proporcionados a trav\u00e9s de nuestra web <a href=\"https:\/\/eccocivi.com\">https:\/\/eccocivi.com<\/a> . Tambi\u00e9n queremos mantenerle informado en todo momento de nuestros productos y servicios, siempre y cuando usted nos autorice para ello. Le informamos que siempre podr\u00e1 retirarnos el consentimiento prestado, contactando con nosotros en <a href=\"mailto:info@eccociwine.com\">info@eccociwine.com<\/a>.<\/p>\n<p><b>5.-Bases legitimadoras<span class=\"Apple-converted-space\">\u00a0 <\/span>para<span class=\"Apple-converted-space\">\u00a0 <\/span>el tratamiento de sus datos<span class=\"Apple-converted-space\">\u00a0<\/span><\/b><\/p>\n<p>Para el alta y registro del<span class=\"Apple-converted-space\">\u00a0 <\/span>usuario<span class=\"Apple-converted-space\">\u00a0 <\/span>en la plataforma <a href=\"https:\/\/eccocivi.com\">https:\/\/eccocivi.com<\/a> la base legitimadora es<span class=\"Apple-converted-space\">\u00a0 <\/span>el consentimiento del interesado que se solicita en cada caso.<span class=\"Apple-converted-space\">\u00a0<\/span><\/p>\n<p>Para la remisi\u00f3n de informaci\u00f3n de car\u00e1cter comercial y\/o promocional de nuestros servicios o de empresas afines<span class=\"Apple-converted-space\">\u00a0 <\/span>la base legitimadora es el inter\u00e9s leg\u00edtimo de la empresa<span class=\"Apple-converted-space\">\u00a0 <\/span>para<span class=\"Apple-converted-space\">\u00a0 <\/span>llevar a cabo dichos tratamientos<span class=\"Apple-converted-space\">\u00a0 <\/span>de acuerdo con la normativa vigente, y su consentimiento.<\/p>\n<p><b>6.-Destinatarios de los datos<\/b><\/p>\n<p>EccoCIWINE SL y personal autorizado<span class=\"Apple-converted-space\">\u00a0 <\/span>es la \u00fanica destinataria de sus datos.<\/p>\n<p><b>7.-Plazo de conservaci\u00f3n de los datos<\/b><\/p>\n<p>ECCOCIWINE SL <span class=\"Apple-converted-space\">\u00a0 <\/span>le<span class=\"Apple-converted-space\">\u00a0 <\/span>informa<span class=\"Apple-converted-space\">\u00a0 <\/span>que sus datos personales ser\u00e1n conservados durante el tiempo estrictamente necesario para las finalidades del tratamiento para cuyo uso hayan sido solicitados y proporcionados, siempre que el Usuario no haya revocado su consentimiento y, en todo caso, siguiendo como criterio el principio de minimizaci\u00f3n de datos contemplado en la normativa aplicable.<\/p>\n<p>En consecuencia, cuando su uso no sea necesario, los datos personales ser\u00e1n bloqueados quedando s\u00f3lo a disposici\u00f3n de las autoridades competentes durante el tiempo y a los efectos legales establecidos en la normativa aplicable. Transcurrido este plazo se proceder\u00e1 a la eliminaci\u00f3n de los mismos.<\/p>\n<p><b>8.-Derechos que le asisten<span class=\"Apple-converted-space\">\u00a0<\/span><\/b><\/p>\n<p>Para<span class=\"Apple-converted-space\">\u00a0 <\/span>el ejercicio de sus derechos debe dirigirse al Responsable del Tratamiento seg\u00fan datos punto 1. Se trata de un procedimiento<span class=\"Apple-converted-space\">\u00a0 <\/span>gratuito y debe<span class=\"Apple-converted-space\">\u00a0 <\/span>ir acompa\u00f1ado siempre de documento acreditativo de<span class=\"Apple-converted-space\">\u00a0 <\/span>su identidad.<span class=\"Apple-converted-space\">\u00a0<\/span><\/p>\n<p><b>Derecho de acceso<\/b>: Es<span class=\"Apple-converted-space\">\u00a0 <\/span>el derecho a<span class=\"Apple-converted-space\">\u00a0 <\/span>recibir informaci\u00f3n de los datos personales que son objeto de tratamiento, as\u00ed como tambi\u00e9n conocer su finalidad , el<span class=\"Apple-converted-space\">\u00a0 <\/span>plazo de conservaci\u00f3n y la posibilidad de ejercer los siguientes derechos :<span class=\"Apple-converted-space\">\u00a0<\/span><\/p>\n<p><b>Derecho de rectificaci\u00f3n<span class=\"Apple-converted-space\">\u00a0 <\/span>y supresi\u00f3n<\/b>: Tiene derecho a<span class=\"Apple-converted-space\">\u00a0 <\/span>rectificar los datos que sean inexactos<span class=\"Apple-converted-space\">\u00a0 <\/span>o completar aquellos que sean incompletos. Tiene derecho a la supresi\u00f3n o el derecho al olvido cuando exista un tratamiento il\u00edcito de sus datos<span class=\"Apple-converted-space\">\u00a0 <\/span>o no exista<span class=\"Apple-converted-space\">\u00a0 <\/span>relaci\u00f3n o motivo<span class=\"Apple-converted-space\">\u00a0 <\/span>para su recogida con las excepciones<span class=\"Apple-converted-space\">\u00a0 <\/span>previstas en la Ley.<\/p>\n<p><b>Derecho a la Limitaci\u00f3n en su tratamiento<\/b>: El tratamiento de sus datos se suspende <span class=\"Apple-converted-space\">\u00a0 <\/span>cuando se est\u00e9 verificando la legalidad de su recogida o bien el responsable ya<span class=\"Apple-converted-space\">\u00a0 <\/span>no necesita su conservaci\u00f3n.<\/p>\n<p><b>Portabilidad<\/b>: Usted<span class=\"Apple-converted-space\">\u00a0 <\/span>podr\u00e1 solicitarnos la entrega de sus datos en un formato estructurado y de uso com\u00fan para poder transmitirlo a un tercero autorizado.<\/p>\n<p><b>Oposici\u00f3n<\/b>: Podr\u00e1 oponerse al tratamiento de sus datos cuando por situaciones personales, se acredite un inter\u00e9s leg\u00edtimo para ejercer o defender reclamaciones y cuando aqu\u00e9llos sean objeto de operaciones de m\u00e1rqueting directo.<span class=\"Apple-converted-space\">\u00a0<\/span><\/p>\n<p><b>9.-\u00bfQu\u00e9 medidas de seguridad implantamos para cuidar sus datos?<\/b><\/p>\n<p>ECCOCIWINE SL<span class=\"Apple-converted-space\">\u00a0 <\/span>tratar\u00e1 los datos en todo momento de forma absolutamente confidencial y guardando el preceptivo deber de secreto respecto de los mismos, de conformidad con lo previsto en la normativa de aplicaci\u00f3n, adoptando al efecto las medidas de \u00edndole t\u00e9cnica y organizativas necesarias que garanticen la seguridad de sus datos y eviten su alteraci\u00f3n, p\u00e9rdida, tratamiento o acceso no autorizado, habida cuenta del estado de<b> <\/b>la tecnolog\u00eda, la naturaleza de los datos almacenados y los riesgos a que est\u00e1n expuestos.<\/p>\n<p>En particular, adoptar\u00e1 las pertinentes y obligatorias medidas establecidas en la normativa de Protecci\u00f3n de Datos de Car\u00e1cter Personal, en particular:<\/p>\n<ul>\n<li>Funciones y obligaciones de personal<\/li>\n<li>Registro de eventos<\/li>\n<li>Gesti\u00f3n de soportes y documentos<\/li>\n<li>Control de Acceso<\/li>\n<li>Identificaci\u00f3n y autenticaci\u00f3n<\/li>\n<li>Copia de seguridad y recuperaci\u00f3n<\/li>\n<\/ul>\n<p>Sin embargo, en otros casos, ECCOCIWINE SL<span class=\"Apple-converted-space\">\u00a0 <\/span>adoptar\u00e1 las medidas necesarias y obligatorias de acuerdo con las normativas locales.<\/p>\n<p>La documentaci\u00f3n estar\u00e1 disponible a petici\u00f3n del Usuario o Cliente.<\/p>\n<p><b>10.-Cambios en la pol\u00edtica de privacidad<\/b><\/p>\n<p>ECCOCIWINE SL<span class=\"Apple-converted-space\">\u00a0 <\/span>se reserva el derecho a modificar la presente Pol\u00edtica de Privacidad a fin de adaptarla a las novedades legislativas que fueran procedentes. En dichos supuestos, anunciar\u00e1 en el Sitio Web los cambios introducidos con una antelaci\u00f3n razonable a la de su puesta en pr\u00e1ctica.<\/p>\n<p>\u00daltima actualizaci\u00f3n: 15<span class=\"Apple-converted-space\">\u00a0 <\/span>de mayo de 2018<span class=\"Apple-converted-space\">\u00a0<\/span>[\/vc_column_text][\/vc_column][\/vc_row]<\/p>\n<\/div>","protected":false},"excerpt":{"rendered":"<p>[vc_row][vc_column][vc_column_text] Privacy policy and data protection policy [\/vc_column_text][\/vc_column][\/vc_row][vc_row][vc_column][vc_column_text]ECCOCIWINE SL\u00a0 respeta y protege la privacidad de los datos personales\u00a0 de sus usuarios\u00a0 y de terceros que acceden<span class=\"excerpt-hellip\"> [\u2026]<\/span><\/p>\n","protected":false},"author":1,"featured_media":0,"parent":0,"menu_order":0,"comment_status":"closed","ping_status":"closed","template":"","meta":{"footnotes":""},"class_list":["post-1310","page","type-page","status-publish","hentry"],"jetpack_sharing_enabled":true,"_links":{"self":[{"href":"https:\/\/eccocivi.com\/en\/wp-json\/wp\/v2\/pages\/1310","targetHints":{"allow":["GET"]}}],"collection":[{"href":"https:\/\/eccocivi.com\/en\/wp-json\/wp\/v2\/pages"}],"about":[{"href":"https:\/\/eccocivi.com\/en\/wp-json\/wp\/v2\/types\/page"}],"author":[{"embeddable":true,"href":"https:\/\/eccocivi.com\/en\/wp-json\/wp\/v2\/users\/1"}],"replies":[{"embeddable":true,"href":"https:\/\/eccocivi.com\/en\/wp-json\/wp\/v2\/comments?post=1310"}],"version-history":[{"count":0,"href":"https:\/\/eccocivi.com\/en\/wp-json\/wp\/v2\/pages\/1310\/revisions"}],"wp:attachment":[{"href":"https:\/\/eccocivi.com\/en\/wp-json\/wp\/v2\/media?parent=1310"}],"curies":[{"name":"wp","href":"https:\/\/api.w.org\/{rel}","templated":true}]}}